{"id":5796,"date":"2021-09-22T15:37:20","date_gmt":"2021-09-22T20:37:20","guid":{"rendered":"https:\/\/www.tamaulipas.gob.mx\/proteccioncivil\/?page_id=5796"},"modified":"2023-03-10T15:10:04","modified_gmt":"2023-03-10T21:10:04","slug":"certificacion-de-programas-internos","status":"publish","type":"page","link":"https:\/\/www.tamaulipas.gob.mx\/proteccioncivil\/certificacion-de-programas-internos\/","title":{"rendered":"CERTIFICACI\u00d3N DE PROGRAMAS INTERNOS"},"content":{"rendered":"<h4>Descripci\u00f3n<\/h4>\n<div class=\"description\">Este tr\u00e1mite permite a la empresa validar el cumplimiento de todas las medidas de seguridad inherentes a los riesgos generados en la fase de operaci\u00f3n de la empresa.<\/div>\n<h4>Dependencia<\/h4>\n<div class=\"description\">Secretar\u00eda General de Gobierno \/ Coordinaci\u00f3n General de Protecci\u00f3n Civil<\/div>\n<h4>Tipo de Tr\u00e1mite<\/h4>\n<div class=\"description\">Obligaci\u00f3n<\/div>\n<h4>Clasificaci\u00f3n<\/h4>\n<div class=\"description\">Seguridad<\/div>\n<h4>Impacto<\/h4>\n<div class=\"description\">Empresarial<\/div>\n<h4>Municipio<\/h4>\n<p>Ciudad Victoria<\/p>\n<h4>Domicilio<\/h4>\n<div id=\"muestra_domicilio\">\n<div>\n<div class=\"description\">Direcci\u00f3n: Avenida 77 Batall\u00f3n de Infanter\u00eda SN, Luis Donaldo Colosio, 87014 Cd Victoria, Tamps.<\/div>\n<\/div>\n<h3>Informaci\u00f3n de Contacto<\/h3>\n<div class=\"table-responsive\">\n<table class=\"table\">\n<thead>\n<tr>\n<th><strong>\u00c1rea<\/strong><\/th>\n<th><strong>Responsable \/ Tel\u00e9fonos\/Fax<\/strong><\/th>\n<th><strong>email<\/strong><\/th>\n<\/tr>\n<\/thead>\n<tbody>\n<tr>\n<td>Coordinaci\u00f3n Estatal de Protecci\u00f3n Civil<\/td>\n<td>T.U.M. Luis Gerardo Gonz\u00e1lez de la Fuente<br \/>\nTel. (52-834) 171 92 97<\/td>\n<td>proteccioncivil@tamaulipas.gob.mx<\/td>\n<\/tr>\n<\/tbody>\n<\/table>\n<\/div>\n<\/div>\n","protected":false},"excerpt":{"rendered":"<p>Descripci\u00f3n Este tr\u00e1mite permite a la empresa validar el cumplimiento de todas las medidas de seguridad inherentes a los riesgos generados en la fase de\u2026<\/p>\n","protected":false},"author":64,"featured_media":0,"parent":0,"menu_order":0,"comment_status":"closed","ping_status":"closed","template":"","meta":{"footnotes":""},"class_list":["post-5796","page","type-page","status-publish","hentry"],"publishpress_future_action":{"enabled":false,"date":"2026-04-28 12:54:05","action":"change-status","newStatus":"draft","terms":[],"taxonomy":""},"_links":{"self":[{"href":"https:\/\/www.tamaulipas.gob.mx\/proteccioncivil\/wp-json\/wp\/v2\/pages\/5796"}],"collection":[{"href":"https:\/\/www.tamaulipas.gob.mx\/proteccioncivil\/wp-json\/wp\/v2\/pages"}],"about":[{"href":"https:\/\/www.tamaulipas.gob.mx\/proteccioncivil\/wp-json\/wp\/v2\/types\/page"}],"author":[{"embeddable":true,"href":"https:\/\/www.tamaulipas.gob.mx\/proteccioncivil\/wp-json\/wp\/v2\/users\/64"}],"replies":[{"embeddable":true,"href":"https:\/\/www.tamaulipas.gob.mx\/proteccioncivil\/wp-json\/wp\/v2\/comments?post=5796"}],"version-history":[{"count":4,"href":"https:\/\/www.tamaulipas.gob.mx\/proteccioncivil\/wp-json\/wp\/v2\/pages\/5796\/revisions"}],"predecessor-version":[{"id":6015,"href":"https:\/\/www.tamaulipas.gob.mx\/proteccioncivil\/wp-json\/wp\/v2\/pages\/5796\/revisions\/6015"}],"wp:attachment":[{"href":"https:\/\/www.tamaulipas.gob.mx\/proteccioncivil\/wp-json\/wp\/v2\/media?parent=5796"}],"curies":[{"name":"wp","href":"https:\/\/api.w.org\/{rel}","templated":true}]}}