{"id":5766,"date":"2021-09-14T14:01:06","date_gmt":"2021-09-14T19:01:06","guid":{"rendered":"https:\/\/www.tamaulipas.gob.mx\/proteccioncivil\/?page_id=5766"},"modified":"2023-03-13T11:21:36","modified_gmt":"2023-03-13T17:21:36","slug":"requisitos-2","status":"publish","type":"page","link":"https:\/\/www.tamaulipas.gob.mx\/proteccioncivil\/requisitos-2\/","title":{"rendered":"Requisitos"},"content":{"rendered":"<div id=\"tabs\">\n<div class=\"tab-content\">\n<div id=\"tabs-1\" class=\"tab-pane active\">\n<div class=\"row\"><label class=\"col-sm-2 col-md-2 col-xs-12\"><b>Usuario<\/b><\/label><label class=\"col-sm-4 col-md-4 col-xs-12\"><b>Costo<\/b><\/label><label class=\"col-sm-6 col-md-6 col-xs-12\"><b>Requisitos<\/b><\/label><\/div>\n<div class=\"row\">\n<div class=\"col-sm-2 col-md-2 col-xs-12 fs12\">Personas f\u00edsicas y morales<\/div>\n<div class=\"col-sm-4 col-md-4 col-xs-12 fs12\">$3,112.00 hasta $31,122.00 Equivalente 30-300 UMAS.<\/div>\n<div class=\"col-sm-6 col-md-6 col-xs-12 fs12\">Presentar escrito libre (solicitud) Presentar Programa y\/o Plan de Contingencia especifico de protecci\u00f3n civil (documento) Fase Construcci\u00f3n.<\/div>\n<\/div>\n<div class=\"row\">\n<p><label class=\"col-sm-2 col-md-3 col-xs-12 renglonHigh\"><b>Formas de Pago :<\/b><\/label><\/p>\n<div class=\"col-sm-10 col-md-9 col-xs-12 fs12\">Efectivo, pago en L\u00ednea<\/div>\n<\/div>\n<div class=\"row\">\n<p><label class=\"col-sm-2 col-md-3 col-xs-12 renglonHigh\"><b>Comprobante a Obtener:<\/b><\/label><\/p>\n<div class=\"col-sm-10 col-md-9 col-xs-12 fs12\">Oficio.<\/div>\n<\/div>\n<div class=\"row\">\n<p><label class=\"col-sm-2 col-md-3 col-xs-12 renglonHigh\"><b>Medios de presentaci\u00f3n:<\/b><\/label><\/p>\n<div class=\"col-sm-10 col-md-9 col-xs-12 fs12\">Escrito libre<\/div>\n<\/div>\n<div class=\"row\">\n<p><label class=\"col-sm-2 col-md-3 col-xs-12 renglonHigh\"><b>Liga:<\/b><\/label><\/p>\n<div class=\"col-sm-10 col-md-9 col-xs-12 fs12 table-responsive\">N\/A<\/div>\n<\/div>\n<div class=\"row\">\n<p><label class=\"col-sm-2 col-md-3 col-xs-12 renglonHigh\"><b>Tiempo de respuesta:<\/b><\/label><\/p>\n<div class=\"col-sm-10 col-md-9 col-xs-12 fs12\">13 d\u00edas h\u00e1biles.<\/div>\n<\/div>\n<div class=\"row\">\n<p><label class=\"col-sm-2 col-md-3 col-xs-12 renglonHigh\"><b>Horario de Atenci\u00f3n:<\/b><\/label><\/p>\n<div class=\"col-sm-10 col-md-9 col-xs-12 fs12\">8:00 a 16:00 hrs.<\/div>\n<\/div>\n<div class=\"row\">\n<p><label class=\"col-sm-2 col-md-3 col-xs-12 renglonHigh\"><b>Vigencia:<\/b><\/label><\/p>\n<div class=\"col-sm-10 col-md-9 col-xs-12 fs12\">1 A\u00f1o<\/div>\n<\/div>\n<div class=\"row\">\n<p><label class=\"col-sm-2 col-md-3 col-xs-12 renglonHigh\"><b>Dirigido a:<\/b><\/label><\/p>\n<div class=\"col-sm-10 col-md-9 col-xs-12 fs12\">Ciudadan\u00eda<\/div>\n<\/div>\n<\/div>\n<\/div>\n<\/div>\n<p>&nbsp;<\/p>\n<h5>Casos en los que Debe o Puede realizarse el Tr\u00e1mite<\/h5>\n<div class=\"description\">Por Ley al inicio de proyecto de construcci\u00f3n deben realizar el tr\u00e1mite.<\/div>\n<p>&nbsp;<\/p>\n<h5>Objetivo que se busca en caso de requerir Inspecci\u00f3n o Verificaci\u00f3n.<\/h5>\n<div class=\"description\">Cumplir con las medidas de seguridad en materia de protecci\u00f3n civil y Normatividad Nacional aplicable vigente.<\/div>\n<p>&nbsp;<\/p>\n<h5>Informaci\u00f3n a Conservar para Fines de Acreditaci\u00f3n, Inspecci\u00f3n o Verificaci\u00f3n<\/h5>\n<div class=\"description\">Programa interno de protecci\u00f3n civil y oficio de cumplimiento.<\/div>\n<div id=\"quejas\" class=\"well well-lg row\">\n<div class=\"col-sm-12 col-xs-12\">\n<h3>Quejas y Denuncias<\/h3>\n<\/div>\n<div class=\"col-sm-12 col-xs-12 table-responsive\">\n<table class=\"table\">\n<tbody>\n<tr>\n<td colspan=\"3\"><b>Departamento de Atenci\u00f3n a Quejas y Denuncias, Contralor\u00eda Gubernamental<\/b><\/td>\n<\/tr>\n<tr class=\"important2\">\n<td width=\"200\">Responsable<\/td>\n<td width=\"350\">Domicilio<\/td>\n<td width=\"150\">Tel\u00e9fono\/Fax<\/td>\n<\/tr>\n<tr valign=\"top\">\n<td><\/td>\n<td>Centro de Oficinas Gubernamentales Parque Bicentenario Prol. Blvd. Praxedis Balboa Esq. Lib. Naciones Unidas, Planta Baja.<\/td>\n<td>(834) 107-8699 ext:43657<\/td>\n<\/tr>\n<tr>\n<td colspan=\"3\"><\/td>\n<\/tr>\n<tr>\n<td colspan=\"3\"><strong>Organo de Control en la Secretar\u00eda General de Gobierno<\/strong><\/td>\n<\/tr>\n<tr class=\"important2\">\n<td width=\"200\">Responsable<\/td>\n<td width=\"350\">Domicilio<\/td>\n<td width=\"150\">Tel\u00e9fono\/Fax<\/td>\n<\/tr>\n<tr valign=\"top\">\n<td><\/td>\n<td>14 Hidalgo Y Morelos 408 Zona Centro CP 87000<\/td>\n<td>(834) 312-1874, Fax: (834) 312-8189<\/td>\n<\/tr>\n<tr>\n<td colspan=\"3\"><\/td>\n<\/tr>\n<tr class=\"important2\">\n<td><b>Sitio WEB<\/b><\/td>\n<td><a href=\"https:\/\/www.tamaulipas.gob.mx\/quejasydenuncias\/\" target=\"_blank\" rel=\"noopener\">https:\/\/www.tamaulipas.gob.mx\/quejasydenuncias\/<\/a><\/td>\n<td>L\u00ednea 070<br \/>\nTelef\u00f3no 800 58 111 00<\/td>\n<\/tr>\n<tr>\n<td colspan=\"3\"><\/td>\n<\/tr>\n<\/tbody>\n<\/table>\n<\/div>\n<\/div>\n<div class=\"row alert alert-warning izquierda\">\n<div class=\"col-sm-2 col-md-2 col-xs-12\"><b>Nota:<\/b><\/div>\n<div class=\"col-sm-10 col-md-10 col-xs-12 fs12\">La informaci\u00f3n contenida en esta Ficha T\u00e9cnica es responsabilidad de la Dependencia o Entidad indicada.La impresi\u00f3n de este documento no genera derechos ni prerrogativas al portador por parte del Estado y se extiende s\u00f3lo con fines informativos.<\/div>\n<\/div>\n","protected":false},"excerpt":{"rendered":"<p>UsuarioCostoRequisitos Personas f\u00edsicas y morales $3,112.00 hasta $31,122.00 Equivalente 30-300 UMAS. Presentar escrito libre (solicitud) Presentar Programa y\/o Plan de Contingencia especifico de protecci\u00f3n civil\u2026<\/p>\n","protected":false},"author":64,"featured_media":0,"parent":0,"menu_order":0,"comment_status":"closed","ping_status":"closed","template":"","meta":{"footnotes":""},"class_list":["post-5766","page","type-page","status-publish","hentry"],"publishpress_future_action":{"enabled":false,"date":"2026-04-28 12:55:26","action":"change-status","newStatus":"draft","terms":[],"taxonomy":""},"_links":{"self":[{"href":"https:\/\/www.tamaulipas.gob.mx\/proteccioncivil\/wp-json\/wp\/v2\/pages\/5766"}],"collection":[{"href":"https:\/\/www.tamaulipas.gob.mx\/proteccioncivil\/wp-json\/wp\/v2\/pages"}],"about":[{"href":"https:\/\/www.tamaulipas.gob.mx\/proteccioncivil\/wp-json\/wp\/v2\/types\/page"}],"author":[{"embeddable":true,"href":"https:\/\/www.tamaulipas.gob.mx\/proteccioncivil\/wp-json\/wp\/v2\/users\/64"}],"replies":[{"embeddable":true,"href":"https:\/\/www.tamaulipas.gob.mx\/proteccioncivil\/wp-json\/wp\/v2\/comments?post=5766"}],"version-history":[{"count":4,"href":"https:\/\/www.tamaulipas.gob.mx\/proteccioncivil\/wp-json\/wp\/v2\/pages\/5766\/revisions"}],"predecessor-version":[{"id":6047,"href":"https:\/\/www.tamaulipas.gob.mx\/proteccioncivil\/wp-json\/wp\/v2\/pages\/5766\/revisions\/6047"}],"wp:attachment":[{"href":"https:\/\/www.tamaulipas.gob.mx\/proteccioncivil\/wp-json\/wp\/v2\/media?parent=5766"}],"curies":[{"name":"wp","href":"https:\/\/api.w.org\/{rel}","templated":true}]}}