{"id":5754,"date":"2021-09-14T13:39:33","date_gmt":"2021-09-14T18:39:33","guid":{"rendered":"https:\/\/www.tamaulipas.gob.mx\/proteccioncivil\/?page_id=5754"},"modified":"2021-09-14T14:21:00","modified_gmt":"2021-09-14T19:21:00","slug":"fundamento-juridico","status":"publish","type":"page","link":"https:\/\/www.tamaulipas.gob.mx\/proteccioncivil\/fundamento-juridico\/","title":{"rendered":"Fundamento Jur\u00eddico"},"content":{"rendered":"<div id=\"quejas\" class=\"well well-lg row\">\n<div class=\"col-sm-12 col-xs-12\">\n<div id=\"tabs\">\n<div class=\"tab-content\">\n<div id=\"tabs-3\" class=\"tab-pane active\">\n<div class=\"table-responsive\">\n<table class=\"table\">\n<tbody>\n<tr>\n<td><strong>Fundamento Jur\u00eddico:<\/strong><\/td>\n<\/tr>\n<tr>\n<td>Art\u00edculo 79 al 82 de la Ley de Protecci\u00f3n Civil para el Estado de Tamaulipas. Art\u00edculo 35, 39, 46, 68, Reglamento de la ley Federal de armas de fuego y explosivos.<\/td>\n<\/tr>\n<tr>\n<td><strong>Justificaci\u00f3n Legal del Cobro:<\/strong><\/td>\n<\/tr>\n<tr>\n<td>Art. 85 de la Ley de Hacienda para el Estado de Tamaulipas. II.- Por la emisi\u00f3n de dict\u00e1menes y\/o resoluciones de an\u00e1lisis de riesgo, de treinta hasta trescientas veces el valor diario de la Unidad de Medida y Actualizaci\u00f3n;<\/td>\n<\/tr>\n<tr>\n<td><strong>Lineamientos:<\/strong><\/td>\n<\/tr>\n<tr>\n<td>NOM-002-STPS-2010 Condiciones de seguridad -Prevenci\u00f3n y Protecci\u00f3n contra Incendio en los Centros de Trabajo NOM-003-SEGOB-2011 Se\u00f1ales y Avisos para Protecci\u00f3n Civil; Colores formas y s\u00edmbolos a utilizar. NOM-001-STPS-2008 Edificios, locales instalaciones y \u00e1reas en los centros de trabajo -Condiciones de Seguridad<\/td>\n<\/tr>\n<tr>\n<td><strong>Criterios de Resoluci\u00f3n:<\/strong><\/td>\n<\/tr>\n<tr>\n<td>Dar cumplimiento con la normatividad aplicable Cumplir con los requisitos y el pago de Derechos.<\/td>\n<\/tr>\n<\/tbody>\n<\/table>\n<\/div>\n<\/div>\n<\/div>\n<\/div>\n<h3><\/h3>\n<h5>Casos en los que Debe o Puede realizarse el Tr\u00e1mite<\/h5>\n<div class=\"description\">Por Ley todos los ciudadanos que quieran hacer uso de materiales explosivos en la industria de la construcci\u00f3n, miner\u00eda, industria automotriz, sector energ\u00e9tico, pirot\u00e9cnia entre otros.<\/div>\n<h3><\/h3>\n<h5>Objetivo que se busca en caso de requerir Inspecci\u00f3n o Verificaci\u00f3n.<\/h5>\n<div class=\"description\">Cumplir con las medidas de seguridad en materia de protecci\u00f3n civil (que cuente con los equipos necesarios para el manejo almacenamiento, y transporte de material explosivo).<\/div>\n<h3><\/h3>\n<h5>Informaci\u00f3n a Conservar para Fines de Acreditaci\u00f3n, Inspecci\u00f3n o Verificaci\u00f3n<\/h5>\n<div class=\"description\">Acta de verificaci\u00f3n y oficio de resoluci\u00f3n.<\/div>\n<div id=\"quejas\" class=\"well well-lg row\">\n<div class=\"col-sm-12 col-xs-12\">\n<h3>Quejas y Denuncias<\/h3>\n<\/div>\n<div class=\"col-sm-12 col-xs-12 table-responsive\">\n<table class=\"table\">\n<tbody>\n<tr>\n<td colspan=\"3\"><b>Departamento de Atenci\u00f3n a Quejas y Denuncias, Contralor\u00eda Gubernamental<\/b><\/td>\n<\/tr>\n<tr class=\"important2\">\n<td width=\"200\">Responsable<\/td>\n<td width=\"350\">Domicilio<\/td>\n<td width=\"150\">Tel\u00e9fono\/Fax<\/td>\n<\/tr>\n<tr valign=\"top\">\n<td><\/td>\n<td>Centro de Oficinas Gubernamentales Parque Bicentenario Prol. Blvd. Praxedis Balboa Esq. Lib. Naciones Unidas, Planta Baja.<\/td>\n<td>(834) 107-8699 ext:43657<\/td>\n<\/tr>\n<tr>\n<td colspan=\"3\"><\/td>\n<\/tr>\n<tr>\n<td colspan=\"3\"><strong>Organo de Control en la Secretar\u00eda General de Gobierno<\/strong><\/td>\n<\/tr>\n<tr class=\"important2\">\n<td width=\"200\">Responsable<\/td>\n<td width=\"350\">Domicilio<\/td>\n<td width=\"150\">Tel\u00e9fono\/Fax<\/td>\n<\/tr>\n<tr valign=\"top\">\n<td><\/td>\n<td>14 Hidalgo Y Morelos 408 Zona Centro CP 87000<\/td>\n<td>(834) 312-1874, Fax: (834) 312-8189<\/td>\n<\/tr>\n<tr>\n<td colspan=\"3\"><\/td>\n<\/tr>\n<tr class=\"important2\">\n<td><b>Sitio WEB<\/b><\/td>\n<td><a href=\"https:\/\/www.tamaulipas.gob.mx\/quejasydenuncias\/\" target=\"_blank\" rel=\"noopener\">https:\/\/www.tamaulipas.gob.mx\/quejasydenuncias\/<\/a><\/td>\n<td>L\u00ednea 070<br \/>\nTelef\u00f3no 800 58 111 00<\/td>\n<\/tr>\n<tr>\n<td colspan=\"3\"><\/td>\n<\/tr>\n<\/tbody>\n<\/table>\n<\/div>\n<\/div>\n<div class=\"row alert alert-warning izquierda\">\n<div class=\"col-sm-2 col-md-2 col-xs-12\"><b>Nota:<\/b><\/div>\n<div class=\"col-sm-10 col-md-10 col-xs-12 fs12\">La informaci\u00f3n contenida en esta Ficha T\u00e9cnica es responsabilidad de la Dependencia o Entidad indicada.La impresi\u00f3n de este documento no genera derechos ni prerrogativas al portador por parte del Estado y se extiende s\u00f3lo con fines informativos.<\/div>\n<\/div>\n<\/div>\n<\/div>\n","protected":false},"excerpt":{"rendered":"<p>Fundamento Jur\u00eddico: Art\u00edculo 79 al 82 de la Ley de Protecci\u00f3n Civil para el Estado de Tamaulipas. Art\u00edculo 35, 39, 46, 68, Reglamento de la\u2026<\/p>\n","protected":false},"author":64,"featured_media":0,"parent":0,"menu_order":0,"comment_status":"closed","ping_status":"closed","template":"","meta":{"footnotes":""},"class_list":["post-5754","page","type-page","status-publish","hentry"],"publishpress_future_action":{"enabled":false,"date":"2026-04-28 12:54:07","action":"change-status","newStatus":"draft","terms":[],"taxonomy":""},"_links":{"self":[{"href":"https:\/\/www.tamaulipas.gob.mx\/proteccioncivil\/wp-json\/wp\/v2\/pages\/5754"}],"collection":[{"href":"https:\/\/www.tamaulipas.gob.mx\/proteccioncivil\/wp-json\/wp\/v2\/pages"}],"about":[{"href":"https:\/\/www.tamaulipas.gob.mx\/proteccioncivil\/wp-json\/wp\/v2\/types\/page"}],"author":[{"embeddable":true,"href":"https:\/\/www.tamaulipas.gob.mx\/proteccioncivil\/wp-json\/wp\/v2\/users\/64"}],"replies":[{"embeddable":true,"href":"https:\/\/www.tamaulipas.gob.mx\/proteccioncivil\/wp-json\/wp\/v2\/comments?post=5754"}],"version-history":[{"count":9,"href":"https:\/\/www.tamaulipas.gob.mx\/proteccioncivil\/wp-json\/wp\/v2\/pages\/5754\/revisions"}],"predecessor-version":[{"id":5781,"href":"https:\/\/www.tamaulipas.gob.mx\/proteccioncivil\/wp-json\/wp\/v2\/pages\/5754\/revisions\/5781"}],"wp:attachment":[{"href":"https:\/\/www.tamaulipas.gob.mx\/proteccioncivil\/wp-json\/wp\/v2\/media?parent=5754"}],"curies":[{"name":"wp","href":"https:\/\/api.w.org\/{rel}","templated":true}]}}