{"id":5751,"date":"2021-09-14T13:31:19","date_gmt":"2021-09-14T18:31:19","guid":{"rendered":"https:\/\/www.tamaulipas.gob.mx\/proteccioncivil\/?page_id=5751"},"modified":"2023-06-28T10:07:17","modified_gmt":"2023-06-28T16:07:17","slug":"proceso-de-tramite","status":"publish","type":"page","link":"https:\/\/www.tamaulipas.gob.mx\/proteccioncivil\/proceso-de-tramite\/","title":{"rendered":"Proceso de Tr\u00e1mite"},"content":{"rendered":"<div id=\"tabs\">\n<div class=\"tab-content\">\n<div id=\"tabs-2\" class=\"tab-pane active\">\n<div class=\"table-responsive\">\n<table class=\"table\">\n<thead>\n<tr>\n<th width=\"10\"><strong>N\u00fam.<\/strong><\/th>\n<th width=\"340\"><strong>Actividad<\/strong><\/th>\n<th width=\"240\"><strong>\u00c1rea<\/strong><\/th>\n<th width=\"140\"><strong>Tiempo<\/strong><\/th>\n<\/tr>\n<\/thead>\n<tbody>\n<tr>\n<td>1<\/td>\n<td>Recepci\u00f3n de la solicitud del tr\u00e1mite con los requisitos.<\/td>\n<td>Oficinas del Gobernador\/Palacio de Gobierno piso 3.<\/td>\n<td>2 D\u00edas.<\/td>\n<\/tr>\n<tr>\n<td>2<\/td>\n<td>Turnan solicitud a Consejero Jur\u00eddico de la Secretar\u00eda General de Gobierno.<\/td>\n<td>Oficinas del Gobernador \/ Consejer\u00eda Jur\u00eddica de la Secretar\u00eda General de Gobierno.<\/td>\n<td>10 D\u00edas.<\/td>\n<\/tr>\n<tr>\n<td>3<\/td>\n<td>Coordinaci\u00f3n de Protecci\u00f3n Civil recibe solicitud turnada por la Consejer\u00eda Jur\u00eddica, y entrega solicitud a la Direcci\u00f3n de Planeaci\u00f3n.<\/td>\n<td>Consejer\u00eda Jur\u00eddica de la Secretar\u00eda General de Gobierno \/ Coordinaci\u00f3n de Protecci\u00f3n Civil \/ Direcci\u00f3n de Planeaci\u00f3n.<\/td>\n<td>6 d\u00edas.<\/td>\n<\/tr>\n<tr>\n<td>4<\/td>\n<td>Se hace pase de pago y se env\u00eda por correo direcciondecdoiinspecciones@gmail.com al solicitante con las indicaciones a seguir (solicitante env\u00eda comprobante de pago)<\/td>\n<td>Direcci\u00f3n de Planeaci\u00f3n.<\/td>\n<td>1 D\u00eda.<\/td>\n<\/tr>\n<tr>\n<td>5<\/td>\n<td>Una vez pagando el tr\u00e1mite se genera la visita de inspecci\u00f3n con motivo de verificar las condiciones del proyecto, en caso de omisi\u00f3n de documentaci\u00f3n y\/o alguna observaci\u00f3n se solicita en la acta circunstanciada y se indica el plazo de cumplimiento.<\/td>\n<td>Direcci\u00f3n de Planeaci\u00f3n.<\/td>\n<td>2 D\u00edas.<\/td>\n<\/tr>\n<tr>\n<td>6<\/td>\n<td>Cumplido los procedimientos anteriores, se entrega el resolutivo a la Consejer\u00eda Jur\u00eddica de la Secretar\u00eda General de Gobierno.<\/td>\n<td>Direcci\u00f3n de Planeaci\u00f3n.<\/td>\n<td>2 D\u00edas.<\/td>\n<\/tr>\n<tr>\n<td>7<\/td>\n<td>Consejer\u00eda Jur\u00eddica realiza la opini\u00f3n favorable o no de la solicitud, para firma del Gobernador, y entrega al solicitante el documento resolutivo.<\/td>\n<td>Consejer\u00eda Jur\u00eddica de la Secretar\u00eda General de Gobierno.<\/td>\n<td>10 D\u00edas.<\/td>\n<\/tr>\n<\/tbody>\n<\/table>\n<\/div>\n<\/div>\n<\/div>\n<\/div>\n<p>&nbsp;<\/p>\n<h5>Casos en los que Debe o Puede realizarse el Tr\u00e1mite<\/h5>\n<div class=\"description\">Por Ley todos los ciudadanos que quieran hacer uso de materiales explosivos en la industria de la construcci\u00f3n, miner\u00eda, industria automotriz, sector energ\u00e9tico, pirot\u00e9cnia entre otros.<\/div>\n<p>&nbsp;<\/p>\n<h5>Objetivo que se busca en caso de requerir Inspecci\u00f3n o Verificaci\u00f3n.<\/h5>\n<div class=\"description\">Cumplir con las medidas de seguridad en materia de protecci\u00f3n civil (que cuente con los equipos necesarios para el manejo almacenamiento, y transporte de material explosivo).<\/div>\n<p>&nbsp;<\/p>\n<h5>Informaci\u00f3n a Conservar para Fines de Acreditaci\u00f3n, Inspecci\u00f3n o Verificaci\u00f3n<\/h5>\n<div class=\"description\">Acta de verificaci\u00f3n y oficio de resoluci\u00f3n.<\/div>\n<div id=\"quejas\" class=\"well well-lg row\">\n<div class=\"col-sm-12 col-xs-12\">\n<h3>Quejas y Denuncias<\/h3>\n<\/div>\n<div class=\"col-sm-12 col-xs-12 table-responsive\">\n<table class=\"table\">\n<tbody>\n<tr>\n<td colspan=\"3\"><b>Departamento de Atenci\u00f3n a Quejas y Denuncias, Contralor\u00eda Gubernamental<\/b><\/td>\n<\/tr>\n<tr class=\"important2\">\n<td width=\"200\">Responsable<\/td>\n<td width=\"350\">Domicilio<\/td>\n<td width=\"150\">Tel\u00e9fono\/Fax<\/td>\n<\/tr>\n<tr valign=\"top\">\n<td><\/td>\n<td>Centro de Oficinas Gubernamentales Parque Bicentenario Prol. Blvd. Praxedis Balboa Esq. Lib. Naciones Unidas, Planta Baja.<\/td>\n<td>(834) 107-8699 ext:43657<\/td>\n<\/tr>\n<tr>\n<td colspan=\"3\"><\/td>\n<\/tr>\n<tr>\n<td colspan=\"3\"><strong>Organo de Control en la Secretar\u00eda General de Gobierno<\/strong><\/td>\n<\/tr>\n<tr class=\"important2\">\n<td width=\"200\">Responsable<\/td>\n<td width=\"350\">Domicilio<\/td>\n<td width=\"150\">Tel\u00e9fono\/Fax<\/td>\n<\/tr>\n<tr valign=\"top\">\n<td><\/td>\n<td>14 Hidalgo Y Morelos 408 Zona Centro CP 87000<\/td>\n<td>(834) 312-1874, Fax: (834) 312-8189<\/td>\n<\/tr>\n<tr>\n<td colspan=\"3\"><\/td>\n<\/tr>\n<tr class=\"important2\">\n<td><b>Sitio WEB<\/b><\/td>\n<td><a href=\"https:\/\/www.tamaulipas.gob.mx\/quejasydenuncias\/\" target=\"_blank\" rel=\"noopener\">https:\/\/www.tamaulipas.gob.mx\/quejasydenuncias\/<\/a><\/td>\n<td>L\u00ednea 070<br \/>\nTelef\u00f3no 800 58 111 00<\/td>\n<\/tr>\n<tr>\n<td colspan=\"3\"><\/td>\n<\/tr>\n<\/tbody>\n<\/table>\n<\/div>\n<\/div>\n<div class=\"row alert alert-warning izquierda\">\n<div class=\"col-sm-2 col-md-2 col-xs-12\"><b>Nota:<\/b><\/div>\n<div class=\"col-sm-10 col-md-10 col-xs-12 fs12\">La informaci\u00f3n contenida en esta Ficha T\u00e9cnica es responsabilidad de la Dependencia o Entidad indicada.La impresi\u00f3n de este documento no genera derechos ni prerrogativas al portador por parte del Estado y se extiende s\u00f3lo con fines informativos.<\/div>\n<\/div>\n","protected":false},"excerpt":{"rendered":"<p>N\u00fam. Actividad \u00c1rea Tiempo 1 Recepci\u00f3n de la solicitud del tr\u00e1mite con los requisitos. Oficinas del Gobernador\/Palacio de Gobierno piso 3. 2 D\u00edas. 2 Turnan\u2026<\/p>\n","protected":false},"author":64,"featured_media":0,"parent":0,"menu_order":0,"comment_status":"closed","ping_status":"closed","template":"","meta":{"footnotes":""},"class_list":["post-5751","page","type-page","status-publish","hentry"],"publishpress_future_action":{"enabled":false,"date":"2026-04-28 12:55:28","action":"change-status","newStatus":"draft","terms":[],"taxonomy":""},"_links":{"self":[{"href":"https:\/\/www.tamaulipas.gob.mx\/proteccioncivil\/wp-json\/wp\/v2\/pages\/5751"}],"collection":[{"href":"https:\/\/www.tamaulipas.gob.mx\/proteccioncivil\/wp-json\/wp\/v2\/pages"}],"about":[{"href":"https:\/\/www.tamaulipas.gob.mx\/proteccioncivil\/wp-json\/wp\/v2\/types\/page"}],"author":[{"embeddable":true,"href":"https:\/\/www.tamaulipas.gob.mx\/proteccioncivil\/wp-json\/wp\/v2\/users\/64"}],"replies":[{"embeddable":true,"href":"https:\/\/www.tamaulipas.gob.mx\/proteccioncivil\/wp-json\/wp\/v2\/comments?post=5751"}],"version-history":[{"count":2,"href":"https:\/\/www.tamaulipas.gob.mx\/proteccioncivil\/wp-json\/wp\/v2\/pages\/5751\/revisions"}],"predecessor-version":[{"id":6512,"href":"https:\/\/www.tamaulipas.gob.mx\/proteccioncivil\/wp-json\/wp\/v2\/pages\/5751\/revisions\/6512"}],"wp:attachment":[{"href":"https:\/\/www.tamaulipas.gob.mx\/proteccioncivil\/wp-json\/wp\/v2\/media?parent=5751"}],"curies":[{"name":"wp","href":"https:\/\/api.w.org\/{rel}","templated":true}]}}