{"id":5731,"date":"2021-09-14T11:32:07","date_gmt":"2021-09-14T16:32:07","guid":{"rendered":"https:\/\/www.tamaulipas.gob.mx\/proteccioncivil\/?page_id=5731"},"modified":"2023-03-10T15:16:08","modified_gmt":"2023-03-10T21:16:08","slug":"visto-bueno-de-explosivos","status":"publish","type":"page","link":"https:\/\/www.tamaulipas.gob.mx\/proteccioncivil\/visto-bueno-de-explosivos\/","title":{"rendered":"VISTO BUENO DE EXPLOSIVOS"},"content":{"rendered":"<h4>Descripci\u00f3n<\/h4>\n<div class=\"description\">Verificaci\u00f3n del cumplimiento de las medidas de seguridad en materia protecci\u00f3n civil, para el almacenamiento, manejo y transporte de material de explosivos.<\/div>\n<h4>Dependencia<\/h4>\n<div class=\"description\">Secretar\u00eda General de Gobierno \/ Coordinaci\u00f3n General de Protecci\u00f3n Civil<\/div>\n<h4>Tipo de Tr\u00e1mite<\/h4>\n<div class=\"description\">Obligaci\u00f3n<\/div>\n<h4>Clasificaci\u00f3n<\/h4>\n<div class=\"description\">Legal<\/div>\n<h4>Impacto<\/h4>\n<div class=\"description\">Empresarial<\/div>\n<h4>Municipio<\/h4>\n<div class=\"row\">\n<div class=\"col-sm-8 col-xs-12\">Ciudad Victoria<\/div>\n<\/div>\n<h4>Domicilio<\/h4>\n<div id=\"muestra_domicilio\">\n<div>\n<div class=\"description\">Direcci\u00f3n: Avenida 77 Batall\u00f3n de Infanter\u00eda SN, Luis Donaldo Colosio, 87014 Cd Victoria, Tamps.<\/div>\n<\/div>\n<h3>Informaci\u00f3n de Contacto<\/h3>\n<div class=\"table-responsive\">\n<table class=\"table\" style=\"width: 54.191%;\">\n<thead>\n<tr>\n<th style=\"width: 33.9597%;\"><strong>\u00c1rea<\/strong><\/th>\n<th style=\"width: 36.7785%;\"><strong>Responsable \/ Tel\u00e9fonos\/Fax<\/strong><\/th>\n<th style=\"width: 27.9195%;\"><strong>email<\/strong><\/th>\n<\/tr>\n<\/thead>\n<tbody>\n<tr>\n<td style=\"width: 33.9597%;\">Direcci\u00f3n de Planeaci\u00f3n y Estudios<\/td>\n<td style=\"width: 36.7785%;\">Lic. Francisco Vizcarra Cant\u00fa<br \/>\n8341719297<\/td>\n<td style=\"width: 27.9195%;\">proteccioncivil@tamaulipas.gob.mx<\/td>\n<\/tr>\n<\/tbody>\n<\/table>\n<\/div>\n<div class=\"table-responsive\">\n<table class=\"table\" style=\"width: 0%; height: 188px;\">\n<thead>\n<tr style=\"height: 10px;\">\n<th style=\"width: 31.0882%; height: 10px;\"><\/th>\n<th style=\"width: 44.3684%; height: 10px;\"><\/th>\n<th style=\"width: 4310.43%; height: 10px;\"><\/th>\n<\/tr>\n<\/thead>\n<tbody>\n<tr style=\"height: 12px;\">\n<td style=\"width: 31.0882%; height: 12px;\"><\/td>\n<td style=\"width: 44.3684%; height: 12px;\"><\/td>\n<\/tr>\n<\/tbody>\n<\/table>\n<\/div>\n<\/div>\n","protected":false},"excerpt":{"rendered":"<p>Descripci\u00f3n Verificaci\u00f3n del cumplimiento de las medidas de seguridad en materia protecci\u00f3n civil, para el almacenamiento, manejo y transporte de material de explosivos. Dependencia Secretar\u00eda\u2026<\/p>\n","protected":false},"author":64,"featured_media":0,"parent":0,"menu_order":0,"comment_status":"closed","ping_status":"closed","template":"","meta":{"footnotes":""},"class_list":["post-5731","page","type-page","status-publish","hentry"],"publishpress_future_action":{"enabled":false,"date":"2026-04-28 12:55:27","action":"change-status","newStatus":"draft","terms":[],"taxonomy":""},"_links":{"self":[{"href":"https:\/\/www.tamaulipas.gob.mx\/proteccioncivil\/wp-json\/wp\/v2\/pages\/5731"}],"collection":[{"href":"https:\/\/www.tamaulipas.gob.mx\/proteccioncivil\/wp-json\/wp\/v2\/pages"}],"about":[{"href":"https:\/\/www.tamaulipas.gob.mx\/proteccioncivil\/wp-json\/wp\/v2\/types\/page"}],"author":[{"embeddable":true,"href":"https:\/\/www.tamaulipas.gob.mx\/proteccioncivil\/wp-json\/wp\/v2\/users\/64"}],"replies":[{"embeddable":true,"href":"https:\/\/www.tamaulipas.gob.mx\/proteccioncivil\/wp-json\/wp\/v2\/comments?post=5731"}],"version-history":[{"count":4,"href":"https:\/\/www.tamaulipas.gob.mx\/proteccioncivil\/wp-json\/wp\/v2\/pages\/5731\/revisions"}],"predecessor-version":[{"id":6017,"href":"https:\/\/www.tamaulipas.gob.mx\/proteccioncivil\/wp-json\/wp\/v2\/pages\/5731\/revisions\/6017"}],"wp:attachment":[{"href":"https:\/\/www.tamaulipas.gob.mx\/proteccioncivil\/wp-json\/wp\/v2\/media?parent=5731"}],"curies":[{"name":"wp","href":"https:\/\/api.w.org\/{rel}","templated":true}]}}