{"id":5729,"date":"2021-09-14T11:32:54","date_gmt":"2021-09-14T16:32:54","guid":{"rendered":"https:\/\/www.tamaulipas.gob.mx\/proteccioncivil\/?page_id=5729"},"modified":"2023-03-10T15:13:25","modified_gmt":"2023-03-10T21:13:25","slug":"programa-especifico-de-proteccion-civil","status":"publish","type":"page","link":"https:\/\/www.tamaulipas.gob.mx\/proteccioncivil\/programa-especifico-de-proteccion-civil\/","title":{"rendered":"PROGRAMA ESPEC\u00cdFICO DE PROTECCI\u00d3N CIVIL"},"content":{"rendered":"<h4>Descripci\u00f3n<\/h4>\n<div class=\"description\">Este tr\u00e1mite permite a la empresa validar el cumplimiento de todas las medidas de seguridad inherentes a los riesgos generados en la fase de construcci\u00f3n de un proyecto determinado.<\/div>\n<h4>Dependencia<\/h4>\n<div class=\"description\">Secretar\u00eda General de Gobierno \/ Coordinaci\u00f3n General de Protecci\u00f3n Civil<\/div>\n<h4>Tipo de Tr\u00e1mite<\/h4>\n<div class=\"description\">Obligaci\u00f3n<\/div>\n<h4>Clasificaci\u00f3n<\/h4>\n<div class=\"description\">Legal<\/div>\n<h4>Impacto<\/h4>\n<div class=\"description\">Empresarial<\/div>\n<h4>Municipio<\/h4>\n<div class=\"row\">\n<div class=\"col-sm-8 col-xs-12\">Ciudad Victoria<\/div>\n<\/div>\n<h4>Domicilio<\/h4>\n<div id=\"muestra_domicilio\">\n<div>\n<div class=\"description\">Direcci\u00f3n: Avenida 77 Batall\u00f3n de Infanter\u00eda SN, Luis Donaldo Colosio, 87014 Cd Victoria, Tamps.<\/div>\n<\/div>\n<h3>Informaci\u00f3n de Contacto<\/h3>\n<div class=\"table-responsive\">\n<table class=\"table\" style=\"width: 54.191%;\">\n<thead>\n<tr>\n<th style=\"width: 33.8255%;\"><strong>\u00c1rea<\/strong><\/th>\n<th style=\"width: 36.9128%;\"><strong>Responsable \/ Tel\u00e9fonos\/Fax<\/strong><\/th>\n<th style=\"width: 27.9195%;\"><strong>email<\/strong><\/th>\n<\/tr>\n<\/thead>\n<tbody>\n<tr>\n<td style=\"width: 33.8255%;\">Direcci\u00f3n de Planeaci\u00f3n y Estudios<\/td>\n<td style=\"width: 36.9128%;\">Lic. Francisco Vizcarra Cant\u00fa<br \/>\n8341719297<\/td>\n<td style=\"width: 27.9195%;\">proteccioncivil@tamaulipas.gob.mx<\/td>\n<\/tr>\n<\/tbody>\n<\/table>\n<\/div>\n<div class=\"table-responsive\">\n<table class=\"table\">\n<thead>\n<tr>\n<th><\/th>\n<th><\/th>\n<th><\/th>\n<\/tr>\n<\/thead>\n<\/table>\n<\/div>\n<\/div>\n","protected":false},"excerpt":{"rendered":"<p>Descripci\u00f3n Este tr\u00e1mite permite a la empresa validar el cumplimiento de todas las medidas de seguridad inherentes a los riesgos generados en la fase de\u2026<\/p>\n","protected":false},"author":64,"featured_media":0,"parent":0,"menu_order":0,"comment_status":"closed","ping_status":"closed","template":"","meta":{"footnotes":""},"class_list":["post-5729","page","type-page","status-publish","hentry"],"publishpress_future_action":{"enabled":false,"date":"2026-04-28 12:54:05","action":"change-status","newStatus":"draft","terms":[],"taxonomy":""},"_links":{"self":[{"href":"https:\/\/www.tamaulipas.gob.mx\/proteccioncivil\/wp-json\/wp\/v2\/pages\/5729"}],"collection":[{"href":"https:\/\/www.tamaulipas.gob.mx\/proteccioncivil\/wp-json\/wp\/v2\/pages"}],"about":[{"href":"https:\/\/www.tamaulipas.gob.mx\/proteccioncivil\/wp-json\/wp\/v2\/types\/page"}],"author":[{"embeddable":true,"href":"https:\/\/www.tamaulipas.gob.mx\/proteccioncivil\/wp-json\/wp\/v2\/users\/64"}],"replies":[{"embeddable":true,"href":"https:\/\/www.tamaulipas.gob.mx\/proteccioncivil\/wp-json\/wp\/v2\/comments?post=5729"}],"version-history":[{"count":4,"href":"https:\/\/www.tamaulipas.gob.mx\/proteccioncivil\/wp-json\/wp\/v2\/pages\/5729\/revisions"}],"predecessor-version":[{"id":6016,"href":"https:\/\/www.tamaulipas.gob.mx\/proteccioncivil\/wp-json\/wp\/v2\/pages\/5729\/revisions\/6016"}],"wp:attachment":[{"href":"https:\/\/www.tamaulipas.gob.mx\/proteccioncivil\/wp-json\/wp\/v2\/media?parent=5729"}],"curies":[{"name":"wp","href":"https:\/\/api.w.org\/{rel}","templated":true}]}}