{"id":5429,"date":"2018-05-07T11:42:22","date_gmt":"2018-05-07T16:42:22","guid":{"rendered":"http:\/\/www.tamaulipas.gob.mx\/proteccioncivil\/?page_id=5429"},"modified":"2018-05-07T11:42:22","modified_gmt":"2018-05-07T16:42:22","slug":"norma-oficial-mexicana-nom-003-segob-2011-senales-y-avisos-para-proteccion-civil-colores-formas-y-simbolos-a-utilizar","status":"publish","type":"page","link":"https:\/\/www.tamaulipas.gob.mx\/proteccioncivil\/legal\/norma-oficial-mexicana-nom-003-segob-2011-senales-y-avisos-para-proteccion-civil-colores-formas-y-simbolos-a-utilizar\/","title":{"rendered":"Norma Oficial Mexicana Nom-003-Segob-2011, Se\u00f1ales y Avisos para Protecci\u00f3n Civil.- Colores, Formas y S\u00edmbolos a utilizar"},"content":{"rendered":"[googlepdf url=\u00bbhttp:\/\/www.tamaulipas.gob.mx\/proteccioncivil\/wp-content\/uploads\/sites\/36\/2013\/03\/NOM-003-SEGOB-2011.pdf\u00bb download=\u00bbDescargar\u00bb width=\u00bb100%\u00bb height=\u00bb700&#8243;]\n","protected":false},"excerpt":{"rendered":"<p>[googlepdf url=\u00bbhttp:\/\/www.tamaulipas.gob.mx\/proteccioncivil\/wp-content\/uploads\/sites\/36\/2013\/03\/NOM-003-SEGOB-2011.pdf\u00bb download=\u00bbDescargar\u00bb width=\u00bb100%\u00bb height=\u00bb700&#8243;]<\/p>\n","protected":false},"author":59,"featured_media":0,"parent":12,"menu_order":0,"comment_status":"closed","ping_status":"closed","template":"","meta":{"footnotes":""},"class_list":["post-5429","page","type-page","status-publish","hentry"],"publishpress_future_action":{"enabled":false,"date":"2026-05-12 17:38:53","action":"change-status","newStatus":"draft","terms":[],"taxonomy":""},"_links":{"self":[{"href":"https:\/\/www.tamaulipas.gob.mx\/proteccioncivil\/wp-json\/wp\/v2\/pages\/5429"}],"collection":[{"href":"https:\/\/www.tamaulipas.gob.mx\/proteccioncivil\/wp-json\/wp\/v2\/pages"}],"about":[{"href":"https:\/\/www.tamaulipas.gob.mx\/proteccioncivil\/wp-json\/wp\/v2\/types\/page"}],"author":[{"embeddable":true,"href":"https:\/\/www.tamaulipas.gob.mx\/proteccioncivil\/wp-json\/wp\/v2\/users\/59"}],"replies":[{"embeddable":true,"href":"https:\/\/www.tamaulipas.gob.mx\/proteccioncivil\/wp-json\/wp\/v2\/comments?post=5429"}],"version-history":[{"count":1,"href":"https:\/\/www.tamaulipas.gob.mx\/proteccioncivil\/wp-json\/wp\/v2\/pages\/5429\/revisions"}],"predecessor-version":[{"id":5430,"href":"https:\/\/www.tamaulipas.gob.mx\/proteccioncivil\/wp-json\/wp\/v2\/pages\/5429\/revisions\/5430"}],"up":[{"embeddable":true,"href":"https:\/\/www.tamaulipas.gob.mx\/proteccioncivil\/wp-json\/wp\/v2\/pages\/12"}],"wp:attachment":[{"href":"https:\/\/www.tamaulipas.gob.mx\/proteccioncivil\/wp-json\/wp\/v2\/media?parent=5429"}],"curies":[{"name":"wp","href":"https:\/\/api.w.org\/{rel}","templated":true}]}}