{"id":5425,"date":"2018-05-07T10:35:02","date_gmt":"2018-05-07T15:35:02","guid":{"rendered":"http:\/\/www.tamaulipas.gob.mx\/proteccioncivil\/?page_id=5425"},"modified":"2018-05-07T10:35:02","modified_gmt":"2018-05-07T15:35:02","slug":"decreto-de-declaracion-del-dia-nacional-de-proteccion-civil-el-19-de-septiembre-de-cada-ano-6-de-mayo-de-1986","status":"publish","type":"page","link":"https:\/\/www.tamaulipas.gob.mx\/proteccioncivil\/legal\/decreto-de-declaracion-del-dia-nacional-de-proteccion-civil-el-19-de-septiembre-de-cada-ano-6-de-mayo-de-1986\/","title":{"rendered":"Decreto de declaraci\u00f3n del D\u00eda Nacional de Protecci\u00f3n Civil, el 19 de septiembre de cada a\u00f1o (6 de mayo de 1986)."},"content":{"rendered":"[googlepdf url=\u00bbhttp:\/\/www.tamaulipas.gob.mx\/proteccioncivil\/wp-content\/uploads\/sites\/36\/2011\/12\/decreto_dia-de-prot-civil-nacional.pdf\u00bb download=\u00bbDescargar\u00bb width=\u00bb100%\u00bb height=\u00bb700&#8243;]\n","protected":false},"excerpt":{"rendered":"<p>[googlepdf url=\u00bbhttp:\/\/www.tamaulipas.gob.mx\/proteccioncivil\/wp-content\/uploads\/sites\/36\/2011\/12\/decreto_dia-de-prot-civil-nacional.pdf\u00bb download=\u00bbDescargar\u00bb width=\u00bb100%\u00bb height=\u00bb700&#8243;]<\/p>\n","protected":false},"author":59,"featured_media":0,"parent":12,"menu_order":0,"comment_status":"closed","ping_status":"closed","template":"","meta":{"footnotes":""},"class_list":["post-5425","page","type-page","status-publish","hentry"],"publishpress_future_action":{"enabled":false,"date":"2026-05-12 17:38:47","action":"change-status","newStatus":"draft","terms":[],"taxonomy":""},"_links":{"self":[{"href":"https:\/\/www.tamaulipas.gob.mx\/proteccioncivil\/wp-json\/wp\/v2\/pages\/5425"}],"collection":[{"href":"https:\/\/www.tamaulipas.gob.mx\/proteccioncivil\/wp-json\/wp\/v2\/pages"}],"about":[{"href":"https:\/\/www.tamaulipas.gob.mx\/proteccioncivil\/wp-json\/wp\/v2\/types\/page"}],"author":[{"embeddable":true,"href":"https:\/\/www.tamaulipas.gob.mx\/proteccioncivil\/wp-json\/wp\/v2\/users\/59"}],"replies":[{"embeddable":true,"href":"https:\/\/www.tamaulipas.gob.mx\/proteccioncivil\/wp-json\/wp\/v2\/comments?post=5425"}],"version-history":[{"count":1,"href":"https:\/\/www.tamaulipas.gob.mx\/proteccioncivil\/wp-json\/wp\/v2\/pages\/5425\/revisions"}],"predecessor-version":[{"id":5426,"href":"https:\/\/www.tamaulipas.gob.mx\/proteccioncivil\/wp-json\/wp\/v2\/pages\/5425\/revisions\/5426"}],"up":[{"embeddable":true,"href":"https:\/\/www.tamaulipas.gob.mx\/proteccioncivil\/wp-json\/wp\/v2\/pages\/12"}],"wp:attachment":[{"href":"https:\/\/www.tamaulipas.gob.mx\/proteccioncivil\/wp-json\/wp\/v2\/media?parent=5425"}],"curies":[{"name":"wp","href":"https:\/\/api.w.org\/{rel}","templated":true}]}}