{"id":49,"date":"2011-12-16T21:56:42","date_gmt":"2011-12-16T21:56:42","guid":{"rendered":"http:\/\/proteccioncivil.tamaulipas.gob.mx\/?page_id=49"},"modified":"2011-12-16T21:56:42","modified_gmt":"2011-12-16T21:56:42","slug":"sism","status":"publish","type":"page","link":"https:\/\/www.tamaulipas.gob.mx\/proteccioncivil\/temas\/que-hace-en-caso-d\/metereologicos\/sism\/","title":{"rendered":"Sismo"},"content":{"rendered":"<p><strong>ANTES<\/strong><\/p>\n<p>La frecuencia de los sismos en el pa\u00eds y la cantidad de zonas afectadas exigen que se tomen medidas preventivas que puedan aminorar los efectos del impacto de estas calamidades.<\/p>\n<p>Los accidentes personales m\u00e1s comunes son consecuencia de:<\/p>\n<ul>\n<li>Derrumbes parciales de edificios, que provocan ca\u00edda de muros divisorios, cornisas, marquesinas, falsos plafones y unidades de iluminaci\u00f3n.<\/li>\n<li>Ca\u00edda de vidrios rotos de ventanas, lo cual es m\u00e1s peligroso cuando se trata de edificios altos.<\/li>\n<li>Ca\u00edda de libreros, muebles y otros enseres, en el interior de los inmuebles. Incendios.<\/li>\n<li>Ca\u00edda de cables de energ\u00eda el\u00e9ctrica.<\/li>\n<li>Actos humanos provocados por el p\u00e1nico.<\/li>\n<li>Una persona puede disminuir los peligros a que est\u00e9n expuestos ella y su familia, aprendiendo que se debe hacer en caso de sismo.<\/li>\n<\/ul>\n<p>\u00bfCOMO PREPARASE?<\/p>\n<p>Acuda a la Unidad de Protecci\u00f3n Civil o alas autoridades locales para que le indiquen:<\/p>\n<ul>\n<li>Si la zona en la que vive es s\u00edsmica.<\/li>\n<li>Cu\u00e1les son las medidas de protecci\u00f3n que debe tomaren su casa o centro de trabajo en caso de sismo.<\/li>\n<li>C\u00f3mo puede colaborar con las brigadas de auxilio si tiene inter\u00e9s en capacitarse para participar al presentarse esta calamidad.<\/li>\n<\/ul>\n<p>Aseg\u00farese de que su casa o lugar de trabajo corran el menor riesgo:<\/p>\n<ul>\n<li>Solicite el servicio de un arquitecto o de un maestro de obras para detectar los riesgos que puede presentar su casa ante un sismo, e identificar los lugares m\u00e1s seguros en los que pueda protegerse.<\/li>\n<li>Haga revisar y reparar peri\u00f3dicamente las instalaciones de gas y electricidad para que siempre se encuentren en buen estado.<\/li>\n<li>Prepare, estudie y practique con su familia o con sus compa\u00f1eros de trabajo un plan para utilizarlo en caso de sismo,<\/li>\n<li>Instruya a todos los miembros de su familia acerca de c\u00f3mo y d\u00f3nde s desconectan los suministros de gas y electricidad<\/li>\n<li>Integre un botiqu\u00edn de primeros auxilios (ver \u00abBotiqu\u00edn de Primeros Auxilio al final de esta gu\u00eda).<\/li>\n<li>Tenga a la mano los n\u00fameros telef\u00f3nicos de emergencia de la Cruz Roja, hospitales, bomberos, polic\u00eda, etc.<\/li>\n<li>Designe a una persona, fuera de la zona en la que usted vive, para que comuniquen con ella o para que se re\u00fanan en su casa si los miembros de familia llegaran a separarse.<\/li>\n<li>P\u00f3ngase de acuerdo sobre que har\u00e1 cada miembro de la familia o cada compa\u00f1ero de trabajo encaso de sismo.<\/li>\n<li>Coloque los objetos grandes y pesados en anaqueles o lugares bajos.<\/li>\n<li>Fije a la pared: cuadros, espejos, roperos, armarios, libreros y estantes. Evite colocar objetos pesados en la parte superior de \u00e9stos.<\/li>\n<li>Asegure firmemente al techo las l\u00e1mparas y los candiles.<\/li>\n<li>Es conveniente que usted conozca la profesi\u00f3n o actividad laboral de los vecinos o compa\u00f1eros de trabajo, por si llegar\u00e1 a necesitar ayuda.<\/li>\n<li>Peri\u00f3dicamente organice simulacros, con el objeto de que cada miembro de la familia sepa que hacer durante el sismo, y solicite a la unidad interna de protecci\u00f3n civil que tambi\u00e9n se realicen en su lugar de trabajo.<\/li>\n<li>Localice lugares seguros en cada cuarto: bajo mesas s\u00f3lidas, escritorios resistentes, paredes de soporte o marcos de puedas con trabes. Refuerce esta informaci\u00f3n haciendo que cada miembro de la familia elija uno de esos lugares para protegerse.<\/li>\n<li>Identifique los lugares peligrosos de su vivienda para alejarse de ellos, tales como ventanas donde los vidrios podr\u00edan estrellarse, libreros u otros muebles que puedan caer.<\/li>\n<\/ul>\n<p>&nbsp;<\/p>\n<p><strong>DURANTE<\/strong><\/p>\n<ul>\n<li>Mantenga la calma y ub\u00edquese en las zonas de seguridad del lugar en que usted se encuentre al momento del sismo y procure protegerse de la mejor forma posible, permaneciendo donde est\u00e1. La mayor parte de los heridos en un sismo se ha producido cuando las personas intentaron entrar o salir de las casas o edificios.<\/li>\n<li>P\u00e1rese bajo un marco de puerta con trabe o de espaldas a una pared de carga.<\/li>\n<li>H\u00e1gase \u00abbolita\u00bb, abraz\u00e1ndose usted mismo en un rinc\u00f3n; de ser posible, prot\u00e9jase la cabeza con un coj\u00edn o con un cobertor.<\/li>\n<li>Mant\u00e9ngase alejado de ventanas, espejos y art\u00edculos de vidrio que puedan quebrarse.<\/li>\n<li>Evite estar bajo candiles y otros objetos colgantes.<\/li>\n<li>Mant\u00e9ngase retirado de libreros, gabinetes o muebles pesados que podr\u00edan caerse o dejar caer su contenido.<\/li>\n<li>Ret\u00edrese de estufas, braseros, cafeteras, radiadores o cualquier utensilio caliente.<\/li>\n<li>Procure estar alejado de balcones, aleros, chimeneas y de lugares de los que puedan desprenderse ladrillos.<\/li>\n<li>Si se encuentra en un edificio, permanezca donde est\u00e9; no trate de utilizar los elevadores ni las escaleras durante el sismo.<\/li>\n<li>Si estuviera dormido, al despertar t\u00f3mese unos momentos para razonar.<\/li>\n<li>Conserve la calma.<\/li>\n<li>Si se encuentra en el exterior, busque ah\u00ed un refugio; al aire libre es dif\u00edcil que algo le caiga encima; sin embargo, aseg\u00farese de estar a salvo de cables, postes, \u00e1rboles y ramas, escaleras exteriores, edificios con fachadas adornadas, balcones, aleros, chimeneas y de cualquier otro objeto que pueda caer, especialmente si se encuentra en el centro de la ciudad, en zonas de edificios de muchos pisos donde las ventanas y las fachadas pueden esparcir escombros peligrosos sobre las caries.<\/li>\n<li>Si se encuentra en su veh\u00edculo, maneje serenamente hacia un lugar que quede lejos de puentes o v\u00edas y estaci\u00f3nese en un sitio fuera de peligro.<\/li>\n<li>En lugares p\u00fablicos y llenos de gente (cine, teatro, estadio, sal\u00f3n de clases no grite, no corra, no empuje, salga serenamente si la salida no est\u00e1 congestionada; en caso contrario, permanezca en su propio asiento, colocando los brazos sobre la cabeza y baj\u00e1ndola hacia las rodillas.<\/li>\n<li>Si se encuentra en el Metro, no corra, no grite, no empuje. La confusi\u00f3n y el p\u00e1nico provocan grandes problemas. No se apresure a buscar las salidas, el sismo dura segundos y la estructura del Metro ofrece seguridad. Obedezca las indicaciones del personal de vigilancia.<\/li>\n<\/ul>\n<p>&nbsp;<\/p>\n<p><strong>DESPUES<\/strong><\/p>\n<p>En caso de haber quedado atrapado, conserve la calma y trate de, comunicarse al exterior golpeando con alg\u00fan objeto.<\/p>\n<p>En caso de permanecer en su casa o lugar de trabajo:<\/p>\n<ul>\n<li>Verifique si hay lesionados y de ser necesario busque ayuda m\u00e9dica.<\/li>\n<li>No utilice los elevadores y sea cauteloso con las escaleras; podr\u00edan haberse resentido con los sismos.<\/li>\n<li>Evite pisar o tocar cualquier cable ca\u00eddo o suelto.<\/li>\n<li>Efect\u00fae una cuidadosa revisi\u00f3n de los da\u00f1os, si son graves no haga uso del inmueble.<\/li>\n<li>No encienda cerillos, velas, aparatos de flama abierta, o el\u00e9ctricos, hasta asegurarse de que no haya fugas de gas ni problemas en la instalaci\u00f3n el\u00e9ctrica.<\/li>\n<li>En caso de fuga de gas o agua, rep\u00f3rtelas inmediatamente.<\/li>\n<li>Si hay incendios, Llame a los bomberos o alas brigadas de auxilio.<\/li>\n<li>No consuma alimentos y bebidas que hayan estado en contacto con vidrio: rotos, escombros, polvo o alg\u00fan contaminante.<\/li>\n<li>Limpie inmediatamente los l\u00edquidos derramados, tales como medicinas materiales inflamables o t\u00f3xicos.<\/li>\n<li>Use el tel\u00e9fono solo para reportar una emergencia.<\/li>\n<li>Encienda el radio para mantenerse informado y recibir orientaci\u00f3n.<\/li>\n<li>Cuando abra alacenas, estantes o roperos, h\u00e1galo cuidadosamente porque le pueden caer los objetos encima.<\/li>\n<li>No propague rumores ni haga caso de ellos, porque desorientan a la poblaci\u00f3n.<\/li>\n<li>Atienda las indicaciones de las autoridades o de las brigadas de auxilio.<\/li>\n<\/ul>\n<p>Si es necesario evacuar:<\/p>\n<ul>\n<li>Empaque previamente, como medida ante cualquier riesgo, sus documentos personales: actas de nacimiento, de matrimonio, escrituras, documentos agrarios, cartillas, etc., en bolsas de pl\u00e1stico bien cerradas, guardar\u00edas en mochilas o morrales que pueda cargar de tal forma que le dejen libres los brazos y las manos.<\/li>\n<li>AI salir h\u00e1galo con cuidado y orden; siga las instrucciones de las autoridades o de las brigadas de auxilio.<\/li>\n<\/ul>\n<p>Este preparado para futuros sismos, llamados r\u00e9plicas. Generalmente son m\u00e1s d\u00e9biles, pero pueden ocasionar da\u00f1os adicionales.<\/p>\n","protected":false},"excerpt":{"rendered":"<p>ANTES La frecuencia de los sismos en el pa\u00eds y la cantidad de zonas afectadas exigen que se tomen medidas preventivas que puedan aminorar los\u2026<\/p>\n","protected":false},"author":59,"featured_media":0,"parent":354,"menu_order":0,"comment_status":"open","ping_status":"open","template":"","meta":{"footnotes":""},"class_list":["post-49","page","type-page","status-publish","hentry"],"publishpress_future_action":{"enabled":false,"date":"2026-04-11 02:40:32","action":"change-status","newStatus":"draft","terms":[],"taxonomy":""},"_links":{"self":[{"href":"https:\/\/www.tamaulipas.gob.mx\/proteccioncivil\/wp-json\/wp\/v2\/pages\/49"}],"collection":[{"href":"https:\/\/www.tamaulipas.gob.mx\/proteccioncivil\/wp-json\/wp\/v2\/pages"}],"about":[{"href":"https:\/\/www.tamaulipas.gob.mx\/proteccioncivil\/wp-json\/wp\/v2\/types\/page"}],"author":[{"embeddable":true,"href":"https:\/\/www.tamaulipas.gob.mx\/proteccioncivil\/wp-json\/wp\/v2\/users\/59"}],"replies":[{"embeddable":true,"href":"https:\/\/www.tamaulipas.gob.mx\/proteccioncivil\/wp-json\/wp\/v2\/comments?post=49"}],"version-history":[{"count":0,"href":"https:\/\/www.tamaulipas.gob.mx\/proteccioncivil\/wp-json\/wp\/v2\/pages\/49\/revisions"}],"up":[{"embeddable":true,"href":"https:\/\/www.tamaulipas.gob.mx\/proteccioncivil\/wp-json\/wp\/v2\/pages\/354"}],"wp:attachment":[{"href":"https:\/\/www.tamaulipas.gob.mx\/proteccioncivil\/wp-json\/wp\/v2\/media?parent=49"}],"curies":[{"name":"wp","href":"https:\/\/api.w.org\/{rel}","templated":true}]}}