{"id":352,"date":"2012-03-13T20:25:01","date_gmt":"2012-03-13T20:25:01","guid":{"rendered":"http:\/\/proteccioncivil.tamaulipas.gob.mx\/?page_id=352"},"modified":"2018-04-30T10:29:04","modified_gmt":"2018-04-30T15:29:04","slug":"cultura","status":"publish","type":"page","link":"https:\/\/www.tamaulipas.gob.mx\/proteccioncivil\/temas\/cultura\/","title":{"rendered":"Programa de promoci\u00f3n de la cultura"},"content":{"rendered":"<ul>\n<li>Manual de Protecci\u00f3n Civil<\/li>\n<li>Revista Protecci\u00f3n Civil (A\u00f1o 1 &#8211; No.1)<\/li>\n<li>Plan Familiar<\/li>\n<li>Si Sales de Viaje<\/li>\n<li>Eventos Masivos<\/li>\n<li>Juegos Pirot\u00e9cnicos<\/li>\n<li>Incendios Forestales<\/li>\n<li>Semana Santa<\/li>\n<li>Temporada de Ciclones<\/li>\n<li>Temporada Decembrinas<\/li>\n<li>Prep\u00e1rate para el invierno<\/li>\n<li>Cu\u00eddate del Fr\u00edo<\/li>\n<\/ul>\n","protected":false},"excerpt":{"rendered":"<p>Manual de Protecci\u00f3n Civil Revista Protecci\u00f3n Civil (A\u00f1o 1 &#8211; No.1) Plan Familiar Si Sales de Viaje Eventos Masivos Juegos Pirot\u00e9cnicos Incendios Forestales Semana Santa\u2026<\/p>\n","protected":false},"author":59,"featured_media":0,"parent":334,"menu_order":0,"comment_status":"closed","ping_status":"closed","template":"","meta":{"footnotes":""},"class_list":["post-352","page","type-page","status-publish","hentry"],"publishpress_future_action":{"enabled":false,"date":"2026-04-28 12:53:37","action":"change-status","newStatus":"draft","terms":[],"taxonomy":""},"_links":{"self":[{"href":"https:\/\/www.tamaulipas.gob.mx\/proteccioncivil\/wp-json\/wp\/v2\/pages\/352"}],"collection":[{"href":"https:\/\/www.tamaulipas.gob.mx\/proteccioncivil\/wp-json\/wp\/v2\/pages"}],"about":[{"href":"https:\/\/www.tamaulipas.gob.mx\/proteccioncivil\/wp-json\/wp\/v2\/types\/page"}],"author":[{"embeddable":true,"href":"https:\/\/www.tamaulipas.gob.mx\/proteccioncivil\/wp-json\/wp\/v2\/users\/59"}],"replies":[{"embeddable":true,"href":"https:\/\/www.tamaulipas.gob.mx\/proteccioncivil\/wp-json\/wp\/v2\/comments?post=352"}],"version-history":[{"count":1,"href":"https:\/\/www.tamaulipas.gob.mx\/proteccioncivil\/wp-json\/wp\/v2\/pages\/352\/revisions"}],"predecessor-version":[{"id":5346,"href":"https:\/\/www.tamaulipas.gob.mx\/proteccioncivil\/wp-json\/wp\/v2\/pages\/352\/revisions\/5346"}],"up":[{"embeddable":true,"href":"https:\/\/www.tamaulipas.gob.mx\/proteccioncivil\/wp-json\/wp\/v2\/pages\/334"}],"wp:attachment":[{"href":"https:\/\/www.tamaulipas.gob.mx\/proteccioncivil\/wp-json\/wp\/v2\/media?parent=352"}],"curies":[{"name":"wp","href":"https:\/\/api.w.org\/{rel}","templated":true}]}}