{"id":315,"date":"2012-03-13T19:32:13","date_gmt":"2012-03-13T19:32:13","guid":{"rendered":"http:\/\/proteccioncivil.tamaulipas.gob.mx\/?page_id=315"},"modified":"2018-04-25T16:06:26","modified_gmt":"2018-04-25T21:06:26","slug":"objetivos","status":"publish","type":"page","link":"https:\/\/www.tamaulipas.gob.mx\/proteccioncivil\/objetivos\/","title":{"rendered":"Objetivos"},"content":{"rendered":"<p><strong>Coordinaci\u00f3n General<\/strong><\/p>\n<p>Ejecutar las pol\u00edticas, programas y acciones de protecci\u00f3n civil en la entidad con el fin de salvaguardar a las personas, su patrimonio y entorno, as\u00ed como lo relativo a los servicios vitales y estrat\u00e9gicos, en caso de riesgo, emergencia, siniestro o desastre.<\/p>\n<p><strong>Direcci\u00f3n de Planeaci\u00f3n y Estudios<\/strong><\/p>\n<p>Dise\u00f1ar, elaborar e instrumentar planes y estudios que permitan identificar y analizar los riesgos potenciales de fen\u00f3menos naturales o antropog\u00e9nicos, para fortalecer las capacidades de preparaci\u00f3n y de respuesta institucional y ciudadana ante emergencias y desastres.<\/p>\n<p><strong>Departamento de Atlas y Sistematizaci\u00f3n de Riesgos <\/strong><\/p>\n<p>Generar informaci\u00f3n correcta y oportuna para identificar, analizar y monitorear permanentemente los riesgos potenciales naturales y antropog\u00e9nicos\u00a0 y prever diversos escenarios enfocados a la salvaguarda de la vida de las\u00a0personas y su entorno.<\/p>\n<p><strong>Direcci\u00f3n de Coordinaci\u00f3n con Municipios <\/strong><\/p>\n<p>Convocar y coordinar, con pleno respeto a su autonom\u00eda, la participaci\u00f3n de los Municipios y sus instancias dependientes en la definici\u00f3n y ejecuci\u00f3n de las acciones que se convengan realizar en materia de protecci\u00f3n civil.<\/p>\n<p><strong>Departamento\u00a0 de\u00a0 Control\u00a0 de\u00a0 Veh\u00edculos, Radiocomunicaciones y Equipo Emergente <\/strong><\/p>\n<p>Mantener estricto control sobre el uso y mantenimiento del parque vehicular, equipo de radiocomunicaciones y equipo emergente asignado a la Coordinaci\u00f3n General, a fin de conservarlo permanentemente en \u00f3ptimas condiciones para su operatividad.<\/p>\n<p><strong>Direcci\u00f3n de Coordinaci\u00f3n con Dependencias, Organismos e Instituciones<\/strong><\/p>\n<p>Convocar\u00a0 y fomentar la participaci\u00f3n comprometida y responsable de las dependencias, organismos e instituciones de los diversos sectores sociales en la ejecuci\u00f3n de las acciones de protecci\u00f3n civil.<\/p>\n<p><strong>Departamento de Capacitaci\u00f3n e Informaci\u00f3n <\/strong><\/p>\n<p>Coordinar las actividades de capacitaci\u00f3n con Unidades Municipales de Protecci\u00f3n Civil, dependencias federales y estatales, organismos no gubernamentales paraestatales e iniciativa privada.<\/p>\n","protected":false},"excerpt":{"rendered":"<p>Coordinaci\u00f3n General Ejecutar las pol\u00edticas, programas y acciones de protecci\u00f3n civil en la entidad con el fin de salvaguardar a las personas, su patrimonio y\u2026<\/p>\n","protected":false},"author":59,"featured_media":0,"parent":0,"menu_order":0,"comment_status":"closed","ping_status":"closed","template":"","meta":{"footnotes":""},"class_list":["post-315","page","type-page","status-publish","hentry"],"publishpress_future_action":{"enabled":false,"date":"2026-04-21 16:49:01","action":"change-status","newStatus":"draft","terms":[],"taxonomy":""},"_links":{"self":[{"href":"https:\/\/www.tamaulipas.gob.mx\/proteccioncivil\/wp-json\/wp\/v2\/pages\/315"}],"collection":[{"href":"https:\/\/www.tamaulipas.gob.mx\/proteccioncivil\/wp-json\/wp\/v2\/pages"}],"about":[{"href":"https:\/\/www.tamaulipas.gob.mx\/proteccioncivil\/wp-json\/wp\/v2\/types\/page"}],"author":[{"embeddable":true,"href":"https:\/\/www.tamaulipas.gob.mx\/proteccioncivil\/wp-json\/wp\/v2\/users\/59"}],"replies":[{"embeddable":true,"href":"https:\/\/www.tamaulipas.gob.mx\/proteccioncivil\/wp-json\/wp\/v2\/comments?post=315"}],"version-history":[{"count":1,"href":"https:\/\/www.tamaulipas.gob.mx\/proteccioncivil\/wp-json\/wp\/v2\/pages\/315\/revisions"}],"predecessor-version":[{"id":5340,"href":"https:\/\/www.tamaulipas.gob.mx\/proteccioncivil\/wp-json\/wp\/v2\/pages\/315\/revisions\/5340"}],"wp:attachment":[{"href":"https:\/\/www.tamaulipas.gob.mx\/proteccioncivil\/wp-json\/wp\/v2\/media?parent=315"}],"curies":[{"name":"wp","href":"https:\/\/api.w.org\/{rel}","templated":true}]}}