{"id":195,"date":"2011-12-19T20:45:49","date_gmt":"2011-12-19T20:45:49","guid":{"rendered":"http:\/\/proteccioncivil.tamaulipas.gob.mx\/?page_id=195"},"modified":"2025-05-27T10:08:56","modified_gmt":"2025-05-27T16:08:56","slug":"consejo","status":"publish","type":"page","link":"https:\/\/www.tamaulipas.gob.mx\/proteccioncivil\/consejo\/","title":{"rendered":"Consejo Estatal de Protecci\u00f3n Civil"},"content":{"rendered":"<p>En una situaci\u00f3n de emergencia, el auxilio inmediato a la poblaci\u00f3n constituye una funci\u00f3n prioritaria de la Protecci\u00f3n Civil. El Gobierno del Estado representado por sus diversas Dependencias en combinaci\u00f3n con los sectores social y privado, suman esfuerzos para hacer frente a una emergencia estatal o municipal, complementando y apoyando los esfuerzos de las autoridades locales y de la poblaci\u00f3n de la zona afectada. Las acciones de Respuesta, se canalizan a trav\u00e9s de once funciones y grupos de \u00a0auxilio:<\/p>\n<a data-toggle=\"modal\" href=\"#custom-modal-0\" class=\" btn btn-primary btn-lg\">1. Grupo de Alertamiento<\/a>\n<p>&nbsp;<\/p>\n<a data-toggle=\"modal\" href=\"#custom-modal-1\" class=\" btn btn-primary btn-lg\">2. Grupo de Comunicaci\u00f3n Social de la Emergencia<\/a>\n<p>&nbsp;<\/p>\n<a data-toggle=\"modal\" href=\"#custom-modal-2\" class=\" btn btn-primary btn-lg\">3. Grupo de Coordinaci\u00f3n de la Emergencia<\/a>\n<p>&nbsp;<\/p>\n<a data-toggle=\"modal\" href=\"#custom-modal-3\" class=\" btn btn-primary btn-lg\">4. Grupo de Plane de Emergencia<\/a>\n<p>&nbsp;<\/p>\n<a data-toggle=\"modal\" href=\"#custom-modal-4\" class=\" btn btn-primary btn-lg\">5. Grupo de Evacuaci\u00f3n, Busqueda y Rescate<\/a>\n<p>&nbsp;<\/p>\n<a data-toggle=\"modal\" href=\"#custom-modal-5\" class=\" btn btn-primary btn-lg\">6. Grupo de Seguridad Publica<\/a>\n<p>&nbsp;<\/p>\n<a data-toggle=\"modal\" href=\"#custom-modal-6\" class=\" btn btn-primary btn-lg\">7. Grupo de Asistencia Social y Refugios Temporales<\/a>\n<p>&nbsp;<\/p>\n<a data-toggle=\"modal\" href=\"#custom-modal-7\" class=\" btn btn-primary btn-lg\">8. Grupo de Servicios Estrategicos, Equipamiento y Bienes<\/a>\n<p>&nbsp;<\/p>\n<a data-toggle=\"modal\" href=\"#custom-modal-8\" class=\" btn btn-primary btn-lg\">9. Grupo de Salud Publica<\/a>\n<p>&nbsp;<\/p>\n<a data-toggle=\"modal\" href=\"#custom-modal-9\" class=\" btn btn-primary btn-lg\">10. Grupo de Aprovisionamiento<\/a>\n<p>&nbsp;<\/p>\n<a data-toggle=\"modal\" href=\"#custom-modal-10\" class=\" btn btn-primary btn-lg\">11. Grupo de Evaluaci\u00f3n de Da\u00f1os<\/a>\n<hr class=\"mb40 mt40\" \/>\n<p>&nbsp;<\/p>\n","protected":false},"excerpt":{"rendered":"<p>En una situaci\u00f3n de emergencia, el auxilio inmediato a la poblaci\u00f3n constituye una funci\u00f3n prioritaria de la Protecci\u00f3n Civil. El Gobierno del Estado representado por\u2026<\/p>\n","protected":false},"author":59,"featured_media":0,"parent":0,"menu_order":0,"comment_status":"closed","ping_status":"closed","template":"","meta":{"footnotes":""},"class_list":["post-195","page","type-page","status-publish","hentry"],"publishpress_future_action":{"enabled":false,"date":"2026-04-28 12:55:28","action":"change-status","newStatus":"draft","terms":[],"taxonomy":""},"_links":{"self":[{"href":"https:\/\/www.tamaulipas.gob.mx\/proteccioncivil\/wp-json\/wp\/v2\/pages\/195"}],"collection":[{"href":"https:\/\/www.tamaulipas.gob.mx\/proteccioncivil\/wp-json\/wp\/v2\/pages"}],"about":[{"href":"https:\/\/www.tamaulipas.gob.mx\/proteccioncivil\/wp-json\/wp\/v2\/types\/page"}],"author":[{"embeddable":true,"href":"https:\/\/www.tamaulipas.gob.mx\/proteccioncivil\/wp-json\/wp\/v2\/users\/59"}],"replies":[{"embeddable":true,"href":"https:\/\/www.tamaulipas.gob.mx\/proteccioncivil\/wp-json\/wp\/v2\/comments?post=195"}],"version-history":[{"count":9,"href":"https:\/\/www.tamaulipas.gob.mx\/proteccioncivil\/wp-json\/wp\/v2\/pages\/195\/revisions"}],"predecessor-version":[{"id":6997,"href":"https:\/\/www.tamaulipas.gob.mx\/proteccioncivil\/wp-json\/wp\/v2\/pages\/195\/revisions\/6997"}],"wp:attachment":[{"href":"https:\/\/www.tamaulipas.gob.mx\/proteccioncivil\/wp-json\/wp\/v2\/media?parent=195"}],"curies":[{"name":"wp","href":"https:\/\/api.w.org\/{rel}","templated":true}]}}