{"id":192,"date":"2011-12-19T20:28:24","date_gmt":"2011-12-19T20:28:24","guid":{"rendered":"http:\/\/proteccioncivil.tamaulipas.gob.mx\/?page_id=192"},"modified":"2019-06-05T13:35:03","modified_gmt":"2019-06-05T18:35:03","slug":"066-emergencias","status":"publish","type":"page","link":"https:\/\/www.tamaulipas.gob.mx\/proteccioncivil\/066-emergencias\/","title":{"rendered":"911 Emergencias"},"content":{"rendered":"<p><strong>El Servicio P\u00fablico de Atenci\u00f3n de Emergencias 911, constituye una de las grandes fortalezas del Sistema Estatal de Seguridad P\u00fablica en Tamaulipas.<\/strong><\/p>\n<p>El Gobierno del Estado, a trav\u00e9s de la Secretar\u00eda General de Gobierno y el Consejo Estatal de Seguridad P\u00fablica, conjugan esfuerzos con los Ayuntamientos para poner a disposici\u00f3n de la ciudadan\u00eda un solo n\u00famero telef\u00f3nico para la atenci\u00f3n de las emergencias.<\/p>\n<p>A funcionado este en las ciudades que albergan la mayor concentraci\u00f3n de poblaci\u00f3n: Nuevo Laredo, Reynosa, Matamoros, Cd. Victoria, Altamira, Cd. Madero y Tampico.<\/p>\n<p>Desde hace m\u00e1s de dos a\u00f1os, inici\u00f3 operaciones el Centro de Atenci\u00f3n Telef\u00f3nica de Emergencias en Ciudad Victoria, posteriormente, a finales del a\u00f1o 2001, abri\u00f3 Nuevo Laredo; Matamoros tuvo su apertura en agosto del 2002; y Reynosa, en marzo del 2003, pretendiendose incorporar en este mismo a\u00f1o a la Zona conurbada de Tampico, Madero y Altamira.<\/p>\n<p>Los servicios que brinda a la poblaci\u00f3n el\u00a00-6-6, son la atenci\u00f3n inmediata de los reportes de las emergencias relacionadas a Seguridad P\u00fablica, Ambulancias y Bomberos principalmente; as\u00ed mismo brinda asesor\u00eda al solicitante durante la contingencia. A las instituciones participantes les proporciona la informaci\u00f3n estad\u00edstica y gr\u00e1fica que se genera de los reportes recibidos, acerca del tipo de incidente, lugar del suceso, tiempo de atenci\u00f3n y unidades que lo atendieron, entre otras, reforzando con ello la toma de decisiones en la planeaci\u00f3n, prevenci\u00f3n y estrategias para la seguridad p\u00fablica.<\/p>\n<p>El beneficio que obtiene la poblaci\u00f3n con este servicio es la canalizaci\u00f3n y seguimiento inmediatos de su reporte a la autoridad competente, al contar con la infraestructura tecnol\u00f3gica m\u00e1s avanzada en materia de inform\u00e1tica, telefon\u00eda y radiocomunicaciones, permite asegurar la pronta soluci\u00f3n de las solicitudes recibidas.<\/p>\n<p>Sin embargo, la experiencia muestra que no basta la tecnolog\u00eda m\u00e1s moderna, es necesario contar con personal altamente capacitado y una actitud de servicio, para convertir esas tecnolog\u00edas en instrumentos \u00fatiles que mejoren la eficiencia y la efectividad, de vital importancia en este tipo de servicios. Por ello se ha mantenido como actividad permanente, la capacitaci\u00f3n, actualizaci\u00f3n y sensibilizaci\u00f3n del personal que atiende las l\u00edneas telef\u00f3nicas, garantizando el perfil profesional requerido para brindar la asesor\u00eda legal, sicol\u00f3gica y de auxilio m\u00e9dico.<\/p>\n<p>Paralelamente se desarrollan actividades de an\u00e1lisis de la atenci\u00f3n de los incidentes canalizados a las distintas instituciones y corporaciones policiales. Se instrument\u00f3 un programa permanente de interacci\u00f3n con los responsables de cada instituci\u00f3n para la obtenci\u00f3n de las mejores alternativas que permitan mejorarla calidad de sus servicios.<\/p>\n<ul>\n<li>El Sistema Telef\u00f3nico de Emergencias a la Ciudadan\u00eda 911 es un servicio gratuito para brindar asistencia r\u00e1pida, eficiente y confiable en situaciones de emergencias, delitos y faltas.<\/li>\n<li>Marcando desde cualquier tel\u00e9fono 066 tendr\u00e1s un enlace oportuno con las corporaciones de auxilio, polic\u00edacas y m\u00e9dicas.<\/li>\n<li>El 066 est\u00e1 al alcance de cualquier persona, es importante que su uso sea s\u00f3lo en situaciones de emergencia.<\/li>\n<\/ul>\n","protected":false},"excerpt":{"rendered":"<p>El Servicio P\u00fablico de Atenci\u00f3n de Emergencias 911, constituye una de las grandes fortalezas del Sistema Estatal de Seguridad P\u00fablica en Tamaulipas. El Gobierno del\u2026<\/p>\n","protected":false},"author":59,"featured_media":0,"parent":0,"menu_order":0,"comment_status":"closed","ping_status":"closed","template":"","meta":{"footnotes":""},"class_list":["post-192","page","type-page","status-publish","hentry"],"publishpress_future_action":{"enabled":false,"date":"2026-05-04 11:16:42","action":"change-status","newStatus":"draft","terms":[],"taxonomy":""},"_links":{"self":[{"href":"https:\/\/www.tamaulipas.gob.mx\/proteccioncivil\/wp-json\/wp\/v2\/pages\/192"}],"collection":[{"href":"https:\/\/www.tamaulipas.gob.mx\/proteccioncivil\/wp-json\/wp\/v2\/pages"}],"about":[{"href":"https:\/\/www.tamaulipas.gob.mx\/proteccioncivil\/wp-json\/wp\/v2\/types\/page"}],"author":[{"embeddable":true,"href":"https:\/\/www.tamaulipas.gob.mx\/proteccioncivil\/wp-json\/wp\/v2\/users\/59"}],"replies":[{"embeddable":true,"href":"https:\/\/www.tamaulipas.gob.mx\/proteccioncivil\/wp-json\/wp\/v2\/comments?post=192"}],"version-history":[{"count":1,"href":"https:\/\/www.tamaulipas.gob.mx\/proteccioncivil\/wp-json\/wp\/v2\/pages\/192\/revisions"}],"predecessor-version":[{"id":5543,"href":"https:\/\/www.tamaulipas.gob.mx\/proteccioncivil\/wp-json\/wp\/v2\/pages\/192\/revisions\/5543"}],"wp:attachment":[{"href":"https:\/\/www.tamaulipas.gob.mx\/proteccioncivil\/wp-json\/wp\/v2\/media?parent=192"}],"curies":[{"name":"wp","href":"https:\/\/api.w.org\/{rel}","templated":true}]}}