{"id":12,"date":"2011-12-16T20:33:04","date_gmt":"2011-12-16T20:33:04","guid":{"rendered":"http:\/\/proteccioncivil.tamaulipas.gob.mx\/?page_id=12"},"modified":"2023-03-15T14:39:54","modified_gmt":"2023-03-15T20:39:54","slug":"legal","status":"publish","type":"page","link":"https:\/\/www.tamaulipas.gob.mx\/proteccioncivil\/legal\/","title":{"rendered":"Marco Legal"},"content":{"rendered":"<ul>\n<li><a href=\"https:\/\/po.tamaulipas.gob.mx\/wp-content\/uploads\/2021\/03\/Ley_Proteccion_Civil.pdf\">Ley de Protecci\u00f3n Civil para el Estado de Tamaulipas<\/a><\/li>\n<li><a href=\"https:\/\/www.tamaulipas.gob.mx\/proteccioncivil\/wp-content\/uploads\/sites\/36\/2021\/02\/reglamento-de-la-ley-de-proteccion-civil.pdf\">Reglamento de la Ley de Protecci\u00f3n Civil para el estado de Tamaulipas<\/a><\/li>\n<li><a href=\"https:\/\/www.diputados.gob.mx\/LeyesBiblio\/pdf\/LGPC_200521.pdf\" rel=\"noopener\">Ley General de Protecci\u00f3n Civil (\u00faltima reforma publicada DOF 20-05-2021)<\/a><\/li>\n<li><a href=\"http:\/\/www.tamaulipas.gob.mx\/proteccioncivil\/legal\/reglamento-de-la-ley-general-de-proteccion-civil\/\">Reglamento de la Ley General de Protecci\u00f3n Civil y \u00daltima reforma publicada DOF 09-12-2015<\/a><\/li>\n<li><a href=\"http:\/\/www.tamaulipas.gob.mx\/proteccioncivil\/legal\/decreto-de-declaracion-del-dia-nacional-de-proteccion-civil-el-19-de-septiembre-de-cada-ano-6-de-mayo-de-1986\/\" rel=\"noopener\">Decreto de declaraci\u00f3n del D\u00eda Nacional de Protecci\u00f3n Civil, el 19 de septiembre de cada a\u00f1o (6 de mayo de 1986)<\/a><\/li>\n<li><a href=\"http:\/\/chrome-extension:\/\/efaidnbmnnnibpcajpcglclefindmkaj\/https:\/\/www.diputados.gob.mx\/LeyesBiblio\/pdf\/LGPSACDII_250618.pdf\" rel=\"noopener\">Ley General de Prestaci\u00f3n de Servicios para la Atenci\u00f3n, Cuidados y Desarrollo Integral Infantil<\/a><\/li>\n<li><a href=\"http:\/\/www.tamaulipas.gob.mx\/proteccioncivil\/legal\/guia-tecnica-para-la-elaboracion-e-implementacion-de-un-programa-interno-de-proteccion-civil\/\" rel=\"noopener\">Gu\u00eda t\u00e9cnica para la elaboraci\u00f3n e implementaci\u00f3n de un Programa Interno de Protecci\u00f3n Civil<\/a><\/li>\n<li><a href=\"http:\/\/www.tamaulipas.gob.mx\/proteccioncivil\/legal\/norma-oficial-mexicana-nom-003-segob-2011-senales-y-avisos-para-proteccion-civil-colores-formas-y-simbolos-a-utilizar\/\" rel=\"noopener\">Norma Oficial Mexicana Nom-003-Segob-2011, Se\u00f1ales y Avisos para Protecci\u00f3n Civil.- Colores, Formas y S\u00edmbolos a utilizar<\/a><\/li>\n<li><a href=\"https:\/\/po.tamaulipas.gob.mx\/wp-content\/uploads\/2021\/09\/Ley-Centros-Atencion-Infantil.pdf\" rel=\"noopener\">Ley de Centros de Atenci\u00f3n Infantil\u00a0del Estado de Tamaulipas<\/a><\/li>\n<li><a href=\"https:\/\/www.tamaulipas.gob.mx\/proteccioncivil\/wp-content\/uploads\/sites\/36\/2018\/10\/DOF_2018_07_13_MAT_sg2a__1_.pdf\" target=\"_blank\" rel=\"noopener noreferrer\">Manual de Organizaci\u00f3n y Operaci\u00f3n del Sistema Nacional de Protecci\u00f3n Civil.<\/a><\/li>\n<\/ul>\n","protected":false},"excerpt":{"rendered":"<p>Ley de Protecci\u00f3n Civil para el Estado de Tamaulipas Reglamento de la Ley de Protecci\u00f3n Civil para el estado de Tamaulipas Ley General de Protecci\u00f3n\u2026<\/p>\n","protected":false},"author":59,"featured_media":0,"parent":0,"menu_order":0,"comment_status":"closed","ping_status":"closed","template":"","meta":{"footnotes":""},"class_list":["post-12","page","type-page","status-publish","hentry"],"publishpress_future_action":{"enabled":false,"date":"2026-05-12 16:13:45","action":"change-status","newStatus":"draft","terms":[],"taxonomy":""},"_links":{"self":[{"href":"https:\/\/www.tamaulipas.gob.mx\/proteccioncivil\/wp-json\/wp\/v2\/pages\/12"}],"collection":[{"href":"https:\/\/www.tamaulipas.gob.mx\/proteccioncivil\/wp-json\/wp\/v2\/pages"}],"about":[{"href":"https:\/\/www.tamaulipas.gob.mx\/proteccioncivil\/wp-json\/wp\/v2\/types\/page"}],"author":[{"embeddable":true,"href":"https:\/\/www.tamaulipas.gob.mx\/proteccioncivil\/wp-json\/wp\/v2\/users\/59"}],"replies":[{"embeddable":true,"href":"https:\/\/www.tamaulipas.gob.mx\/proteccioncivil\/wp-json\/wp\/v2\/comments?post=12"}],"version-history":[{"count":18,"href":"https:\/\/www.tamaulipas.gob.mx\/proteccioncivil\/wp-json\/wp\/v2\/pages\/12\/revisions"}],"predecessor-version":[{"id":6082,"href":"https:\/\/www.tamaulipas.gob.mx\/proteccioncivil\/wp-json\/wp\/v2\/pages\/12\/revisions\/6082"}],"wp:attachment":[{"href":"https:\/\/www.tamaulipas.gob.mx\/proteccioncivil\/wp-json\/wp\/v2\/media?parent=12"}],"curies":[{"name":"wp","href":"https:\/\/api.w.org\/{rel}","templated":true}]}}