{"id":119,"date":"2011-12-19T18:31:52","date_gmt":"2011-12-19T18:31:52","guid":{"rendered":"http:\/\/proteccioncivil.tamaulipas.gob.mx\/?page_id=119"},"modified":"2018-05-07T13:36:22","modified_gmt":"2018-05-07T18:36:22","slug":"atlas-de-riesgos","status":"publish","type":"page","link":"https:\/\/www.tamaulipas.gob.mx\/proteccioncivil\/atlas-de-riesgos\/","title":{"rendered":"Atlas de Riesgos del Estado de Tamaulipas"},"content":{"rendered":"<p>La presente obra, es producto de la intensa colaboraci\u00f3n de campo y cient\u00edfica entre el Gobierno del Estado de Tamaulipas y el Servicio Geol\u00f3gico Mexicano, los cuales gracias al apoyo otorgado por el Fondo de Prevenci\u00f3n de Desastres Naturales (FOPREDEN) del Centro Nacional de Prevenci\u00f3n de Desastres (CENAPRED), fue posible culminar con \u00e9xito el Atlas de Riesgos del Estado de Tamaulipas.<\/p>\n<p>Con \u00e9sta tecnolog\u00eda, Tamaulipas se fortalece en materia de Protecci\u00f3n Civil. Con los resultados obtenidos tanto los de \u00edndole hidrol\u00f3gica como geol\u00f3gica y antropog\u00e9nicos, plasmados en un Sistema de Informaci\u00f3n Geogr\u00e1fica, podremos monitorear m\u00e1s de cerca los peligros a los que est\u00e1 expuesta la poblaci\u00f3n, y adem\u00e1s podr\u00e1 ser actualizado permanente constituy\u00e9ndose en un valioso instrumento para planear el ordenamiento y desarrollo estrat\u00e9gico de Tamaulipas.<\/p>\n<ul>\n<li><a href=\"http:\/\/www.tamaulipas.gob.mx\/proteccioncivil\/atlas-de-riesgos\/estatales\/\">Documentos Estatales<\/a><\/li>\n<li><a href=\"http:\/\/www.tamaulipas.gob.mx\/proteccioncivil\/atlas-de-riesgos\/municipales\/\">Documentos Municipales<\/a><\/li>\n<\/ul>\n","protected":false},"excerpt":{"rendered":"<p>La presente obra, es producto de la intensa colaboraci\u00f3n de campo y cient\u00edfica entre el Gobierno del Estado de Tamaulipas y el Servicio Geol\u00f3gico Mexicano,\u2026<\/p>\n","protected":false},"author":59,"featured_media":0,"parent":0,"menu_order":0,"comment_status":"closed","ping_status":"closed","template":"","meta":{"footnotes":""},"class_list":["post-119","page","type-page","status-publish","hentry"],"publishpress_future_action":{"enabled":false,"date":"2026-05-16 11:31:49","action":"change-status","newStatus":"draft","terms":[],"taxonomy":""},"_links":{"self":[{"href":"https:\/\/www.tamaulipas.gob.mx\/proteccioncivil\/wp-json\/wp\/v2\/pages\/119"}],"collection":[{"href":"https:\/\/www.tamaulipas.gob.mx\/proteccioncivil\/wp-json\/wp\/v2\/pages"}],"about":[{"href":"https:\/\/www.tamaulipas.gob.mx\/proteccioncivil\/wp-json\/wp\/v2\/types\/page"}],"author":[{"embeddable":true,"href":"https:\/\/www.tamaulipas.gob.mx\/proteccioncivil\/wp-json\/wp\/v2\/users\/59"}],"replies":[{"embeddable":true,"href":"https:\/\/www.tamaulipas.gob.mx\/proteccioncivil\/wp-json\/wp\/v2\/comments?post=119"}],"version-history":[{"count":2,"href":"https:\/\/www.tamaulipas.gob.mx\/proteccioncivil\/wp-json\/wp\/v2\/pages\/119\/revisions"}],"predecessor-version":[{"id":5448,"href":"https:\/\/www.tamaulipas.gob.mx\/proteccioncivil\/wp-json\/wp\/v2\/pages\/119\/revisions\/5448"}],"wp:attachment":[{"href":"https:\/\/www.tamaulipas.gob.mx\/proteccioncivil\/wp-json\/wp\/v2\/media?parent=119"}],"curies":[{"name":"wp","href":"https:\/\/api.w.org\/{rel}","templated":true}]}}