{"id":112,"date":"2011-12-19T18:14:49","date_gmt":"2011-12-19T18:14:49","guid":{"rendered":"http:\/\/proteccioncivil.tamaulipas.gob.mx\/?page_id=112"},"modified":"2018-05-07T15:08:08","modified_gmt":"2018-05-07T20:08:08","slug":"ninos","status":"publish","type":"page","link":"https:\/\/www.tamaulipas.gob.mx\/proteccioncivil\/ninos\/","title":{"rendered":"Protecci\u00f3n Civil para Ni\u00f1os"},"content":{"rendered":"<p><strong>Protecci\u00f3n Civil<\/strong> es el sistema por el que cada pa\u00eds proporciona la protecci\u00f3n y la asistencia para todos ante cualquier tipo de accidente o cat\u00e1strofe, as\u00ed como la salvaguarda de los bienes y del medio ambiente.<\/p>\n<p>En general, la protecci\u00f3n civil es la gesti\u00f3n de los servicios de emergencias de un pa\u00eds, extendida a todos los niveles, e involucrando a todas las partes.<\/p>\n<p>As\u00ed pues, son protecci\u00f3n civil el bombero que interviene en la extinci\u00f3n de un incendio y el rescate de las v\u00edctimas, el sanitario que atiende a los heridos y los traslada al hospital, el polic\u00eda que controla el acceso de veh\u00edculos y personas a una zona siniestrada, el operador telef\u00f3nico que atendi\u00f3 la llamada de emergencia, y el operador de radio que la transmiti\u00f3 al correspondiente servicio.<\/p>\n<p><strong>1.\u00a0\u00a0\u00a0\u00a0\u00a0\u00a0\u00a0 Se\u00f1ales y Avisos para Protecci\u00f3n Civil (Colores, formas y s\u00edmbolos a utilizar)<\/strong><\/p>\n<p>Es muy importante que sepas ubicar los tipos de se\u00f1alizaci\u00f3n que est\u00e1n expuestas en edificios p\u00fablicos, hospitales, centros comerciales, etc y que puedas aplicarlos tambi\u00e9n en tu casa.<\/p>\n<p>Cuando veas una se\u00f1alizaci\u00f3n as\u00ed:<\/p>\n<p><strong>SE\u00d1ALES INFORMATIVAS \u00a0 \u00a0 \u00a0 \u00a0 \u00a0 \u00a0 \u00a0 \u00a0 <\/strong><\/p>\n<div class=\"table-responsive\"><table class=\" table table-bordered table-striped\"><tbody><tr><td valign=\"top\" width=\"224\"><strong>&#xA0;<a href=\"http:\/\/www.tamaulipas.gob.mx\/proteccioncivil\/wp-content\/uploads\/sites\/36\/2011\/12\/ruta-de-evacuacion.jpg\"><img loading=\"lazy\" decoding=\"async\" class=\" wp-image-420 aligncenter\" title=\"ruta de evacuacion\" src=\"http:\/\/www.tamaulipas.gob.mx\/proteccioncivil\/wp-content\/uploads\/sites\/36\/2011\/12\/ruta-de-evacuacion.jpg\" alt=\"\" width=\"254\" height=\"160\"><\/a><\/strong><\/td>\n<td valign=\"top\" width=\"224\">Te indica que en caso de alg&#xFA;n&#xA0;accidente debes seguir la flecha y te llevar&#xE1; a la salida m&#xE1;s pr&#xF3;xima.<\/td>\n<\/tr><tr><td valign=\"top\" width=\"224\"><strong>&#xA0;<a href=\"http:\/\/www.tamaulipas.gob.mx\/proteccioncivil\/wp-content\/uploads\/sites\/36\/2011\/12\/punto-de-reunion.jpg\"><img loading=\"lazy\" decoding=\"async\" class=\" wp-image-422 aligncenter\" title=\"punto de reunion\" src=\"http:\/\/www.tamaulipas.gob.mx\/proteccioncivil\/wp-content\/uploads\/sites\/36\/2011\/12\/punto-de-reunion.jpg\" alt=\"\" width=\"207\" height=\"198\"><\/a><\/strong><\/td>\n<td valign=\"top\" width=\"224\">Es el punto de reuni&#xF3;n o zona de conteo al que debes dirigirte en caso de alg&#xFA;n accidente.<\/td>\n<\/tr><tr><td valign=\"top\" width=\"224\"><strong>&#xA0;<a href=\"http:\/\/www.tamaulipas.gob.mx\/proteccioncivil\/wp-content\/uploads\/sites\/36\/2011\/12\/primeros-auxilios.jpg\"><img loading=\"lazy\" decoding=\"async\" class=\" wp-image-423 aligncenter\" title=\"primeros auxilios\" src=\"http:\/\/www.tamaulipas.gob.mx\/proteccioncivil\/wp-content\/uploads\/sites\/36\/2011\/12\/primeros-auxilios.jpg\" alt=\"\" width=\"207\" height=\"199\"><\/a><\/strong><\/td>\n<td valign=\"top\" width=\"224\">Ubicaci&#xF3;n del lugar donde se dan los primeros auxilios.<\/td>\n<\/tr><tr><td valign=\"top\" width=\"224\"><strong>&#xA0;<a href=\"http:\/\/www.tamaulipas.gob.mx\/proteccioncivil\/wp-content\/uploads\/sites\/36\/2011\/12\/salida-de-emergencia.jpg\"><img loading=\"lazy\" decoding=\"async\" class=\"wp-image-424 aligncenter\" title=\"salida de emergencia\" src=\"http:\/\/www.tamaulipas.gob.mx\/proteccioncivil\/wp-content\/uploads\/sites\/36\/2011\/12\/salida-de-emergencia.jpg\" alt=\"\" width=\"257\" height=\"171\"><\/a><\/strong><\/td>\n<td valign=\"top\" width=\"224\">Ubicaci&#xF3;n de una salida de emergencia.<\/td>\n<\/tr><tr><td valign=\"top\" width=\"224\"><strong>&#xA0;<a href=\"http:\/\/www.tamaulipas.gob.mx\/proteccioncivil\/wp-content\/uploads\/sites\/36\/2011\/12\/escalera-de-emergencia.jpg\"><img loading=\"lazy\" decoding=\"async\" class=\"aligncenter wp-image-425\" title=\"escalera de emergencia\" src=\"http:\/\/www.tamaulipas.gob.mx\/proteccioncivil\/wp-content\/uploads\/sites\/36\/2011\/12\/escalera-de-emergencia.jpg\" alt=\"\" width=\"270\" height=\"174\"><\/a><\/strong><\/td>\n<td valign=\"top\" width=\"224\">Ubicaci&#xF3;n de una escalera de emergencia.<\/td>\n<\/tr><tr><td valign=\"top\" width=\"224\"><strong>&#xA0;<a href=\"http:\/\/www.tamaulipas.gob.mx\/proteccioncivil\/wp-content\/uploads\/sites\/36\/2011\/12\/informacion.jpg\"><img loading=\"lazy\" decoding=\"async\" class=\"size-thumbnail wp-image-426 aligncenter\" title=\"informacion\" src=\"http:\/\/www.tamaulipas.gob.mx\/proteccioncivil\/wp-content\/uploads\/sites\/36\/2011\/12\/informacion-150x150.jpg\" alt=\"\" width=\"150\" height=\"150\"><\/a><\/strong><\/td>\n<td valign=\"top\" width=\"224\">Ubicaci&#xF3;n de un m&#xF3;dulo de informaci&#xF3;n.<\/td>\n<\/tr><tr><td valign=\"top\" width=\"224\"><strong>&#xA0;<a href=\"http:\/\/www.tamaulipas.gob.mx\/proteccioncivil\/wp-content\/uploads\/sites\/36\/2011\/12\/puesto-de-vigilancia.jpg\"><img loading=\"lazy\" decoding=\"async\" class=\"size-thumbnail wp-image-427 aligncenter\" title=\"puesto de vigilancia\" src=\"http:\/\/www.tamaulipas.gob.mx\/proteccioncivil\/wp-content\/uploads\/sites\/36\/2011\/12\/puesto-de-vigilancia-150x150.jpg\" alt=\"\" width=\"150\" height=\"150\"><\/a><\/strong><\/td>\n<td valign=\"top\" width=\"224\">Puesto de Vigilancia.<\/td>\n<\/tr><\/tbody><\/table><\/div>\n<p><strong>SE\u00d1ALES DE RESTRICCI\u00d3N O PROHIBITIVAS<\/strong><\/p>\n<div class=\"table-responsive\"><table class=\" table table-bordered table-striped\"><tbody><tr><td valign=\"top\" width=\"224\">\n<p style=\"text-align: center\"><a href=\"http:\/\/www.tamaulipas.gob.mx\/proteccioncivil\/wp-content\/uploads\/sites\/36\/2011\/12\/no-encender-fuego.jpg\"><img loading=\"lazy\" decoding=\"async\" class=\"size-thumbnail wp-image-429 aligncenter\" title=\"no encender fuego\" src=\"http:\/\/www.tamaulipas.gob.mx\/proteccioncivil\/wp-content\/uploads\/sites\/36\/2011\/12\/no-encender-fuego-150x150.jpg\" alt=\"\" width=\"150\" height=\"150\"><\/a><\/p>\n<p style=\"text-align: center\">Prohibido encender fuego<\/p>\n<\/td>\n<td valign=\"top\" width=\"224\">\n<p style=\"text-align: center\"><a href=\"http:\/\/www.tamaulipas.gob.mx\/proteccioncivil\/wp-content\/uploads\/sites\/36\/2011\/12\/no-correr.jpg\"><img loading=\"lazy\" decoding=\"async\" class=\"size-thumbnail wp-image-432 aligncenter\" title=\"no correr\" src=\"http:\/\/www.tamaulipas.gob.mx\/proteccioncivil\/wp-content\/uploads\/sites\/36\/2011\/12\/no-correr-150x150.jpg\" alt=\"\" width=\"150\" height=\"150\"><\/a><\/p>\n<p style=\"text-align: center\">No correr<\/p>\n<\/td>\n<\/tr><tr><td valign=\"top\" width=\"224\">\n<p style=\"text-align: center\"><a href=\"http:\/\/www.tamaulipas.gob.mx\/proteccioncivil\/wp-content\/uploads\/sites\/36\/2011\/12\/prohibido-fumar.jpg\"><img loading=\"lazy\" decoding=\"async\" class=\"size-thumbnail wp-image-430 aligncenter\" title=\"prohibido fumar\" src=\"http:\/\/www.tamaulipas.gob.mx\/proteccioncivil\/wp-content\/uploads\/sites\/36\/2011\/12\/prohibido-fumar-150x150.jpg\" alt=\"\" width=\"150\" height=\"150\"><\/a><\/p>\n<p style=\"text-align: center\">Prohibido fumar<\/p>\n<\/td>\n<td valign=\"top\" width=\"224\">\n<p style=\"text-align: center\"><a href=\"http:\/\/www.tamaulipas.gob.mx\/proteccioncivil\/wp-content\/uploads\/sites\/36\/2011\/12\/no-empujar.jpg\"><img loading=\"lazy\" decoding=\"async\" class=\"size-thumbnail wp-image-433 aligncenter\" title=\"no empujar\" src=\"http:\/\/www.tamaulipas.gob.mx\/proteccioncivil\/wp-content\/uploads\/sites\/36\/2011\/12\/no-empujar-150x150.jpg\" alt=\"\" width=\"150\" height=\"150\"><\/a><\/p>\n<p style=\"text-align: center\">No empujar<\/p>\n<\/td>\n<\/tr><tr><td valign=\"top\" width=\"224\">\n<p style=\"text-align: center\"><a href=\"http:\/\/www.tamaulipas.gob.mx\/proteccioncivil\/wp-content\/uploads\/sites\/36\/2011\/12\/prohibido-el-paso.jpg\"><img loading=\"lazy\" decoding=\"async\" class=\"size-thumbnail wp-image-431 aligncenter\" title=\"prohibido el paso\" src=\"http:\/\/www.tamaulipas.gob.mx\/proteccioncivil\/wp-content\/uploads\/sites\/36\/2011\/12\/prohibido-el-paso-150x150.jpg\" alt=\"\" width=\"150\" height=\"150\"><\/a><\/p>\n<p style=\"text-align: center\">Prohibido el paso<\/p>\n<\/td>\n<td valign=\"top\" width=\"224\">\n<p style=\"text-align: center\"><a href=\"http:\/\/www.tamaulipas.gob.mx\/proteccioncivil\/wp-content\/uploads\/sites\/36\/2011\/12\/no-gritar.jpg\"><img loading=\"lazy\" decoding=\"async\" class=\"size-thumbnail wp-image-434 aligncenter\" title=\"no gritar\" src=\"http:\/\/www.tamaulipas.gob.mx\/proteccioncivil\/wp-content\/uploads\/sites\/36\/2011\/12\/no-gritar-150x150.jpg\" alt=\"\" width=\"150\" height=\"150\"><\/a><\/p>\n<p style=\"text-align: center\">No gritar<\/p>\n<\/td>\n<\/tr><\/tbody><\/table><\/div>\n<p><strong>SE\u00d1ALES DE PRECAUCI\u00d3N<\/strong><\/p>\n<div class=\"table-responsive\"><table class=\" table table-bordered table-striped\"><tbody><tr><td valign=\"top\" width=\"209\">\n<p style=\"text-align: center\"><a href=\"http:\/\/www.tamaulipas.gob.mx\/proteccioncivil\/wp-content\/uploads\/sites\/36\/2011\/12\/materiales-inflamables.jpg\"><img loading=\"lazy\" decoding=\"async\" class=\"aligncenter wp-image-438\" title=\"materiales inflamables\" src=\"http:\/\/www.tamaulipas.gob.mx\/proteccioncivil\/wp-content\/uploads\/sites\/36\/2011\/12\/materiales-inflamables.jpg\" alt=\"\" width=\"202\" height=\"171\"><\/a>Precauci&#xF3;n Materiales inflamables o combustibles<\/p>\n<\/td>\n<td valign=\"top\" width=\"208\">\n<p style=\"text-align: center\"><a href=\"http:\/\/www.tamaulipas.gob.mx\/proteccioncivil\/wp-content\/uploads\/sites\/36\/2011\/12\/sustancia-toxica.jpg\"><img loading=\"lazy\" decoding=\"async\" class=\"aligncenter wp-image-439\" title=\"sustancia toxica\" src=\"http:\/\/www.tamaulipas.gob.mx\/proteccioncivil\/wp-content\/uploads\/sites\/36\/2011\/12\/sustancia-toxica.jpg\" alt=\"\" width=\"217\" height=\"171\"><\/a>Precauci&#xF3;n sustancia t&#xF3;xica<\/p>\n<\/td>\n<\/tr><tr><td valign=\"top\" width=\"209\">\n<p style=\"text-align: center\"><a href=\"http:\/\/www.tamaulipas.gob.mx\/proteccioncivil\/wp-content\/uploads\/sites\/36\/2011\/12\/piso-resbaloso.jpg\"><img loading=\"lazy\" decoding=\"async\" class=\"aligncenter wp-image-440\" title=\"piso resbaloso\" src=\"http:\/\/www.tamaulipas.gob.mx\/proteccioncivil\/wp-content\/uploads\/sites\/36\/2011\/12\/piso-resbaloso.jpg\" alt=\"\" width=\"217\" height=\"171\"><\/a><\/p>\n<p style=\"text-align: center\">Piso resbaloso<\/p>\n<\/td>\n<td valign=\"top\" width=\"208\">\n<p style=\"text-align: center\"><a href=\"http:\/\/www.tamaulipas.gob.mx\/proteccioncivil\/wp-content\/uploads\/sites\/36\/2011\/12\/riesgo-electrico.jpg\"><img loading=\"lazy\" decoding=\"async\" class=\"aligncenter wp-image-441\" title=\"riesgo electrico\" src=\"http:\/\/www.tamaulipas.gob.mx\/proteccioncivil\/wp-content\/uploads\/sites\/36\/2011\/12\/riesgo-electrico.jpg\" alt=\"\" width=\"223\" height=\"181\"><\/a><\/p>\n<p style=\"text-align: center\">Advertencia de riesgo el&#xE9;ctrico<\/p>\n<\/td>\n<\/tr><tr><td colspan=\"2\" valign=\"top\" width=\"417\"><a href=\"http:\/\/www.tamaulipas.gob.mx\/proteccioncivil\/wp-content\/uploads\/sites\/36\/2011\/12\/banda-de-restriccion.jpg\"><img loading=\"lazy\" decoding=\"async\" class=\"alignnone wp-image-442\" title=\"banda de restriccion\" src=\"http:\/\/www.tamaulipas.gob.mx\/proteccioncivil\/wp-content\/uploads\/sites\/36\/2011\/12\/banda-de-restriccion.jpg\" alt=\"\" width=\"448\" height=\"79\"><\/a>\n<p style=\"text-align: center\">Zona de acceso restringido<\/p>\n<\/td>\n<\/tr><\/tbody><\/table><\/div>\n<p><strong>2. Recomendaciones<\/strong><\/p>\n<ul>\n<li>Ret\u00edrate de cosas calientes que puedan hacer da\u00f1o.<\/li>\n<li>Avisa a un adulto cuando encuentres cerillos o encendedores.<\/li>\n<li>Detente, t\u00edrate al suelo y rueda s\u00ed se te encienda la ropa.<\/li>\n<li>Enfr\u00eda una quemadura<\/li>\n<li>Gatear por debajo del humo<\/li>\n<li>Reconoce el sonido de la alarma o el detector de humo<\/li>\n<li>Pr\u00e1ctica el plan de escape<\/li>\n<li>Reconoce al bombero como alguien que puede ayudar<\/li>\n<\/ul>\n<div class='owl-gallery'><div class='item'><a href='https:\/\/www.tamaulipas.gob.mx\/proteccioncivil\/wp-content\/uploads\/sites\/36\/2011\/12\/DSC_7808.jpg' rel='galeria'><img src='https:\/\/www.tamaulipas.gob.mx\/proteccioncivil\/wp-content\/uploads\/sites\/36\/2011\/12\/DSC_7808-850x500.jpg' srcset='' sizes='auto' alt=''><\/a><figcaption><\/figcaption><\/div><div class='item'><a href='https:\/\/www.tamaulipas.gob.mx\/proteccioncivil\/wp-content\/uploads\/sites\/36\/2011\/12\/DSC_7928-e1332351891554.jpg' rel='galeria'><img src='https:\/\/www.tamaulipas.gob.mx\/proteccioncivil\/wp-content\/uploads\/sites\/36\/2011\/12\/DSC_7928-e1332351891554-850x500.jpg' srcset='' sizes='auto' alt=''><\/a><figcaption><\/figcaption><\/div><div class='item'><a href='https:\/\/www.tamaulipas.gob.mx\/proteccioncivil\/wp-content\/uploads\/sites\/36\/2011\/12\/DSC_7977.jpg' rel='galeria'><img src='https:\/\/www.tamaulipas.gob.mx\/proteccioncivil\/wp-content\/uploads\/sites\/36\/2011\/12\/DSC_7977-850x500.jpg' srcset='' sizes='auto' alt=''><\/a><figcaption><\/figcaption><\/div><\/div>\n","protected":false},"excerpt":{"rendered":"<p>Protecci\u00f3n Civil es el sistema por el que cada pa\u00eds proporciona la protecci\u00f3n y la asistencia para todos ante cualquier tipo de accidente o cat\u00e1strofe,\u2026<\/p>\n","protected":false},"author":59,"featured_media":0,"parent":0,"menu_order":0,"comment_status":"closed","ping_status":"closed","template":"","meta":{"footnotes":""},"class_list":["post-112","page","type-page","status-publish","hentry"],"publishpress_future_action":{"enabled":false,"date":"2026-05-16 11:31:49","action":"change-status","newStatus":"draft","terms":[],"taxonomy":""},"_links":{"self":[{"href":"https:\/\/www.tamaulipas.gob.mx\/proteccioncivil\/wp-json\/wp\/v2\/pages\/112"}],"collection":[{"href":"https:\/\/www.tamaulipas.gob.mx\/proteccioncivil\/wp-json\/wp\/v2\/pages"}],"about":[{"href":"https:\/\/www.tamaulipas.gob.mx\/proteccioncivil\/wp-json\/wp\/v2\/types\/page"}],"author":[{"embeddable":true,"href":"https:\/\/www.tamaulipas.gob.mx\/proteccioncivil\/wp-json\/wp\/v2\/users\/59"}],"replies":[{"embeddable":true,"href":"https:\/\/www.tamaulipas.gob.mx\/proteccioncivil\/wp-json\/wp\/v2\/comments?post=112"}],"version-history":[{"count":5,"href":"https:\/\/www.tamaulipas.gob.mx\/proteccioncivil\/wp-json\/wp\/v2\/pages\/112\/revisions"}],"predecessor-version":[{"id":5458,"href":"https:\/\/www.tamaulipas.gob.mx\/proteccioncivil\/wp-json\/wp\/v2\/pages\/112\/revisions\/5458"}],"wp:attachment":[{"href":"https:\/\/www.tamaulipas.gob.mx\/proteccioncivil\/wp-json\/wp\/v2\/media?parent=112"}],"curies":[{"name":"wp","href":"https:\/\/api.w.org\/{rel}","templated":true}]}}