{"id":106,"date":"2011-12-19T17:44:41","date_gmt":"2011-12-19T17:44:41","guid":{"rendered":"http:\/\/proteccioncivil.tamaulipas.gob.mx\/?page_id=106"},"modified":"2021-10-04T10:03:55","modified_gmt":"2021-10-04T15:03:55","slug":"tramites","status":"publish","type":"page","link":"https:\/\/www.tamaulipas.gob.mx\/proteccioncivil\/tramites\/","title":{"rendered":"Tr\u00e1mites y Servicios"},"content":{"rendered":"<p>&nbsp;<\/p>\n<table width=\"488.0\" cellspacing=\"0\" cellpadding=\"0\">\n<tbody>\n<tr>\n<td valign=\"middle\">\n<ul style=\"list-style-type: circle;\">\n<li>Capacitaci\u00f3n a Empresas Privadas.<\/li>\n<\/ul>\n<\/td>\n<\/tr>\n<tr>\n<td valign=\"middle\">\n<ul style=\"list-style-type: circle;\">\n<li>Capacitaci\u00f3n, Actualizaci\u00f3n, Especializaci\u00f3n y Profesionalizaci\u00f3n de integrantes de empresas privadas de protecci\u00f3n y vigilancia (diariamente por cada elemento)<\/li>\n<\/ul>\n<\/td>\n<\/tr>\n<tr>\n<td valign=\"middle\">\n<ul style=\"list-style-type: circle;\">\n<li>Certificaci\u00f3n anual a empresas privadas que presenten sevicios de protecci\u00f3n y vigilancia.<\/li>\n<\/ul>\n<\/td>\n<\/tr>\n<tr>\n<td valign=\"middle\">\n<ul style=\"list-style-type: circle;\">\n<li>Certificaci\u00f3n de los programas de seguridad de los establecimientos en que se re\u00fanen personas que pueden correr riesgo por eventos de emergencia<\/li>\n<\/ul>\n<\/td>\n<\/tr>\n<tr>\n<td valign=\"middle\">\n<ul style=\"list-style-type: circle;\">\n<li>Dictamen Carta de Factibilidad para : Fabricaci\u00f3n y Venta de artificios pirot\u00e9cnicos.<\/li>\n<\/ul>\n<\/td>\n<\/tr>\n<tr>\n<td valign=\"middle\">\n<ul style=\"list-style-type: circle;\">\n<li>Dictamen Carta de Factibilidad para :compra, almacenamiento y consumo de materiales qu\u00edmicos explosivos para industrias.<\/li>\n<\/ul>\n<\/td>\n<\/tr>\n<tr>\n<td valign=\"middle\">\n<ul style=\"list-style-type: circle;\">\n<li>Dictamen Carta de Factibilidad para: compra , almacenamiento y venta de cartuchos deportivos.<\/li>\n<\/ul>\n<\/td>\n<\/tr>\n<tr>\n<td valign=\"middle\">\n<ul style=\"list-style-type: circle;\">\n<li>Dictamen Carta de Factibilidad para: Transporte especializado de materiales y residuos peligrosos.<\/li>\n<\/ul>\n<\/td>\n<\/tr>\n<tr>\n<td valign=\"middle\">\n<ul style=\"list-style-type: circle;\">\n<li>Dictamen de An\u00e1lisis de Riesgo Ambiental<\/li>\n<\/ul>\n<\/td>\n<\/tr>\n<tr>\n<td valign=\"middle\">\n<ul style=\"list-style-type: circle;\">\n<li>Dictamen de An\u00e1lisis de Riesgo y Plan de Contingencias a Estaciones de Servicios , Gaseras y otras Empresas de alto riesgo.<\/li>\n<\/ul>\n<\/td>\n<\/tr>\n<tr>\n<td valign=\"middle\">\n<ul style=\"list-style-type: circle;\">\n<li>Dictamen de Impacto Ambiental<\/li>\n<\/ul>\n<\/td>\n<\/tr>\n<tr>\n<td valign=\"middle\">\n<ul style=\"list-style-type: circle;\">\n<li>Dictamen para detectar Zonas de Riesgo (Nuevos Asentamientos Humanos).<\/li>\n<\/ul>\n<\/td>\n<\/tr>\n<tr>\n<td valign=\"middle\">\n<ul style=\"list-style-type: circle;\">\n<li>Expedici\u00f3n de constancias de cumplimiento de requisitos para la celebraci\u00f3n de eventos de regulaci\u00f3n especial.<\/li>\n<\/ul>\n<\/td>\n<\/tr>\n<tr>\n<td valign=\"middle\">\n<ul style=\"list-style-type: circle;\">\n<li>Por la Emisi\u00f3n de Dict\u00e1menes y\/o Resoluciones de An\u00e1lisis de Riesgo<\/li>\n<\/ul>\n<\/td>\n<\/tr>\n<\/tbody>\n<\/table>\n","protected":false},"excerpt":{"rendered":"<p>&nbsp; Capacitaci\u00f3n a Empresas Privadas. Capacitaci\u00f3n, Actualizaci\u00f3n, Especializaci\u00f3n y Profesionalizaci\u00f3n de integrantes de empresas privadas de protecci\u00f3n y vigilancia (diariamente por cada elemento) Certificaci\u00f3n anual\u2026<\/p>\n","protected":false},"author":59,"featured_media":0,"parent":0,"menu_order":0,"comment_status":"closed","ping_status":"closed","template":"","meta":{"footnotes":""},"class_list":["post-106","page","type-page","status-publish","hentry"],"publishpress_future_action":{"enabled":false,"date":"2026-04-28 12:54:05","action":"change-status","newStatus":"draft","terms":[],"taxonomy":""},"_links":{"self":[{"href":"https:\/\/www.tamaulipas.gob.mx\/proteccioncivil\/wp-json\/wp\/v2\/pages\/106"}],"collection":[{"href":"https:\/\/www.tamaulipas.gob.mx\/proteccioncivil\/wp-json\/wp\/v2\/pages"}],"about":[{"href":"https:\/\/www.tamaulipas.gob.mx\/proteccioncivil\/wp-json\/wp\/v2\/types\/page"}],"author":[{"embeddable":true,"href":"https:\/\/www.tamaulipas.gob.mx\/proteccioncivil\/wp-json\/wp\/v2\/users\/59"}],"replies":[{"embeddable":true,"href":"https:\/\/www.tamaulipas.gob.mx\/proteccioncivil\/wp-json\/wp\/v2\/comments?post=106"}],"version-history":[{"count":20,"href":"https:\/\/www.tamaulipas.gob.mx\/proteccioncivil\/wp-json\/wp\/v2\/pages\/106\/revisions"}],"predecessor-version":[{"id":5845,"href":"https:\/\/www.tamaulipas.gob.mx\/proteccioncivil\/wp-json\/wp\/v2\/pages\/106\/revisions\/5845"}],"wp:attachment":[{"href":"https:\/\/www.tamaulipas.gob.mx\/proteccioncivil\/wp-json\/wp\/v2\/media?parent=106"}],"curies":[{"name":"wp","href":"https:\/\/api.w.org\/{rel}","templated":true}]}}