{"id":916,"date":"2021-09-01T15:06:16","date_gmt":"2021-09-01T20:06:16","guid":{"rendered":"https:\/\/www.tamaulipas.gob.mx\/parquesybiodiversidad\/?page_id=916"},"modified":"2025-03-18T12:07:33","modified_gmt":"2025-03-18T18:07:33","slug":"museo-de-historia-natural-de-tamaulipas","status":"publish","type":"page","link":"https:\/\/www.tamaulipas.gob.mx\/parquesybiodiversidad\/parques\/museo-de-historia-natural-de-tamaulipas\/","title":{"rendered":"Museo de Historia Natural de Tamaulipas"},"content":{"rendered":"<p><img loading=\"lazy\" decoding=\"async\" class=\"alignnone size-full wp-image-2772\" src=\"http:\/\/www.tamaulipas.gob.mx\/parquesybiodiversidad\/wp-content\/uploads\/sites\/44\/2024\/05\/sin-titulo-2-1.png\" alt=\"\" width=\"943\" height=\"398\" \/><\/p>\n<h3>Antecedentes y objetivos<\/h3>\n<p style=\"text-align: justify;\">El Museo Tamux abre sus puertas en febrero de 2004, teniendo como objetivo primordial el ser un centro de divulgaci\u00f3n cient\u00edfica y tecnol\u00f3gica, bajo el formato de \u201cmuseo interactivo\u201d. Cuenta con 5 salas tem\u00e1ticas, una sala de proyecci\u00f3n en tercera dimensi\u00f3n de alta definici\u00f3n, una sala de exposiciones temporales, una concha ac\u00fastica y uno de los 22 planetarios existentes en el pa\u00eds.<\/p>\n<h3>Espacios<\/h3>\n<p><strong>Sala de Proyecciones En 3-D<\/strong><br \/>\nLa Sala de Proyecciones en 3-D \u201cDr. Ruy P\u00e9rez Tamayo\u201d, es \u00fanica en el estado. Cuenta con 114 butacas y los m\u00e1s modernos sistemas de audio y video. Funciona tambi\u00e9n como auditorio para conferencias, presentaciones de libros y eventos art\u00edsticos.<\/p>\n<p><strong>Salas Tem\u00e1ticas<\/strong><br \/>\nLa visita al museo incluye un recorrido por las 5 salas del museo, las cuales, por medio de pantallas interactivas, audios, videos, textos y modelos a escala, narran el origen y la evoluci\u00f3n del universo y de la vida.<br \/>\nSala 1.- El Universo<br \/>\nSala 2.- La Vida<br \/>\nSala 3.- Evoluci\u00f3n y Paleontolog\u00eda<br \/>\nSala 4.- Biodiversidad Tamaulipeca<br \/>\nSala 5.- El Hombre y la Naturaleza<\/p>\n<p><strong>Sala de Exposiciones Temporales<\/strong><br \/>\nEspacio de 80 m2, que se utiliza para la presentaci\u00f3n de exhibiciones art\u00edsticas, culturales y cient\u00edficas. La fotograf\u00eda, la escultura, la pintura y las colecciones antropol\u00f3gicas son las continuas visitantes de este lugar.<\/p>\n<h3>Concha Ac\u00fastica<\/h3>\n<p>Ubicada al aire libre, en un \u00e1rea muy cercana al museo, la Concha Ac\u00fastica permite recibir hasta 1,200 personas para eventos masivos. Recientemente remodelada, cuenta con iluminaci\u00f3n, camerinos y ba\u00f1os propios.<\/p>\n<p>&nbsp;<\/p>\n<h3>Tarifas:<\/h3>\n<p>Entrada general \u2013 $ 35.00<\/p>\n<p>Ni\u00f1os- $20.00 (ni\u00f1os menores de 3 a\u00f1os \u2013 Gratis)<\/p>\n<p>INSEN- $20.00 presentando credencial<\/p>\n<p>Maestros $20.00 presentando credencial<\/p>\n<p>Estudiante $20.00 presentando credencial<\/p>\n<p>Capacidades diferne3ntes entrada gratis<\/p>\n<p>Taller Manuales- $5.00<\/p>\n<p>Visita Guiada TAMUX (hasta 50 personas)- $120.00<\/p>\n<p>Gu\u00eda Escolar TAMUX- $60.00<\/p>\n<p><em><strong>Mi\u00e9rcoles a domingo de 10:00 am \u2013 5:00 pm<\/strong><\/em><br \/>\n<em><strong>Taquilla cierra a las 5:00 pm<\/strong><\/em><\/p>\n<div class='owl-gallery'><div class='item'><a href='https:\/\/www.tamaulipas.gob.mx\/parquesybiodiversidad\/wp-content\/uploads\/sites\/44\/2021\/09\/planetario-de-cd.-victoria-celebrara-su-20-aniversario.jpg' rel='galeria'><img src='https:\/\/www.tamaulipas.gob.mx\/parquesybiodiversidad\/wp-content\/uploads\/sites\/44\/2021\/09\/planetario-de-cd.-victoria-celebrara-su-20-aniversario-850x500.jpg' srcset='' sizes='auto' alt=''><\/a><figcaption><\/figcaption><\/div><div class='item'><a href='https:\/\/www.tamaulipas.gob.mx\/parquesybiodiversidad\/wp-content\/uploads\/sites\/44\/2021\/09\/tamux-2.jpg' rel='galeria'><img src='https:\/\/www.tamaulipas.gob.mx\/parquesybiodiversidad\/wp-content\/uploads\/sites\/44\/2021\/09\/tamux-2-850x500.jpg' srcset='' sizes='auto' alt=''><\/a><figcaption><\/figcaption><\/div><div class='item'><a href='https:\/\/www.tamaulipas.gob.mx\/parquesybiodiversidad\/wp-content\/uploads\/sites\/44\/2021\/09\/tamux-3.jpg' rel='galeria'><img src='https:\/\/www.tamaulipas.gob.mx\/parquesybiodiversidad\/wp-content\/uploads\/sites\/44\/2021\/09\/tamux-3-850x500.jpg' srcset='' sizes='auto' alt=''><\/a><figcaption><\/figcaption><\/div><div class='item'><a href='https:\/\/www.tamaulipas.gob.mx\/parquesybiodiversidad\/wp-content\/uploads\/sites\/44\/2021\/09\/tamux-4.jpg' rel='galeria'><img src='https:\/\/www.tamaulipas.gob.mx\/parquesybiodiversidad\/wp-content\/uploads\/sites\/44\/2021\/09\/tamux-4-850x500.jpg' srcset='' sizes='auto' alt=''><\/a><figcaption><\/figcaption><\/div><div class='item'><a href='https:\/\/www.tamaulipas.gob.mx\/parquesybiodiversidad\/wp-content\/uploads\/sites\/44\/2021\/09\/tamux-5.1.jpg' rel='galeria'><img src='https:\/\/www.tamaulipas.gob.mx\/parquesybiodiversidad\/wp-content\/uploads\/sites\/44\/2021\/09\/tamux-5.1-850x500.jpg' srcset='' sizes='auto' alt=''><\/a><figcaption><\/figcaption><\/div><div class='item'><a href='https:\/\/www.tamaulipas.gob.mx\/parquesybiodiversidad\/wp-content\/uploads\/sites\/44\/2021\/09\/tamux-5.jpg' rel='galeria'><img src='https:\/\/www.tamaulipas.gob.mx\/parquesybiodiversidad\/wp-content\/uploads\/sites\/44\/2021\/09\/tamux-5-850x500.jpg' srcset='' sizes='auto' alt=''><\/a><figcaption><\/figcaption><\/div><div class='item'><a href='https:\/\/www.tamaulipas.gob.mx\/parquesybiodiversidad\/wp-content\/uploads\/sites\/44\/2021\/09\/planetario-1.jpg' rel='galeria'><img src='https:\/\/www.tamaulipas.gob.mx\/parquesybiodiversidad\/wp-content\/uploads\/sites\/44\/2021\/09\/planetario-1-850x500.jpg' srcset='' sizes='auto' alt=''><\/a><figcaption><\/figcaption><\/div><\/div>\n","protected":false},"excerpt":{"rendered":"<p>Antecedentes y objetivos El Museo Tamux abre sus puertas en febrero de 2004, teniendo como objetivo primordial el ser un centro de divulgaci\u00f3n cient\u00edfica y\u2026<\/p>\n","protected":false},"author":1,"featured_media":0,"parent":168,"menu_order":0,"comment_status":"closed","ping_status":"closed","template":"","meta":{"footnotes":""},"class_list":["post-916","page","type-page","status-publish","hentry"],"publishpress_future_action":{"enabled":false,"date":"2026-04-21 23:18:15","action":"change-status","newStatus":"draft","terms":[],"taxonomy":""},"_links":{"self":[{"href":"https:\/\/www.tamaulipas.gob.mx\/parquesybiodiversidad\/wp-json\/wp\/v2\/pages\/916"}],"collection":[{"href":"https:\/\/www.tamaulipas.gob.mx\/parquesybiodiversidad\/wp-json\/wp\/v2\/pages"}],"about":[{"href":"https:\/\/www.tamaulipas.gob.mx\/parquesybiodiversidad\/wp-json\/wp\/v2\/types\/page"}],"author":[{"embeddable":true,"href":"https:\/\/www.tamaulipas.gob.mx\/parquesybiodiversidad\/wp-json\/wp\/v2\/users\/1"}],"replies":[{"embeddable":true,"href":"https:\/\/www.tamaulipas.gob.mx\/parquesybiodiversidad\/wp-json\/wp\/v2\/comments?post=916"}],"version-history":[{"count":14,"href":"https:\/\/www.tamaulipas.gob.mx\/parquesybiodiversidad\/wp-json\/wp\/v2\/pages\/916\/revisions"}],"predecessor-version":[{"id":3734,"href":"https:\/\/www.tamaulipas.gob.mx\/parquesybiodiversidad\/wp-json\/wp\/v2\/pages\/916\/revisions\/3734"}],"up":[{"embeddable":true,"href":"https:\/\/www.tamaulipas.gob.mx\/parquesybiodiversidad\/wp-json\/wp\/v2\/pages\/168"}],"wp:attachment":[{"href":"https:\/\/www.tamaulipas.gob.mx\/parquesybiodiversidad\/wp-json\/wp\/v2\/media?parent=916"}],"curies":[{"name":"wp","href":"https:\/\/api.w.org\/{rel}","templated":true}]}}