{"id":2873,"date":"2024-05-28T16:22:25","date_gmt":"2024-05-28T22:22:25","guid":{"rendered":"https:\/\/www.tamaulipas.gob.mx\/parquesybiodiversidad\/?page_id=2873"},"modified":"2024-05-28T16:33:29","modified_gmt":"2024-05-28T22:33:29","slug":"ocelote","status":"publish","type":"page","link":"https:\/\/www.tamaulipas.gob.mx\/parquesybiodiversidad\/ocelote\/","title":{"rendered":"Ocelote"},"content":{"rendered":"<p><img loading=\"lazy\" decoding=\"async\" class=\"aligncenter wp-image-2877\" src=\"http:\/\/www.tamaulipas.gob.mx\/parquesybiodiversidad\/wp-content\/uploads\/sites\/44\/2024\/05\/nvo-logo-ocelote-1.png\" alt=\"\" width=\"608\" height=\"608\" \/><\/p>\n<p>Manejo, monitoreo, conservaci\u00f3n\u00a0 y\u00a0 translocaci\u00f3n del Ocelote (<em>Leopardus pardalis<\/em>) en Tamaulipas.<\/p>\n<p><img loading=\"lazy\" decoding=\"async\" class=\"alignnone size-full wp-image-1756\" src=\"http:\/\/www.tamaulipas.gob.mx\/parquesybiodiversidad\/wp-content\/uploads\/sites\/44\/2023\/08\/mision-vision-4.png\" alt=\"\" width=\"555\" height=\"112\" \/><\/p>\n<p style=\"text-align: justify;\">El Programa de investigaci\u00f3n se enfoca en conocer la distribuci\u00f3n y condiciones en las que se encuentran las poblaciones de ocelote en algunos municipios el estado. Es una especie amenazada en todo el territorio mexicano, debido a la p\u00e9rdida y fragmentaci\u00f3n del h\u00e1bitat lo que ocasiona que sus poblaciones se vean afectadas en gran medida debido a la creciente presi\u00f3n hacia los ecosistemas naturales, lo que impacta de manera significativa a esta especie y sus presas, adem\u00e1s de la cacer\u00eda furtiva.<\/p>\n<p style=\"text-align: justify;\">\nTamaulipas cuenta con diversos ecosistemas, destacando algunos como la Sierra Madre Oriental, Sierra de Tamaulipas, Sierra de Maratines y la Sierra de San Carlos con sus zonas de influencia, que conforman m\u00e1s de un mill\u00f3n de hect\u00e1reas de h\u00e1bitat id\u00f3neo para la especie, donde se lleva a cabo el estudio, y donde sus movimientos hogare\u00f1os se registran en base a las se\u00f1ales que env\u00edan los Collares de Rastreo Satelital (GPS) que se les coloca.<\/p>\n<p>Cabe se\u00f1alar que, para la implementaci\u00f3n de este programa, se tomaron en cuenta tres<br \/>\ncriterios b\u00e1sicos:<\/p>\n<ul>\n<li>Que la presencia del ocelote ha sido recurrente en las im\u00e1genes y videos que se<br \/>\nobtienen en otro estudio que realiza la CPBT sobre el Jaguar.<\/li>\n<li>Que se reportan avistamientos y ataques sobre animales dom\u00e9sticos, poni\u00e9ndolo en<br \/>\nriesgo por represalia.<\/li>\n<li>Que se trata de una especie en Peligro de Extinci\u00f3n en M\u00e9xico.<\/li>\n<\/ul>\n<p>&nbsp;<\/p>\n<p><img loading=\"lazy\" decoding=\"async\" class=\"alignnone size-full wp-image-1758\" src=\"http:\/\/www.tamaulipas.gob.mx\/parquesybiodiversidad\/wp-content\/uploads\/sites\/44\/2023\/08\/mision-vision-6.png\" alt=\"\" width=\"555\" height=\"112\" \/><\/p>\n<p>Estimar la poblaci\u00f3n y distribuci\u00f3n del Ocelote (<em>Leopardus pardalis<\/em>) realizando monitoreos en puntos de inter\u00e9s de la zona de influencia.<\/p>\n<p><img loading=\"lazy\" decoding=\"async\" class=\"alignnone size-full wp-image-1771\" src=\"http:\/\/www.tamaulipas.gob.mx\/parquesybiodiversidad\/wp-content\/uploads\/sites\/44\/2023\/08\/mision-vision-7.png\" alt=\"\" width=\"555\" height=\"112\" \/><\/p>\n<ul>\n<li>Monitoreo de la especie usando c\u00e1maras con sensor de movimiento instaladas en estaciones de foto-trampeo.<\/li>\n<li>Atender las denuncias de los productores pecuarios, de depredaci\u00f3n por Ocelote a sus hatos de producci\u00f3n y animales dom\u00e9sticos.<\/li>\n<li>Crear un cat\u00e1logo de identificaci\u00f3n de individuos, utilizando la plataforma Wildbook&#x2122;.<\/li>\n<li>Capturar Ocelotes mediante el uso de jaulas de trampeo para colocar collares con GPS para el estudio de sus \u00e1reas de movimiento.<\/li>\n<li>Obtener un c\u00f3digo de barras (molecular) con la secuencia gen\u00f3mica mediante la toma de muestras de sangre y\/o pelo de ejemplares.<\/li>\n<li>Promover la cultura de la conservaci\u00f3n, principalmente en el sector rural, a trav\u00e9s de la informaci\u00f3n sobre la especie y su h\u00e1bitat, y los beneficios que aporta su conservaci\u00f3n y el desarrollo de este tipo de proyectos.<\/li>\n<li>Gestionar y\/o fortalecer Acuerdos de Cooperaci\u00f3n a nivel local, nacional e internacional.<\/li>\n<\/ul>\n<p><img loading=\"lazy\" decoding=\"async\" class=\"alignnone size-full wp-image-1757\" src=\"http:\/\/www.tamaulipas.gob.mx\/parquesybiodiversidad\/wp-content\/uploads\/sites\/44\/2023\/08\/mision-vision-5.png\" alt=\"\" width=\"555\" height=\"112\" \/><\/p>\n<p style=\"text-align: justify;\">A partir del a\u00f1o 2021 se puso en marcha este Programa con el fin de atender el conflicto ocelote-humano, debido a la depredaci\u00f3n sobre los animales dom\u00e9sticos, actuando con oportunidad en atenci\u00f3n a los reportes de los productores pecuarios, a fin de mitigar las potenciales bajas de individuos de las poblaciones de ocelotes.<br \/>\nSe realizaron m\u00faltiples visitas a diferentes ranchos y\/o predios, principalmente en los Municipios de Abasolo, Aldama, Casas, G\u00f3mez Far\u00edas, G\u00fcemez, Ocampo, San Carlos, Soto La Marina, Llera y Victoria, donde se instalaron 54 Estaciones de Monitoreo, 99 c\u00e1maras-trampa, y 14 jaulas de captura, habi\u00e9ndose logrado 15 capturas e igual n\u00famero de liberaciones, de las cuales, siete individuos fueron candidatos para la colocaci\u00f3n de un Dispositivo o Collar de Rastreo Satelital (GPS) que nos ha permitido ir conociendo sus<br \/>\nmovimientos y \u00e1mbito hogare\u00f1o.<\/p>\n<p style=\"text-align: justify;\">Se contin\u00faa trabajando en el muestreo de cada individuo capturado, para obtener su C\u00f3digo de Barras Molecular con su secuencia gen\u00f3mica. En relaci\u00f3n a la identificaci\u00f3n de individuos por medio de an\u00e1lisis de sus patrones de manchas en el pelaje, a la fecha se han identificado como \u201c\u00fanicos\u201d 60 ocelotes e, los municipios antes mencionados, con base a 83 im\u00e1genes obtenidas en las c\u00e1maras-trampa, que fueron subidas a la Plataforma Wildbook&#x2122;.<\/p>\n<p>&nbsp;<\/p>\n<p>&nbsp;<\/p>\n<p>&nbsp;<\/p>\n","protected":false},"excerpt":{"rendered":"<p>Manejo, monitoreo, conservaci\u00f3n\u00a0 y\u00a0 translocaci\u00f3n del Ocelote (Leopardus pardalis) en Tamaulipas. El Programa de investigaci\u00f3n se enfoca en conocer la distribuci\u00f3n y condiciones en las\u2026<\/p>\n","protected":false},"author":321,"featured_media":0,"parent":0,"menu_order":0,"comment_status":"closed","ping_status":"closed","template":"","meta":{"footnotes":""},"class_list":["post-2873","page","type-page","status-publish","hentry"],"publishpress_future_action":{"enabled":false,"date":"2026-04-25 22:29:28","action":"change-status","newStatus":"draft","terms":[],"taxonomy":""},"_links":{"self":[{"href":"https:\/\/www.tamaulipas.gob.mx\/parquesybiodiversidad\/wp-json\/wp\/v2\/pages\/2873"}],"collection":[{"href":"https:\/\/www.tamaulipas.gob.mx\/parquesybiodiversidad\/wp-json\/wp\/v2\/pages"}],"about":[{"href":"https:\/\/www.tamaulipas.gob.mx\/parquesybiodiversidad\/wp-json\/wp\/v2\/types\/page"}],"author":[{"embeddable":true,"href":"https:\/\/www.tamaulipas.gob.mx\/parquesybiodiversidad\/wp-json\/wp\/v2\/users\/321"}],"replies":[{"embeddable":true,"href":"https:\/\/www.tamaulipas.gob.mx\/parquesybiodiversidad\/wp-json\/wp\/v2\/comments?post=2873"}],"version-history":[{"count":3,"href":"https:\/\/www.tamaulipas.gob.mx\/parquesybiodiversidad\/wp-json\/wp\/v2\/pages\/2873\/revisions"}],"predecessor-version":[{"id":2879,"href":"https:\/\/www.tamaulipas.gob.mx\/parquesybiodiversidad\/wp-json\/wp\/v2\/pages\/2873\/revisions\/2879"}],"wp:attachment":[{"href":"https:\/\/www.tamaulipas.gob.mx\/parquesybiodiversidad\/wp-json\/wp\/v2\/media?parent=2873"}],"curies":[{"name":"wp","href":"https:\/\/api.w.org\/{rel}","templated":true}]}}