{"id":248,"date":"2019-03-01T11:58:50","date_gmt":"2019-03-01T17:58:50","guid":{"rendered":"https:\/\/www.tamaulipas.gob.mx\/parquesybiodiversidad\/?page_id=248"},"modified":"2024-05-28T16:42:46","modified_gmt":"2024-05-28T22:42:46","slug":"guacamaya-verde","status":"publish","type":"page","link":"https:\/\/www.tamaulipas.gob.mx\/parquesybiodiversidad\/programas\/guacamaya-verde\/","title":{"rendered":"Guacamaya verde"},"content":{"rendered":"<p><img loading=\"lazy\" decoding=\"async\" class=\"wp-image-2880 aligncenter\" src=\"http:\/\/www.tamaulipas.gob.mx\/parquesybiodiversidad\/wp-content\/uploads\/sites\/44\/2024\/05\/guacamaya.jpeg\" alt=\"\" width=\"576\" height=\"576\" \/><\/p>\n<p>&nbsp;<\/p>\n<blockquote><p>Programa de Conservaci\u00f3n de la Guacamaya Verde (<em>Ara militaris<\/em>) del noreste de M\u00e9xico<\/p><\/blockquote>\n<p>&nbsp;<\/p>\n<p>&nbsp;<\/p>\n<p><img loading=\"lazy\" decoding=\"async\" class=\"alignnone size-full wp-image-1756\" src=\"http:\/\/www.tamaulipas.gob.mx\/parquesybiodiversidad\/wp-content\/uploads\/sites\/44\/2023\/08\/mision-vision-4.png\" alt=\"\" width=\"555\" height=\"112\" \/><\/p>\n<p>La Guacamaya Verde se encuentra en Peligro de Extinci\u00f3n (NOM-059-SEMARNAT-2010) debido a la destrucci\u00f3n de su h\u00e1bitat y al tr\u00e1fico ilegal. En M\u00e9xico existen dos poblaciones separadas de guacamaya verde, una perteneciente al Pacifico y la segunda al Golfo de M\u00e9xico, se ha comprobado que estas poblaciones disyuntas son diferentes gen\u00e9ticamente por lo cual conservarlas en sus sitios es de relevante importancia.<\/p>\n<p>&nbsp;<\/p>\n<p><img loading=\"lazy\" decoding=\"async\" class=\"alignnone size-full wp-image-1778\" src=\"http:\/\/www.tamaulipas.gob.mx\/parquesybiodiversidad\/wp-content\/uploads\/sites\/44\/2023\/08\/mision-vision-9.png\" alt=\"\" width=\"555\" height=\"112\" \/><\/p>\n<p>Contribuir y Apoyar a la conservaci\u00f3n de poblaciones de Guacamaya Verde (Ara militaris) del noreste de M\u00e9xico mediante el establecimiento de un plan de manejo bajo condiciones contraladas en el ZT.<\/p>\n<p>&nbsp;<\/p>\n<p><img loading=\"lazy\" decoding=\"async\" class=\"alignnone size-full wp-image-1757\" src=\"http:\/\/www.tamaulipas.gob.mx\/parquesybiodiversidad\/wp-content\/uploads\/sites\/44\/2023\/08\/mision-vision-5.png\" alt=\"\" width=\"555\" height=\"112\" \/><\/p>\n<p>El Zool\u00f3gico Tamat\u00e1n cuenta con una poblaci\u00f3n de 6 ejemplares de Guacamaya Verde, algunos de ellos con una edad aproximada de 25 a\u00f1os, al analizar los individuos mediante una muestra de ADN mitocondrial en el laboratorio de secuenciaci\u00f3n gen\u00f3mica de la Universidad Nacional Aut\u00f3noma de M\u00e9xico se identific\u00f3 que se cuenta con una poblaci\u00f3n mixta. Gracias a los resultados de dicha investigaci\u00f3n se acopl\u00f3 una pareja perteneciente a la regi\u00f3n del Golfo de M\u00e9xico espec\u00edficamente de la regi\u00f3n noreste de M\u00e9xico.<\/p>\n<p>Actualmente se trabaja en lograr el \u00e9xito reproductivo de estas aves, ya que el contar con individuos bajo condiciones controladas del noreste de M\u00e9xico en el Zool\u00f3gico Tamat\u00e1n lo convierte en el primero en contar con una poblaci\u00f3n en cautiverio en el Pa\u00eds.<\/p>\n<p>Aunado a los trabajos de investigaci\u00f3n, se cuenta con un plan de acci\u00f3n basado en la educaci\u00f3n ambiental en el cual se promueve el respeto por los animales espec\u00edficamente de la guacamaya verde, esto; mediante pl\u00e1ticas educativas, talleres did\u00e1cticos y conferencias.<\/p>\n","protected":false},"excerpt":{"rendered":"<p>&nbsp; Programa de Conservaci\u00f3n de la Guacamaya Verde (Ara militaris) del noreste de M\u00e9xico &nbsp; &nbsp; La Guacamaya Verde se encuentra en Peligro de Extinci\u00f3n\u2026<\/p>\n","protected":false},"author":59,"featured_media":0,"parent":222,"menu_order":0,"comment_status":"closed","ping_status":"closed","template":"","meta":{"footnotes":""},"class_list":["post-248","page","type-page","status-publish","hentry"],"publishpress_future_action":{"enabled":false,"date":"2026-05-05 07:01:03","action":"change-status","newStatus":"draft","terms":[],"taxonomy":""},"_links":{"self":[{"href":"https:\/\/www.tamaulipas.gob.mx\/parquesybiodiversidad\/wp-json\/wp\/v2\/pages\/248"}],"collection":[{"href":"https:\/\/www.tamaulipas.gob.mx\/parquesybiodiversidad\/wp-json\/wp\/v2\/pages"}],"about":[{"href":"https:\/\/www.tamaulipas.gob.mx\/parquesybiodiversidad\/wp-json\/wp\/v2\/types\/page"}],"author":[{"embeddable":true,"href":"https:\/\/www.tamaulipas.gob.mx\/parquesybiodiversidad\/wp-json\/wp\/v2\/users\/59"}],"replies":[{"embeddable":true,"href":"https:\/\/www.tamaulipas.gob.mx\/parquesybiodiversidad\/wp-json\/wp\/v2\/comments?post=248"}],"version-history":[{"count":7,"href":"https:\/\/www.tamaulipas.gob.mx\/parquesybiodiversidad\/wp-json\/wp\/v2\/pages\/248\/revisions"}],"predecessor-version":[{"id":2882,"href":"https:\/\/www.tamaulipas.gob.mx\/parquesybiodiversidad\/wp-json\/wp\/v2\/pages\/248\/revisions\/2882"}],"up":[{"embeddable":true,"href":"https:\/\/www.tamaulipas.gob.mx\/parquesybiodiversidad\/wp-json\/wp\/v2\/pages\/222"}],"wp:attachment":[{"href":"https:\/\/www.tamaulipas.gob.mx\/parquesybiodiversidad\/wp-json\/wp\/v2\/media?parent=248"}],"curies":[{"name":"wp","href":"https:\/\/api.w.org\/{rel}","templated":true}]}}