{"id":241,"date":"2019-03-01T11:33:56","date_gmt":"2019-03-01T17:33:56","guid":{"rendered":"https:\/\/www.tamaulipas.gob.mx\/parquesybiodiversidad\/?page_id=241"},"modified":"2024-05-28T16:21:14","modified_gmt":"2024-05-28T22:21:14","slug":"cocodrilo","status":"publish","type":"page","link":"https:\/\/www.tamaulipas.gob.mx\/parquesybiodiversidad\/programas\/cocodrilo\/","title":{"rendered":"Cocodrilo"},"content":{"rendered":"<p><img loading=\"lazy\" decoding=\"async\" class=\"wp-image-2870 aligncenter\" src=\"http:\/\/www.tamaulipas.gob.mx\/parquesybiodiversidad\/wp-content\/uploads\/sites\/44\/2024\/05\/nvo-logo-cocodrilo.png\" alt=\"\" width=\"682\" height=\"682\" \/><\/p>\n<p>Din\u00e1mica poblacional del cocodrilo de pantano (Crocodylus moreletii) en Tamaulipas.<\/p>\n<p>&nbsp;<\/p>\n<p><img loading=\"lazy\" decoding=\"async\" class=\"alignnone size-full wp-image-1756\" src=\"http:\/\/www.tamaulipas.gob.mx\/parquesybiodiversidad\/wp-content\/uploads\/sites\/44\/2023\/08\/mision-vision-4.png\" alt=\"\" width=\"555\" height=\"112\" \/><\/p>\n<p style=\"text-align: justify;\">En virtud de que se desconoc\u00eda informaci\u00f3n sobre las poblaciones de cocodrilo de pantano en el Estado, propusimos este proyecto se aprob\u00f3 e inici\u00f3 en 2014 con la intenci\u00f3n de estimar las poblaciones de cocodrilo de pantano en el Estado utilizando el Protocolo del Programa Trinacional (M\u00e9xico, Belice y Guatemala) dise\u00f1ado por la Comisi\u00f3n Nacional para el Conocimiento y Uso de la Biodiversidad (CONABIO); empezamos en la zona centro-sur del estado, donde tiene mayor presencia la especie, de manera independiente en diversos cuerpos de agua, realizando 3 tipos de monitoreos; Evaluaci\u00f3n y Monitoreo del H\u00e1bitat (EMH), Detecci\u00f3n Visual Noturna (DVN) y Ubicaci\u00f3n y Seguimiento de Nidos (USN), para determinar la Tasa de Encuentro (TE), medir distancias recorridas y concluir con el \u00edndice de Abundancia Relativa Aparente (ARA), adem\u00e1s de que con la colocaci\u00f3n de dispositivos de rastreo satelital (GPS) contribuir\u00e1n de manera significativa en conocer sus rutas, comportamiento, \u00e1mbito hogare\u00f1o, distribuci\u00f3n y \u00e1reas de anidamiento.<\/p>\n<p><img loading=\"lazy\" decoding=\"async\" class=\"alignnone size-full wp-image-1758\" src=\"http:\/\/www.tamaulipas.gob.mx\/parquesybiodiversidad\/wp-content\/uploads\/sites\/44\/2023\/08\/mision-vision-6.png\" alt=\"\" width=\"555\" height=\"112\" \/><\/p>\n<p>Aprovechamiento extractivo sostenible de poblaciones silvestres de cocodrilo de pantano (C.moreletii) en el Estado, mediante la estimaci\u00f3n previa del \u00edndice ARA de sus poblaciones; dicho aprovechamiento al llevarse a cabo de manera sostenible, ordenada y controlada, impl\u00edcitamente es una herramienta indispensable para la conservaci\u00f3n de las especies.<\/p>\n<p>&nbsp;<\/p>\n<p><img loading=\"lazy\" decoding=\"async\" class=\"alignnone size-full wp-image-1771\" src=\"http:\/\/www.tamaulipas.gob.mx\/parquesybiodiversidad\/wp-content\/uploads\/sites\/44\/2023\/08\/mision-vision-7.png\" alt=\"\" width=\"555\" height=\"112\" \/><\/p>\n<p>Obtener autorizaci\u00f3n de la Direcci\u00f3n General de Vida Silvestre de la SEMARNAT de una cuota y poder aprovechar individuos silvestres, y huevos para ser incubados en granjas.<\/p>\n<p>&nbsp;<\/p>\n<p><img loading=\"lazy\" decoding=\"async\" class=\"alignnone size-full wp-image-1757\" src=\"http:\/\/www.tamaulipas.gob.mx\/parquesybiodiversidad\/wp-content\/uploads\/sites\/44\/2023\/08\/mision-vision-5.png\" alt=\"\" width=\"555\" height=\"112\" \/><\/p>\n<p>Se inici\u00f3 en 2014 con una interrupci\u00f3n en 2016, continuando en 2017 y hasta el 2018; se han visitado 40 cuerpos de agua en 10 diferentes municipios, recorriendo un total de 461.39 km. Se han avistado 1,028 cocodrilos y ubicado 66 nidos de los cuales 25 son nidos rehabilitados de temporadas pasadas. De 16 nidos abiertos se contaron 739 huevos. Por otra parte, para las temporadas 2014, 2015, 2017 y 2018, las Tasas de Encuentro Promedio fueron; 1.21, 2.70, 2.46 y 7.47 individuos\/km. lineal recorrido respectivamente. En 2020 se colocaron 2 dispositivos de rastreo satelital (GPS) a un macho y una hembra denominados \u201cM1\u201d y \u201cH1\u201d respectivamente; en lo que va del a\u00f1o 2024 se ha colocado 1 rastreador satelital (GPS) a una hembra denominada \u201cH2\u201d.<\/p>\n","protected":false},"excerpt":{"rendered":"<p>Din\u00e1mica poblacional del cocodrilo de pantano (Crocodylus moreletii) en Tamaulipas. &nbsp; En virtud de que se desconoc\u00eda informaci\u00f3n sobre las poblaciones de cocodrilo de pantano\u2026<\/p>\n","protected":false},"author":59,"featured_media":0,"parent":222,"menu_order":0,"comment_status":"closed","ping_status":"closed","template":"","meta":{"footnotes":""},"class_list":["post-241","page","type-page","status-publish","hentry"],"publishpress_future_action":{"enabled":false,"date":"2026-05-05 05:41:58","action":"change-status","newStatus":"draft","terms":[],"taxonomy":""},"_links":{"self":[{"href":"https:\/\/www.tamaulipas.gob.mx\/parquesybiodiversidad\/wp-json\/wp\/v2\/pages\/241"}],"collection":[{"href":"https:\/\/www.tamaulipas.gob.mx\/parquesybiodiversidad\/wp-json\/wp\/v2\/pages"}],"about":[{"href":"https:\/\/www.tamaulipas.gob.mx\/parquesybiodiversidad\/wp-json\/wp\/v2\/types\/page"}],"author":[{"embeddable":true,"href":"https:\/\/www.tamaulipas.gob.mx\/parquesybiodiversidad\/wp-json\/wp\/v2\/users\/59"}],"replies":[{"embeddable":true,"href":"https:\/\/www.tamaulipas.gob.mx\/parquesybiodiversidad\/wp-json\/wp\/v2\/comments?post=241"}],"version-history":[{"count":5,"href":"https:\/\/www.tamaulipas.gob.mx\/parquesybiodiversidad\/wp-json\/wp\/v2\/pages\/241\/revisions"}],"predecessor-version":[{"id":2871,"href":"https:\/\/www.tamaulipas.gob.mx\/parquesybiodiversidad\/wp-json\/wp\/v2\/pages\/241\/revisions\/2871"}],"up":[{"embeddable":true,"href":"https:\/\/www.tamaulipas.gob.mx\/parquesybiodiversidad\/wp-json\/wp\/v2\/pages\/222"}],"wp:attachment":[{"href":"https:\/\/www.tamaulipas.gob.mx\/parquesybiodiversidad\/wp-json\/wp\/v2\/media?parent=241"}],"curies":[{"name":"wp","href":"https:\/\/api.w.org\/{rel}","templated":true}]}}