{"id":236,"date":"2019-03-01T11:31:20","date_gmt":"2019-03-01T17:31:20","guid":{"rendered":"https:\/\/www.tamaulipas.gob.mx\/parquesybiodiversidad\/?page_id=236"},"modified":"2024-05-23T14:55:01","modified_gmt":"2024-05-23T20:55:01","slug":"tortugas-marinas","status":"publish","type":"page","link":"https:\/\/www.tamaulipas.gob.mx\/parquesybiodiversidad\/programas\/tortugas-marinas\/","title":{"rendered":"Tortuga Lora"},"content":{"rendered":"<p><img loading=\"lazy\" decoding=\"async\" class=\"wp-image-2789 aligncenter\" src=\"http:\/\/www.tamaulipas.gob.mx\/parquesybiodiversidad\/wp-content\/uploads\/sites\/44\/2024\/05\/nvo-logo-tortuga.png\" alt=\"\" width=\"728\" height=\"728\" \/><\/p>\n<p><span style=\"text-align: justify;\">Las tortugas marinas habitan nuestro planeta desde hace muchos a\u00f1os, se cree que desde el Jur\u00e1sico ya exist\u00edan, esto es hace m\u00e1s de 250 millones de a\u00f1os.<\/span><\/p>\n<p style=\"text-align: justify;\">Existen 8 especies de tortugas marinas en el mundo de las cuales 5 llegan a desovar a M\u00e9xico, todas se encuentran en la categor\u00eda de Peligro de Extinci\u00f3n; particularmente la tortuga Lora que es la especie m\u00e1s peque\u00f1a de todas y la \u00fanica que anida durante el d\u00eda. Adem\u00e1s de ser una especie end\u00e9mica del Estado de Tamaulipas.<\/p>\n<p style=\"text-align: justify;\">En la actualidad se reconoce que el \u00e9xito de la conservaci\u00f3n de las tortugas marinas depende de la participaci\u00f3n activa de las comunidades en conjunto con las autoridades, los cient\u00edficos y las organizaciones no gubernamentales. El objetivo principal de los programas de protecci\u00f3n debe ser producir cr\u00edas sanas, que tengan mayor posibilidad de sobrevivir, crecer y aumentar las poblaciones.<\/p>\n<p style=\"text-align: justify;\">La Lepidochely kempii o tortuga lora, es la tortuga marina m\u00e1s peque\u00f1a del mundo, los adultos pueden llegar a medir alrededor de los 52 a 74 cm con un peso que oscila entre los 32 a 50 kg. Presenta una cabeza relativamente grande, ligeramente triangular de hasta 13 cm de ancho. Se alimentan principalmente de cangrejos, camarones, mejillones y peces.<\/p>\n<p style=\"text-align: justify;\">Tiene una coloraci\u00f3n dorsal t\u00edpicamente gris en individuos inmaduros que deriva a una coloraci\u00f3n verde oliva claro en individuos adultos. El vientre es blanco en inmaduros y amarillo o crema en individuos adultos.<\/p>\n<p style=\"text-align: justify;\">El caparaz\u00f3n es relativamente corto y ancho, d\u00e1ndole un aspecto bastante redondeado y casi circular respecto a otras especies de tortugas marinas. Los escudos del caparaz\u00f3n pueden estar ligeramente imbricados en individuos juveniles. Las aletas traseras presentan 2 u\u00f1as, mientras que las aletas delanteras pueden presentar 1 o 2. Los machos presentan la mayor\u00eda de caracteres sexuales externos de las tortugas marinas, como una cola m\u00e1s larga y robusta con la cloaca en posici\u00f3n m\u00e1s distal, u\u00f1as m\u00e1s curvas y un reblandecimiento del plastr\u00f3n durante la \u00e9poca de apareamiento que facilita la c\u00f3pula (Brongersma, 1972).<\/p>\n<p style=\"text-align: justify;\">En el Estado de Tamaulipas se estableci\u00f3 en el a\u00f1o de 1966 el primer campamento tortuguero junto con otros dos, uno en el estado de Guerrero y otro en Jalisco y desde entonces se lleva a cabo un programa de protecci\u00f3n y conservaci\u00f3n de la especie que tiene como principales objetivos:<\/p>\n<ul style=\"text-align: justify;\">\n<li>Proteger los ciclos biol\u00f3gicos de la Tortuga Lora (Lepidochelys kempii) en las playas del estado, a trav\u00e9s de monitoreo y manejo adecuado de la especie, as\u00ed como de otras especies de tortugas marinas que llegan a anidar a nuestras costas, como la tortuga Verde (Chelonia mydas), Carey (Eretmochelys imbricata) La\u00fad (Dermochelys cori\u00e1cea), Caguama (Caretta caretta).<\/li>\n<li>Retirar de los listados de especie en peligro de extinci\u00f3n mediante los trabajos de conservaci\u00f3n y protecci\u00f3n.<\/li>\n<li>Recuperar la poblaci\u00f3n de tortuga Lora (L. kempii) en su \u00e1rea de anidaci\u00f3n y distribuci\u00f3n.<\/li>\n<\/ul>\n<p style=\"text-align: justify;\">Aunado a las actividades de protecci\u00f3n tambi\u00e9n se lleva a cabo la recuperaci\u00f3n, resguardo y liberaci\u00f3n de ejemplares varados en las playas de diferentes especies de tortugas marinas afectadas por actividades pesqueras, depredadores o exposici\u00f3n a temperaturas extremas.<\/p>\n<p style=\"text-align: justify;\"><strong>Cifras de la temporada de anidaci\u00f3n del a\u00f1o 2017 en los campos tortugueros del Gobierno del Estado de Tamaulipas<\/strong><\/p>\n<ul style=\"text-align: justify;\">\n<li><strong>La Pesca:<\/strong> Nidos Protegidos de Tortuga Lora (Lepidochelys kempii) 518, de Tortuga Verde (Chelonia mydas) 229. Cr\u00edas liberadas: Lora 38,330, Verde 10,145.<\/li>\n<li><strong>Tepehuajes:<\/strong> Nidos Protegidos de Tortuga Lora (Lepidochelys kempii) 2,291, de tortuga Verde (Chelonia mydas) 352. Cr\u00edas liberadas: Lora 137,028, Verde 4,605.<\/li>\n<li><strong>Miramar<\/strong><\/li>\n<li><strong>Altamira (Playa Tesoro)<\/strong><\/li>\n<\/ul>\n<p style=\"text-align: justify;\"><strong>Resultados de actividades de protecci\u00f3n: Tortuga Lora (Lepidochelys Kempii)<\/strong><\/p>\n<p>&nbsp;<\/p>\n<p><a href=\"http:\/\/www.tamaulipas.gob.mx\/parquesybiodiversidad\/wp-content\/uploads\/sites\/44\/2020\/05\/imagen2.png\"><img loading=\"lazy\" decoding=\"async\" class=\"alignnone size-full wp-image-657\" src=\"http:\/\/www.tamaulipas.gob.mx\/parquesybiodiversidad\/wp-content\/uploads\/sites\/44\/2020\/05\/imagen2.png\" alt=\"\" width=\"1200\" height=\"633\" \/><\/a><\/p>\n<p>El programa de protecci\u00f3n a tortugas marinas en el Estado ha logrado aumentar significativamente la poblaci\u00f3n de la tortuga lora, aunado tambi\u00e9n a que Tamaulipas alberga a parte de la poblaci\u00f3n de tortuga verde del Golfo de M\u00e9xico, una de las \u00fanicas poblaciones de tortuga verde en el mundo que han ido constantemente en aumento.<\/p>\n<p>&nbsp;<\/p>\n<p><span style=\"font-size: 10px;\"><em>Da clic a la imagen para que conozcas nuestro programa a trav\u00e9s de un video.<\/em><\/span><\/p>\n<p><a href=\"https:\/\/fb.watch\/scPq3fBDSK\/?mibextid=v7YzmG\"><img loading=\"lazy\" decoding=\"async\" class=\"alignnone size-full wp-image-2737\" src=\"http:\/\/www.tamaulipas.gob.mx\/parquesybiodiversidad\/wp-content\/uploads\/sites\/44\/2024\/05\/tortuga.jpeg\" alt=\"\" width=\"1200\" height=\"670\" \/><\/a><\/p>\n","protected":false},"excerpt":{"rendered":"<p>Las tortugas marinas habitan nuestro planeta desde hace muchos a\u00f1os, se cree que desde el Jur\u00e1sico ya exist\u00edan, esto es hace m\u00e1s de 250 millones\u2026<\/p>\n","protected":false},"author":59,"featured_media":0,"parent":222,"menu_order":0,"comment_status":"closed","ping_status":"closed","template":"","meta":{"footnotes":""},"class_list":["post-236","page","type-page","status-publish","hentry"],"publishpress_future_action":{"enabled":false,"date":"2026-04-25 21:58:15","action":"change-status","newStatus":"draft","terms":[],"taxonomy":""},"_links":{"self":[{"href":"https:\/\/www.tamaulipas.gob.mx\/parquesybiodiversidad\/wp-json\/wp\/v2\/pages\/236"}],"collection":[{"href":"https:\/\/www.tamaulipas.gob.mx\/parquesybiodiversidad\/wp-json\/wp\/v2\/pages"}],"about":[{"href":"https:\/\/www.tamaulipas.gob.mx\/parquesybiodiversidad\/wp-json\/wp\/v2\/types\/page"}],"author":[{"embeddable":true,"href":"https:\/\/www.tamaulipas.gob.mx\/parquesybiodiversidad\/wp-json\/wp\/v2\/users\/59"}],"replies":[{"embeddable":true,"href":"https:\/\/www.tamaulipas.gob.mx\/parquesybiodiversidad\/wp-json\/wp\/v2\/comments?post=236"}],"version-history":[{"count":11,"href":"https:\/\/www.tamaulipas.gob.mx\/parquesybiodiversidad\/wp-json\/wp\/v2\/pages\/236\/revisions"}],"predecessor-version":[{"id":2738,"href":"https:\/\/www.tamaulipas.gob.mx\/parquesybiodiversidad\/wp-json\/wp\/v2\/pages\/236\/revisions\/2738"}],"up":[{"embeddable":true,"href":"https:\/\/www.tamaulipas.gob.mx\/parquesybiodiversidad\/wp-json\/wp\/v2\/pages\/222"}],"wp:attachment":[{"href":"https:\/\/www.tamaulipas.gob.mx\/parquesybiodiversidad\/wp-json\/wp\/v2\/media?parent=236"}],"curies":[{"name":"wp","href":"https:\/\/api.w.org\/{rel}","templated":true}]}}