{"id":2258,"date":"2024-01-12T15:56:19","date_gmt":"2024-01-12T21:56:19","guid":{"rendered":"https:\/\/www.tamaulipas.gob.mx\/parquesybiodiversidad\/?page_id=2258"},"modified":"2024-01-18T10:04:31","modified_gmt":"2024-01-18T16:04:31","slug":"senaletica","status":"publish","type":"page","link":"https:\/\/www.tamaulipas.gob.mx\/parquesybiodiversidad\/senaletica\/","title":{"rendered":"Se\u00f1aletica"},"content":{"rendered":"<p>Como parte de las acciones emprendidas por la Direcci\u00f3n de Biodiversidad enfocadas en la conservaci\u00f3n, se llev\u00f3 a cabo la implementaci\u00f3n de se\u00f1al\u00e9tica en pasos de fauna silvestre, centr\u00e1ndose en especies prioritarias en t\u00e9rminos de conservaci\u00f3n. Esta iniciativa cuenta con el respaldo del Plan Estatal de Desarrollo 2023-2028, espec\u00edficamente en el Eje de Progreso Sostenible Econ\u00f3mico, Inclusivo y Sustentable. La estrategia fundamental de esta acci\u00f3n se centra en la protecci\u00f3n del medio ambiente.<\/p>\n<p><img loading=\"lazy\" decoding=\"async\" src=\"http:\/\/www.tamaulipas.gob.mx\/parquesybiodiversidad\/wp-content\/uploads\/sites\/44\/2023\/08\/mision-vision-9.png\" alt=\"\" width=\"555\" height=\"112\" class=\"alignnone size-full wp-image-1778\" \/><\/p>\n<p>Para la Comisi\u00f3n de Parques y Biodiversidad de Tamaulipas, es primordial reducir el n\u00famero de atropellamientos de fauna silvestre en el estado.<\/p>\n<p><img loading=\"lazy\" decoding=\"async\" src=\"http:\/\/www.tamaulipas.gob.mx\/parquesybiodiversidad\/wp-content\/uploads\/sites\/44\/2024\/01\/plan-de-accion-web.png\" alt=\"\" width=\"555\" height=\"112\" class=\"alignnone size-full wp-image-2314\" \/><\/p>\n<p>Se ha establecido la meta de instalar 50 se\u00f1al\u00e9ticas en las carreteras del estado, as\u00ed como en las plazas principales de los municipios donde se encuentran los h\u00e1bitats de las especies m\u00e1s<br \/>\nimportantes en materia de conservaci\u00f3n. Hasta el momento, se ha logrado un avance de 14 se\u00f1al\u00e9ticas instaladas, distribuidas de la siguiente manera:<\/p>\n<p>\u2022 1 se\u00f1al\u00e9tica rotulada en 3D que representa una Guacamaya, ubicada en la carretera Rumbo Nuevo<br \/>\nkm 73.<br \/>\n\u2022 1 se\u00f1al\u00e9tica rotulada en 3D que representa un Jaguar, situada en el tramo del ejido Felipe \u00c1ngeles<br \/>\nkm 71.<br \/>\n\u2022 7 se\u00f1al\u00e9ticas informativas colocadas en plazas de Jaumave, Ocampo y en el Centro de<br \/>\nInterpretaci\u00f3n Ambiental (CIE).<br \/>\n\u2022 1 se\u00f1al\u00e9tica rotulada en la carretera a Palmillas, con informaci\u00f3n referente a la Mariposa Monarca.<br \/>\n\u2022 1 se\u00f1al\u00e9tica rotulada en la carretera Victoria-G\u00f3mez Far\u00edas, con detalles acerca del Jaguar.<br \/>\n\u2022 1 se\u00f1al\u00e9tica ubicada en la Cuesta de Llera, que proporciona informaci\u00f3n acerca del Ocelote.<br \/>\n\u2022 1 se\u00f1al\u00e9tica colocada en la carretera Mante-Ocampo, relacionada con la Guacamaya.<br \/>\n\u2022 1 espectacular que muestra 4 especies prioritarias de conservaci\u00f3n, situado frente al paradero de la<br \/>\nGuacamaya en Jaumave.<\/p>\n<p>Cabe destacar que la instalaci\u00f3n de estas se\u00f1al\u00e9ticas fue posible gracias a recursos provenientes de Pronatura Noreste y Defenders of Wildlife, as\u00ed como la contribuci\u00f3n de peque\u00f1os negocios locales pertenecientes al altiplano tamaulipeco.<br \/>\nDe manera simult\u00e1nea, se llev\u00f3 a cabo una gesti\u00f3n ante la Secretar\u00eda de Comunicaciones y Transportes (SCT) para instalar se\u00f1al\u00e9tica en tramos carreteros con el prop\u00f3sito de proteger la fauna silvestre.<br \/>\nComo resultado de esta gesti\u00f3n, se tiene previsto colocar 30 se\u00f1al\u00e9ticas adicionales como parte de la<br \/>\nmeta final.<\/p>\n","protected":false},"excerpt":{"rendered":"<p>Como parte de las acciones emprendidas por la Direcci\u00f3n de Biodiversidad enfocadas en la conservaci\u00f3n, se llev\u00f3 a cabo la implementaci\u00f3n de se\u00f1al\u00e9tica en pasos\u2026<\/p>\n","protected":false},"author":321,"featured_media":0,"parent":0,"menu_order":0,"comment_status":"closed","ping_status":"closed","template":"","meta":{"footnotes":""},"class_list":["post-2258","page","type-page","status-publish","hentry"],"publishpress_future_action":{"enabled":false,"date":"2026-04-21 23:19:22","action":"change-status","newStatus":"draft","terms":[],"taxonomy":""},"_links":{"self":[{"href":"https:\/\/www.tamaulipas.gob.mx\/parquesybiodiversidad\/wp-json\/wp\/v2\/pages\/2258"}],"collection":[{"href":"https:\/\/www.tamaulipas.gob.mx\/parquesybiodiversidad\/wp-json\/wp\/v2\/pages"}],"about":[{"href":"https:\/\/www.tamaulipas.gob.mx\/parquesybiodiversidad\/wp-json\/wp\/v2\/types\/page"}],"author":[{"embeddable":true,"href":"https:\/\/www.tamaulipas.gob.mx\/parquesybiodiversidad\/wp-json\/wp\/v2\/users\/321"}],"replies":[{"embeddable":true,"href":"https:\/\/www.tamaulipas.gob.mx\/parquesybiodiversidad\/wp-json\/wp\/v2\/comments?post=2258"}],"version-history":[{"count":6,"href":"https:\/\/www.tamaulipas.gob.mx\/parquesybiodiversidad\/wp-json\/wp\/v2\/pages\/2258\/revisions"}],"predecessor-version":[{"id":2333,"href":"https:\/\/www.tamaulipas.gob.mx\/parquesybiodiversidad\/wp-json\/wp\/v2\/pages\/2258\/revisions\/2333"}],"wp:attachment":[{"href":"https:\/\/www.tamaulipas.gob.mx\/parquesybiodiversidad\/wp-json\/wp\/v2\/media?parent=2258"}],"curies":[{"name":"wp","href":"https:\/\/api.w.org\/{rel}","templated":true}]}}