{"id":225,"date":"2019-03-01T10:56:55","date_gmt":"2019-03-01T16:56:55","guid":{"rendered":"https:\/\/www.tamaulipas.gob.mx\/parquesybiodiversidad\/?page_id=225"},"modified":"2024-05-28T16:43:51","modified_gmt":"2024-05-28T22:43:51","slug":"jaguar","status":"publish","type":"page","link":"https:\/\/www.tamaulipas.gob.mx\/parquesybiodiversidad\/programas\/jaguar\/","title":{"rendered":"Jaguar"},"content":{"rendered":"<p>&nbsp;<\/p>\n<p><img loading=\"lazy\" decoding=\"async\" class=\"aligncenter wp-image-2785\" src=\"http:\/\/www.tamaulipas.gob.mx\/parquesybiodiversidad\/wp-content\/uploads\/sites\/44\/2024\/05\/nvo-logo-jaguar.png\" alt=\"\" width=\"707\" height=\"707\" \/><\/p>\n<p>Manejo, monitoreo y conservaci\u00f3n del jaguar (Panthera onca) en Tamaulipas.<\/p>\n<p><img loading=\"lazy\" decoding=\"async\" class=\"alignnone size-full wp-image-1756\" src=\"http:\/\/www.tamaulipas.gob.mx\/parquesybiodiversidad\/wp-content\/uploads\/sites\/44\/2023\/08\/mision-vision-4.png\" alt=\"\" width=\"555\" height=\"112\" \/><\/p>\n<p style=\"text-align: justify;\">Durante el a\u00f1o 2013 en la Reserva de la Biosfera El Cielo, cabecera municipal de G\u00f3mez Far\u00edas, la entonces presidencia municipal solicit\u00f3 apoyo al Gobierno del Estado por los m\u00faltiples incidentes relacionados con las incursiones de jaguares depredando animales dom\u00e9sticos (perros, pollos, borregos, chivos, etc.) en zona urbana. El Gobierno del Estado atendi\u00f3 por conducto de la extinta Comisi\u00f3n Estatal de Vida Silvestre y se propuso un proyecto que fue aprobado en 2014. El cual inicio en este municipio con la instalaci\u00f3n de estaciones monitoreo con c\u00e1maras de fototrampeo para obtener evidencia de la presencia del jaguar; y una vez confirmado que se trataba de este felino se proced\u00eda a colocar jaulas de captura; al jaguar capturado se le colocaba un collar de rastreo satelital GPS, procediendo a su liberaci\u00f3n en el sitio de captura. Posteriormente este proyecto se extendi\u00f3 a todo el estado atendiendo reportes de depredaci\u00f3n al ganado dom\u00e9stico, avistamientos e incluso los reportes de jaguares atropellados.<\/p>\n<p><img loading=\"lazy\" decoding=\"async\" class=\"alignnone size-full wp-image-1758\" src=\"http:\/\/www.tamaulipas.gob.mx\/parquesybiodiversidad\/wp-content\/uploads\/sites\/44\/2023\/08\/mision-vision-6.png\" alt=\"\" width=\"555\" height=\"112\" \/><\/p>\n<p>Estimar la poblaci\u00f3n y distribuci\u00f3n del jaguar (<em>Panthera onca<\/em>) en Tamaulipas.<\/p>\n<p><img loading=\"lazy\" decoding=\"async\" class=\"alignnone size-full wp-image-1771\" src=\"http:\/\/www.tamaulipas.gob.mx\/parquesybiodiversidad\/wp-content\/uploads\/sites\/44\/2023\/08\/mision-vision-7.png\" alt=\"\" width=\"555\" height=\"112\" \/><\/p>\n<ul>\n<li>\u00a0Atender las denuncias por depredaci\u00f3n de jaguar a animales dom\u00e9sticos y hatos ganaderos<\/li>\n<li>\u00a0Usar c\u00e1maras-trampa con sensor de movimiento instaladas estrat\u00e9gicamente en estaciones<\/li>\n<li>Capturar jaguares y colocarles rastreadores satelitales<\/li>\n<li>Crear un cat\u00e1logo de identificaci\u00f3n de individuos<\/li>\n<li>\u00a0Identificaci\u00f3n de presas potenciales y especies asociadas<\/li>\n<li>Obtener un c\u00f3digo de barras (molecular) con la secuencia gen\u00f3mica mediante la toma de muestras de sangre y\/o pelo de los jaguares en cautiverio (Zool\u00f3gico Tamat\u00e1n) y capturados.<\/li>\n<\/ul>\n<p><img loading=\"lazy\" decoding=\"async\" class=\"alignnone size-full wp-image-1757\" src=\"http:\/\/www.tamaulipas.gob.mx\/parquesybiodiversidad\/wp-content\/uploads\/sites\/44\/2023\/08\/mision-vision-5.png\" alt=\"\" width=\"555\" height=\"112\" \/><\/p>\n<p style=\"text-align: justify;\">Desde 2013 a la fecha se han atendido diversos reportes de depredaci\u00f3n y avistamientos en los municipios de G\u00f3mez Far\u00edas, Ocampo, Llera, Mante, Gonz\u00e1lez, Victoria, G\u00fcemez, San Carlos, Casas, Soto La Marina, Abasolo, Aldama donde se han instalado estaciones de monitoreo con c\u00e1maras de fototrampeo mediante las cuales se han obtenido m\u00e1s de 450 fotograf\u00edas de jaguares, las cuales han sido procesadas a trav\u00e9s de la plataforma gratuita WILDBOOK, logr\u00e1ndose la identificaci\u00f3n de 54 jaguares \u00fanicos; mediante la instalaci\u00f3n de jaulas se ha logrado la captura de 16 ejemplares (8 hembras y 8 machos) y cuatro recapturas; esto ha permitido la colocaci\u00f3n de 14 collares de rastreo GPS, permiti\u00e9ndonos conocer su \u00e1mbito hogare\u00f1o y su gran capacidad de movilidad. En este enero 2024 se captur\u00f3 una hembra a la que se le coloc\u00f3 collar de rastreo satelital y a la fecha sigue activo registrando sus movimientos, en la Sierra de Tamaulipas.<\/p>\n<p>&nbsp;<\/p>\n<p><span style=\"font-size: 10px;\"><em>Da clic a la imagen para que conozcas nuestro programa a trav\u00e9s de un video.<\/em><\/span><\/p>\n<p><a href=\"https:\/\/fb.watch\/scPlDExmgF\/?mibextid=v7YzmG\"><img loading=\"lazy\" decoding=\"async\" class=\"alignnone size-full wp-image-2742\" src=\"http:\/\/www.tamaulipas.gob.mx\/parquesybiodiversidad\/wp-content\/uploads\/sites\/44\/2024\/05\/jaguar.jpeg\" alt=\"\" width=\"1200\" height=\"670\" \/><\/a><\/p>\n","protected":false},"excerpt":{"rendered":"<p>&nbsp; Manejo, monitoreo y conservaci\u00f3n del jaguar (Panthera onca) en Tamaulipas. Durante el a\u00f1o 2013 en la Reserva de la Biosfera El Cielo, cabecera municipal\u2026<\/p>\n","protected":false},"author":59,"featured_media":0,"parent":222,"menu_order":0,"comment_status":"closed","ping_status":"closed","template":"","meta":{"footnotes":""},"class_list":["post-225","page","type-page","status-publish","hentry"],"publishpress_future_action":{"enabled":false,"date":"2026-04-22 00:48:30","action":"change-status","newStatus":"draft","terms":[],"taxonomy":""},"_links":{"self":[{"href":"https:\/\/www.tamaulipas.gob.mx\/parquesybiodiversidad\/wp-json\/wp\/v2\/pages\/225"}],"collection":[{"href":"https:\/\/www.tamaulipas.gob.mx\/parquesybiodiversidad\/wp-json\/wp\/v2\/pages"}],"about":[{"href":"https:\/\/www.tamaulipas.gob.mx\/parquesybiodiversidad\/wp-json\/wp\/v2\/types\/page"}],"author":[{"embeddable":true,"href":"https:\/\/www.tamaulipas.gob.mx\/parquesybiodiversidad\/wp-json\/wp\/v2\/users\/59"}],"replies":[{"embeddable":true,"href":"https:\/\/www.tamaulipas.gob.mx\/parquesybiodiversidad\/wp-json\/wp\/v2\/comments?post=225"}],"version-history":[{"count":13,"href":"https:\/\/www.tamaulipas.gob.mx\/parquesybiodiversidad\/wp-json\/wp\/v2\/pages\/225\/revisions"}],"predecessor-version":[{"id":2883,"href":"https:\/\/www.tamaulipas.gob.mx\/parquesybiodiversidad\/wp-json\/wp\/v2\/pages\/225\/revisions\/2883"}],"up":[{"embeddable":true,"href":"https:\/\/www.tamaulipas.gob.mx\/parquesybiodiversidad\/wp-json\/wp\/v2\/pages\/222"}],"wp:attachment":[{"href":"https:\/\/www.tamaulipas.gob.mx\/parquesybiodiversidad\/wp-json\/wp\/v2\/media?parent=225"}],"curies":[{"name":"wp","href":"https:\/\/api.w.org\/{rel}","templated":true}]}}