{"id":215,"date":"2019-02-28T16:21:17","date_gmt":"2019-02-28T22:21:17","guid":{"rendered":"https:\/\/www.tamaulipas.gob.mx\/parquesybiodiversidad\/?page_id=215"},"modified":"2023-08-15T16:01:52","modified_gmt":"2023-08-15T22:01:52","slug":"areas-de-proteccion-especial","status":"publish","type":"page","link":"https:\/\/www.tamaulipas.gob.mx\/parquesybiodiversidad\/biodiversidad\/areas-de-proteccion-especial\/","title":{"rendered":"\u00c1reas de protecci\u00f3n especial"},"content":{"rendered":"<img loading=\"lazy\" decoding=\"async\" class=\"size-full wp-image-348 aligncenter img-rounded  img-responsive mb30\" src=\"http:\/\/www.tamaulipas.gob.mx\/parquesybiodiversidad\/wp-content\/uploads\/sites\/44\/2019\/03\/paloma.jpg\" alt=\"\" width=\"850\" height=\"300\">\n<p>&nbsp;<\/p>\n<p>&nbsp;<\/p>\n<p><img loading=\"lazy\" decoding=\"async\" class=\"alignnone size-full wp-image-1759\" src=\"http:\/\/www.tamaulipas.gob.mx\/parquesybiodiversidad\/wp-content\/uploads\/sites\/44\/2023\/08\/mision-vision-8.png\" alt=\"\" width=\"555\" height=\"112\" \/><\/p>\n<p>Con fecha 08 de Julio del a\u00f1o 1992, el Gobierno del Estado emite un acuerdo mediante el cual se declara a la \u201cColonia Parras de la Fuente\u201d como \u00c1rea Protegida Ecol\u00f3gica. Comprendiendo una superficie total de 21, 948-69-00 has. Dentro de la cual se identifica una Zona n\u00facleo: que es la que presenta la mayor concentraci\u00f3n de la poblaci\u00f3n de Paloma de Alas Blancas durante la actividad reproductiva, comprendiendo un total de 3,118-92-83 Has, mismas que se dividen en 35 transectos establecidos de manera aleatoria que permiten realizar una estimaci\u00f3n poblacional de esta especie de alto inter\u00e9s tanto de conservaci\u00f3n como de aprovechamiento.<\/p>\n<p>La Comisi\u00f3n de Parques y Biodiversidad tiene bajo su responsabilidad el realizar el monitoreo poblacional desde el a\u00f1o 2000 y mediante el cual se ha podido identificar un incremento paulatino en la poblaci\u00f3n de palomas, actualmente se identifica m\u00e1s de 10 millones de palomas presentes en el \u00c1rea Protegida.<\/p>\n<p>&nbsp;<\/p>\n<p>&nbsp;<\/p>\n<p><img loading=\"lazy\" decoding=\"async\" class=\"alignnone size-full wp-image-1755\" src=\"http:\/\/www.tamaulipas.gob.mx\/parquesybiodiversidad\/wp-content\/uploads\/sites\/44\/2023\/08\/mision-vision-3.png\" alt=\"\" width=\"555\" height=\"112\" \/><\/p>\n<p>La Estaci\u00f3n de campo Montecarlo se encuentra conformada por 7,314 hect\u00e1reas y encajada en el extremo noroeste de la zona n\u00facleo 1 de la Reserva de la Biosfera \u2018\u2019El Cielo\u2019\u2019. El Gobierno de Tamaulipas es el propietario sirve para usos m\u00faltiples debido a que es utilizada para albergar investigadores nacionales y extranjeros, t\u00e9cnicos de investigaci\u00f3n de especies de flora y fauna, as\u00ed como estudiantes de Licenciatura o Posgrado de carreras afines a la biodiversidad. As\u00ed mismo se ha tenido la presencia de brigadas contraincendios cuando se ha requerido, as\u00ed como de brechas cortafuego.<\/p>\n","protected":false},"excerpt":{"rendered":"<p>&nbsp; &nbsp; Con fecha 08 de Julio del a\u00f1o 1992, el Gobierno del Estado emite un acuerdo mediante el cual se declara a la \u201cColonia\u2026<\/p>\n","protected":false},"author":1,"featured_media":0,"parent":202,"menu_order":0,"comment_status":"closed","ping_status":"closed","template":"","meta":{"footnotes":""},"class_list":["post-215","page","type-page","status-publish","hentry"],"publishpress_future_action":{"enabled":false,"date":"2026-04-25 22:53:34","action":"change-status","newStatus":"draft","terms":[],"taxonomy":""},"_links":{"self":[{"href":"https:\/\/www.tamaulipas.gob.mx\/parquesybiodiversidad\/wp-json\/wp\/v2\/pages\/215"}],"collection":[{"href":"https:\/\/www.tamaulipas.gob.mx\/parquesybiodiversidad\/wp-json\/wp\/v2\/pages"}],"about":[{"href":"https:\/\/www.tamaulipas.gob.mx\/parquesybiodiversidad\/wp-json\/wp\/v2\/types\/page"}],"author":[{"embeddable":true,"href":"https:\/\/www.tamaulipas.gob.mx\/parquesybiodiversidad\/wp-json\/wp\/v2\/users\/1"}],"replies":[{"embeddable":true,"href":"https:\/\/www.tamaulipas.gob.mx\/parquesybiodiversidad\/wp-json\/wp\/v2\/comments?post=215"}],"version-history":[{"count":7,"href":"https:\/\/www.tamaulipas.gob.mx\/parquesybiodiversidad\/wp-json\/wp\/v2\/pages\/215\/revisions"}],"predecessor-version":[{"id":1761,"href":"https:\/\/www.tamaulipas.gob.mx\/parquesybiodiversidad\/wp-json\/wp\/v2\/pages\/215\/revisions\/1761"}],"up":[{"embeddable":true,"href":"https:\/\/www.tamaulipas.gob.mx\/parquesybiodiversidad\/wp-json\/wp\/v2\/pages\/202"}],"wp:attachment":[{"href":"https:\/\/www.tamaulipas.gob.mx\/parquesybiodiversidad\/wp-json\/wp\/v2\/media?parent=215"}],"curies":[{"name":"wp","href":"https:\/\/api.w.org\/{rel}","templated":true}]}}