{"id":205,"date":"2019-02-28T16:07:01","date_gmt":"2019-02-28T22:07:01","guid":{"rendered":"https:\/\/www.tamaulipas.gob.mx\/parquesybiodiversidad\/?page_id=205"},"modified":"2020-01-21T10:58:04","modified_gmt":"2020-01-21T16:58:04","slug":"tamaulipas-y-su-biodiversidad","status":"publish","type":"page","link":"https:\/\/www.tamaulipas.gob.mx\/parquesybiodiversidad\/biodiversidad\/tamaulipas-y-su-biodiversidad\/","title":{"rendered":"Tamaulipas y su biodiversidad"},"content":{"rendered":"<img loading=\"lazy\" decoding=\"async\" class=\"aligncenter size-full wp-image-346 img-rounded  img-responsive mb30\" src=\"http:\/\/www.tamaulipas.gob.mx\/parquesybiodiversidad\/wp-content\/uploads\/sites\/44\/2019\/03\/biodiversidad.jpg\" alt=\"\" width=\"850\" height=\"300\">\n<p>Tamaulipas es considerado como la entidad con mayor biodiversidad en el norte de M\u00e9xico, resultado de la gran variedad de ecosistemas que presenta el estado, esto consecuencia de lo accidentado de su relieve, de la influencia de las condiciones clim\u00e1ticas de las Grandes Llanuras de Norteam\u00e9rica, el Golfo de M\u00e9xico y la Sierra Madre Oriental y particularmente por localizarse sobre la transici\u00f3n entre dos regiones biogeogr\u00e1ficas, la Ne\u00e1rtica y la Neotropical.<\/p>\n<p><strong>Informaci\u00f3n sobre la biodiversidad en Tamaulipas:<\/strong><\/p>\n<div class=\"table-responsive\"><table class=\" table table table-gobtam\"><tfoot><tr><td>Fuente: <a href=\"https:\/\/www.naturalista.mx\" target=\"_blank\" rel=\"noopener noreferrer\"><i class=\"fa fa-external-link\"><\/i> Naturalista.mx<\/a><\/td>\n<td><\/td>\n<\/tr><\/tfoot><thead><tr><td>Actividades<\/td>\n<td style=\"width: 110px;\">Total<\/td>\n<\/tr><\/thead><tbody><tr><td>Observaciones de la Biodiversidad en Tamaulipas<\/td>\n<td>33,390<\/td>\n<\/tr><tr><td>Especies registradas<\/td>\n<td>4,773<\/td>\n<\/tr><tr><td>Identificadores de especies<\/td>\n<td>2,475<\/td>\n<\/tr><tr><td>Observadores de la riqueza natural (ciencia ciudadana)<\/td>\n<td>997<\/td>\n<\/tr><\/tbody><\/table><\/div>\n<p><strong>Riqueza de especies por grupo biol\u00f3gico:<\/strong><\/p>\n<div class=\"table-responsive\"><table style=\"width: 43.8553%; height: 384px;\" class=\" table table table-gobtam\"><tfoot><tr style=\"height: 48px;\"><td style=\"width: 596.683px; height: 48px;\" colspan=\"2\">Fuente: <a href=\"http:\/\/enciclovida.mx\" target=\"_blank\" rel=\"noopener noreferrer\"><i class=\"fa fa-external-link\"><\/i> Enciclovida.mx<\/a> y <a href=\"https:\/\/www.naturalista.mx\" target=\"_blank\" rel=\"noopener noreferrer\"><i class=\"fa fa-external-link\"><\/i> Naturalista.mx<\/a><\/td>\n<\/tr><\/tfoot><thead><tr style=\"height: 24px;\"><td style=\"width: 365.383px; height: 24px;\">Grupo<\/td>\n<td style=\"width: 130px; height: 24px;\">N&#xFA;mero de especies<\/td>\n<\/tr><\/thead><tbody><tr style=\"height: 24px;\"><td style=\"width: 365.383px; height: 24px;\">Mam&#xED;feros<\/td>\n<td style=\"width: 225.633px; height: 24px;\">Entre 151 a 191<\/td>\n<\/tr><tr style=\"height: 24px;\"><td style=\"width: 365.383px; height: 24px;\">Aves<\/td>\n<td style=\"width: 225.633px; height: 24px;\">Entre 525 a 591<\/td>\n<\/tr><tr style=\"height: 24px;\"><td style=\"width: 365.383px; height: 24px;\">Reptiles<\/td>\n<td style=\"width: 225.633px; height: 24px;\">Entre 139 a 183<\/td>\n<\/tr><tr style=\"height: 24px;\"><td style=\"width: 365.383px; height: 24px;\">Anfibios<\/td>\n<td style=\"width: 225.633px; height: 24px;\">Entre 44 a 65<\/td>\n<\/tr><tr style=\"height: 24px;\"><td style=\"width: 365.383px; height: 24px;\">Peces<\/td>\n<td style=\"width: 225.633px; height: 24px;\">Entre 53 a 253<\/td>\n<\/tr><tr style=\"height: 24px;\"><td style=\"width: 365.383px; height: 24px;\">Animales Invertebrados<\/td>\n<td style=\"width: 225.633px; height: 24px;\">Mayor a 2385<\/td>\n<\/tr><tr style=\"height: 24px;\"><td style=\"width: 365.383px; height: 24px;\">Insectos<\/td>\n<td style=\"width: 225.633px; height: 24px;\">Mayor a 878<\/td>\n<\/tr><tr style=\"height: 24px;\"><td style=\"width: 365.383px; height: 24px;\">Moluscos (Caracoles y Conchas)<\/td>\n<td style=\"width: 225.633px; height: 24px;\">Mayor a 106<\/td>\n<\/tr><tr style=\"height: 24px;\"><td style=\"width: 365.383px; height: 24px;\">Ara&#xF1;as y Alacranes<\/td>\n<td style=\"width: 225.633px; height: 24px;\">Mayor a 134<\/td>\n<\/tr><tr style=\"height: 24px;\"><td style=\"width: 365.383px; height: 24px;\">Plantas<\/td>\n<td style=\"width: 225.633px; height: 24px;\">Mayor a 4816<\/td>\n<\/tr><tr style=\"height: 24px;\"><td style=\"width: 365.383px; height: 24px;\">Hongos<\/td>\n<td style=\"width: 225.633px; height: 24px;\">Mayor a 563<\/td>\n<\/tr><tr style=\"height: 24px;\"><td style=\"width: 365.383px; height: 24px;\">Bacterias<\/td>\n<td style=\"width: 225.633px; height: 24px;\">Mayor a 8<\/td>\n<\/tr><tr style=\"height: 24px;\"><td style=\"width: 365.383px; height: 24px;\">Protoctistas o Protozoarios<\/td>\n<td style=\"width: 225.633px; height: 24px;\">Mayor a 128<\/td>\n<\/tr><\/tbody><\/table><\/div>\n<div class=\"panel-group\" id=\"custom-collapse-0\">\n<div class=\"panel panel-default\">\n\t\t\t\t<div class=\"panel-heading\">\n\t\t\t\t\t<h4 class=\"panel-title\">\n\t\t\t\t\t\t<a class=\"\" data-toggle=\"collapse\" data-parent=\"#custom-collapse-0\" href=\"#custom-collapse-0-0\">Factores de presi\u00f3n sobre la biodiversidad<\/a>\n\t\t\t\t\t<\/h4>\n\t\t\t\t<\/div>\n\t\t\t\t<div id=\"custom-collapse-0-0\" class=\"panel-collapse in\">\n\t\t\t\t\t<div class=\"panel-body\">\n<p>Algunos de los factores importantes que influyen en la distribuci\u00f3n de las especies son las modificaciones antropog\u00e9nicas del entorno natural, como el cambio en el uso del suelo para actividades agropecuarias, los vac\u00edos de conocimiento, el crecimiento demogr\u00e1fico, introducci\u00f3n de especies, tr\u00e1fico ilegal de especies, la contaminaci\u00f3n y el cambio clim\u00e1tico. Sin embargo, las actividades antropog\u00e9nicas no siempre limitan la ocurrencia de especies, sino que algunas veces pueden favorecer el establecimiento y congregaci\u00f3n de especies tolerantes a los ambientes perturbados.<\/p>\n<\/div>\n\t\t\t\t<\/div>\n\t\t\t<\/div>\n<div class=\"panel panel-default\">\n\t\t\t\t<div class=\"panel-heading\">\n\t\t\t\t\t<h4 class=\"panel-title\">\n\t\t\t\t\t\t<a class=\"collapsed\" data-toggle=\"collapse\" data-parent=\"#custom-collapse-0\" href=\"#custom-collapse-0-1\">\u00bfQu\u00e9 medidas tomar para no impactar negativamente a la biodiversidad?<\/a>\n\t\t\t\t\t<\/h4>\n\t\t\t\t<\/div>\n\t\t\t\t<div id=\"custom-collapse-0-1\" class=\"panel-collapse collapse\">\n\t\t\t\t\t<div class=\"panel-body\">\n<ul>\n<li>Cuando visites \u00e1reas naturales protegidas o espacios verdes inf\u00f3rmate sobre el reglamento donde indique que actividades est\u00e1n permitidas y cu\u00e1les no.<\/li>\n<li>No molestes, captures, vendas o compres flora y fauna silvestre.<\/li>\n<li>No extraigas material f\u00f3sil de \u00e1reas naturales.<\/li>\n<li>Disminuye la velocidad del autom\u00f3vil en carretera cuando est\u00e9s cerca de \u00e1reas naturales protegidas, o est\u00e9s durante la migraci\u00f3n de especies como la mariposa monarca. Se recomienda una velocidad m\u00e1xima de 60 km\/h. con la finalidad de evitar atropellos.<\/li>\n<li>No molestes a las especies que se encuentren en temporada de reproducci\u00f3n.<\/li>\n<li>No te acerques a los nidos de aves debido a que muchas de estas son sensibles a la presencia humana, y abandonan el nido y sus cr\u00edas mueren despu\u00e9s de ser perturbado.<\/li>\n<li>No prender fuego en \u00e1reas verdes, solo en sitios establecidos se pueden realizar fogatas, podr\u00edas ocasionar un incendio forestal.<\/li>\n<li>No dejes basura en \u00e1reas libres, son foco de infecci\u00f3n y contaminaci\u00f3n lo cual es de riesgo para la especies que habitan las \u00e1reas naturales.<\/li>\n<li>No colectes o atrapes organismos silvestres para extraerlos de su h\u00e1bitat natural, es un delito penado por la ley mexicana.<\/li>\n<li>No liberes especies dom\u00e9sticas consideradas como mascotas (especies ex\u00f3ticas) en \u00e1reas naturales, debido a que pueden ser especies nocivas para las nativas y podr\u00edan convertirse en invasoras.<\/li>\n<li>En tus jardines procura tener especies de flora nativas de la regi\u00f3n para promover las interacciones naturales planta-animal.<\/li>\n<li>Si realizas ecoturismo consulta un gu\u00eda capacitado en la zona que visites, y no te salgas de los corredores establecidos.<\/li>\n<li>Si detectas organismos, poblaciones o \u00e1reas naturales da\u00f1adas o enfermos, da aviso a las autoridades correspondientes (Gobierno del Estado de Tamaulipas, SEMARNAT, PROFEPA).<\/li>\n<li>Si observas alg\u00fan delito hacia la biodiversidad denuncia a las autoridades correspondientes (PROFEPA).<\/li>\n<li>Si practicas caza o pesca no la realices fuera de los esquemas establecidos, ni en \u00e1reas que no han sido destinadas para dicha actividad.<\/li>\n<li>Antes de hacer cualquier cambio de uso de suelo realiza un estudio de impacto y da\u00f1os ambientales que cumpla con los reglamentos y leyes necesarias para su establecimiento.<\/li>\n<\/ul>\n<\/div>\n\t\t\t\t<\/div>\n\t\t\t<\/div>\n<div class=\"panel panel-default\">\n\t\t\t\t<div class=\"panel-heading\">\n\t\t\t\t\t<h4 class=\"panel-title\">\n\t\t\t\t\t\t<a class=\"collapsed\" data-toggle=\"collapse\" data-parent=\"#custom-collapse-0\" href=\"#custom-collapse-0-2\">Alternativas para la conservaci\u00f3n de la biodiversidad<\/a>\n\t\t\t\t\t<\/h4>\n\t\t\t\t<\/div>\n\t\t\t\t<div id=\"custom-collapse-0-2\" class=\"panel-collapse collapse\">\n\t\t\t\t\t<div class=\"panel-body\">\n<p>Es necesario prestar atenci\u00f3n y hacer \u00e9nfasis en la realizaci\u00f3n de investigaciones, desde estudios b\u00e1sicos como inventarios hasta los ecol\u00f3gicos, biogeogr\u00e1ficos, taxon\u00f3micos, eco-toxicol\u00f3gicos, moleculares, gen\u00e9ticos, entre otros, con el objetivo de conocer y entender la historia natural a escalas m\u00e1s finas en Tamaulipas. Es momento de participar con ciencia ciudadana.<\/p>\n<p>Aunque parece que todas las acciones han de ser desarrolladas por dependencias gubernamentales o acad\u00e9micas, existen muchas alternativas que la sociedad civil puede llevar a cabo encaminadas a la protecci\u00f3n y conservaci\u00f3n de los recursos naturales. Por lo cual, te invitamos a sumarte a las diversas actividades dentro de tu escuela, ciudad, hogar y grupo de amigos, es buena cualquier propuesta que d\u00e9 a conocer el valor tan importante de nuestro patrimonio natural.<\/p>\n<\/div>\n\t\t\t\t<\/div>\n\t\t\t<\/div>\n<div class=\"panel panel-default\">\n\t\t\t\t<div class=\"panel-heading\">\n\t\t\t\t\t<h4 class=\"panel-title\">\n\t\t\t\t\t\t<a class=\"collapsed\" data-toggle=\"collapse\" data-parent=\"#custom-collapse-0\" href=\"#custom-collapse-0-3\">\u00bfQu\u00e9 es ciencia ciudadana<\/a>\n\t\t\t\t\t<\/h4>\n\t\t\t\t<\/div>\n\t\t\t\t<div id=\"custom-collapse-0-3\" class=\"panel-collapse collapse\">\n\t\t\t\t\t<div class=\"panel-body\">\n<p>La ciencia ciudadana ha tenido un gran auge a nivel mundial, es la sinergia del sector acad\u00e9mico y los diversos grupos de la sociedad civil, definida como a participaci\u00f3n de la ciudadan\u00eda en la obtenci\u00f3n de datos analizables para estudios cient\u00edficos. La participaci\u00f3n de la ciudadan\u00eda en proyectos de ciencia ciudadana est\u00e1 generando conciencia sobre el impacto de las actividades humanas en las especies y su h\u00e1bitat, por lo que se ha vuelto una herramienta invaluable en la educaci\u00f3n ambiental. En M\u00e9xico, la ciencia ciudadana est\u00e1 teniendo una participaci\u00f3n importante en la conservaci\u00f3n de especies, as\u00ed como en su estudio y conocimiento a corto, media y largo plazo.<\/p>\n<\/div>\n\t\t\t\t<\/div>\n\t\t\t<\/div>\n<div class=\"panel panel-default\">\n\t\t\t\t<div class=\"panel-heading\">\n\t\t\t\t\t<h4 class=\"panel-title\">\n\t\t\t\t\t\t<a class=\"collapsed\" data-toggle=\"collapse\" data-parent=\"#custom-collapse-0\" href=\"#custom-collapse-0-4\">Especies prioritarios en Tamaulipas<\/a>\n\t\t\t\t\t<\/h4>\n\t\t\t\t<\/div>\n\t\t\t\t<div id=\"custom-collapse-0-4\" class=\"panel-collapse collapse\">\n\t\t\t\t\t<div class=\"panel-body\">\n<p>N\u00famero de especies por grupo biol\u00f3gico en estatus de conservaci\u00f3n a nivel nacional para Tamaulipas, es de acuerdo a la Norma Oficial Mexicana NOM-059-SEMARNAT-2010, Protecci\u00f3n ambiental-Especies nativas de M\u00e9xico de flora y fauna silvestres-Categor\u00edas de riesgo y especificaciones para su inclusi\u00f3n, exclusi\u00f3n o cambio-Lista de especies en riesgo.<\/p>\n<div class=\"table-responsive\"><table style=\"font-weight: 400; width: 100%;\" width=\"100%\" class=\" table table table-gobtam\"><tbody><tr><td style=\"width: 14.4467%;\" width=\"18%\"><strong>Grupo<\/strong><\/td>\n<td style=\"width: 19.8434%;\" width=\"16%\"><strong>Probablemente Extinta (E)<\/strong><\/td>\n<td style=\"width: 19.9159%;\" width=\"16%\"><strong>Peligro de Extinci&#xF3;n (P)<\/strong><\/td>\n<td style=\"width: 16.9427%;\" width=\"16%\"><strong>Amenazadas (A)<\/strong><\/td>\n<td style=\"width: 17.8129%;\" width=\"16%\"><strong>Protecci&#xF3;n Especial (Pr)<\/strong><\/td>\n<td style=\"width: 8.03843%;\" width=\"15%\"><strong>Total<\/strong><\/td>\n<\/tr><tr><td style=\"width: 14.4467%;\" width=\"18%\"><strong>Mam&#xED;feros<\/strong><\/td>\n<td style=\"width: 19.8434%;\" width=\"16%\">5<\/td>\n<td style=\"width: 19.9159%;\" width=\"16%\">10<\/td>\n<td style=\"width: 16.9427%;\" width=\"16%\">11<\/td>\n<td style=\"width: 17.8129%;\" width=\"16%\">5<\/td>\n<td style=\"width: 8.03843%;\" width=\"15%\">31<\/td>\n<\/tr><tr><td style=\"width: 14.4467%;\" width=\"18%\"><strong>Aves<\/strong><\/td>\n<td style=\"width: 19.8434%;\" width=\"16%\">1<\/td>\n<td style=\"width: 19.9159%;\" width=\"16%\">20<\/td>\n<td style=\"width: 16.9427%;\" width=\"16%\">20<\/td>\n<td style=\"width: 17.8129%;\" width=\"16%\">44<\/td>\n<td style=\"width: 8.03843%;\" width=\"15%\">85<\/td>\n<\/tr><tr><td style=\"width: 14.4467%;\" width=\"18%\"><strong>Reptiles<\/strong><\/td>\n<td style=\"width: 19.8434%;\" width=\"16%\">0<\/td>\n<td style=\"width: 19.9159%;\" width=\"16%\">6<\/td>\n<td style=\"width: 16.9427%;\" width=\"16%\">22<\/td>\n<td style=\"width: 17.8129%;\" width=\"16%\">22<\/td>\n<td style=\"width: 8.03843%;\" width=\"15%\">50<\/td>\n<\/tr><tr><td style=\"width: 14.4467%;\" width=\"18%\"><strong>Anfibios<\/strong><\/td>\n<td style=\"width: 19.8434%;\" width=\"16%\">0<\/td>\n<td style=\"width: 19.9159%;\" width=\"16%\">1<\/td>\n<td style=\"width: 16.9427%;\" width=\"16%\">5<\/td>\n<td style=\"width: 17.8129%;\" width=\"16%\">12<\/td>\n<td style=\"width: 8.03843%;\" width=\"15%\">18<\/td>\n<\/tr><tr><td style=\"width: 14.4467%;\" width=\"18%\"><strong>Peces<\/strong><\/td>\n<td style=\"width: 19.8434%;\" width=\"16%\">2<\/td>\n<td style=\"width: 19.9159%;\" width=\"16%\">6<\/td>\n<td style=\"width: 16.9427%;\" width=\"16%\">17<\/td>\n<td style=\"width: 17.8129%;\" width=\"16%\">4<\/td>\n<td style=\"width: 8.03843%;\" width=\"15%\">29<\/td>\n<\/tr><tr><td style=\"width: 14.4467%;\" width=\"18%\"><strong>Invertebrados<\/strong><\/td>\n<td style=\"width: 19.8434%;\" width=\"16%\">0<\/td>\n<td style=\"width: 19.9159%;\" width=\"16%\">2<\/td>\n<td style=\"width: 16.9427%;\" width=\"16%\">1<\/td>\n<td style=\"width: 17.8129%;\" width=\"16%\">3<\/td>\n<td style=\"width: 8.03843%;\" width=\"15%\">6<\/td>\n<\/tr><tr><td style=\"width: 14.4467%;\" width=\"18%\"><strong>Plantas<\/strong><\/td>\n<td style=\"width: 19.8434%;\" width=\"16%\">0<\/td>\n<td style=\"width: 19.9159%;\" width=\"16%\">21<\/td>\n<td style=\"width: 16.9427%;\" width=\"16%\">48<\/td>\n<td style=\"width: 17.8129%;\" width=\"16%\">43<\/td>\n<td style=\"width: 8.03843%;\" width=\"15%\">112<\/td>\n<\/tr><tr><td style=\"width: 14.4467%;\" width=\"18%\"><strong>Hongos<\/strong><\/td>\n<td style=\"width: 19.8434%;\" width=\"16%\">0<\/td>\n<td style=\"width: 19.9159%;\" width=\"16%\">0<\/td>\n<td style=\"width: 16.9427%;\" width=\"16%\">5<\/td>\n<td style=\"width: 17.8129%;\" width=\"16%\">1<\/td>\n<td style=\"width: 8.03843%;\" width=\"15%\">6<\/td>\n<\/tr><tr><td style=\"width: 14.4467%;\" width=\"18%\"><strong>Totales<\/strong><\/td>\n<td style=\"width: 19.8434%;\" width=\"16%\">8<\/td>\n<td style=\"width: 19.9159%;\" width=\"16%\">66<\/td>\n<td style=\"width: 16.9427%;\" width=\"16%\">129<\/td>\n<td style=\"width: 17.8129%;\" width=\"16%\">134<\/td>\n<td style=\"width: 8.03843%;\" width=\"15%\">337<\/td>\n<\/tr><\/tbody><\/table><\/div>\n<p>Las categor\u00edas asignadas por la NOM-059-SEMARNAT-2010 (SEMARNAT 2010). Las categor\u00edas de riesgo son:<\/p>\n<ul style=\"list-style-type: circle;\">\n<li>Probablemente Extinta en el medio silvestre, especie nativa de M\u00e9xico cuyos ejemplares en vida libre dentro del Territorio Nacional han desaparecido, hasta donde la documentaci\u00f3n y los estudios realizados lo prueban, y de la cual se conoce la existencia de ejemplares vivos, en confinamiento o fuera del Territorio Mexicano.<\/li>\n<li>Peligro de extinci\u00f3n, especie cuya \u00e1rea de distribuci\u00f3n o tama\u00f1o de sus poblaciones en el territorio nacional han disminuido dr\u00e1sticamente poniendo en riesgo su viabilidad biol\u00f3gica en todo su h\u00e1bitat natural, debido a factores tales como la destrucci\u00f3n o modificaci\u00f3n dr\u00e1stica del h\u00e1bitat, aprovechamiento no sustentable, enfermedades o depredaci\u00f3n, entre otros.<\/li>\n<li>Amenazada, especies, o poblaciones de las mismas, que podr\u00edan llegar a encontrarse en peligro de desaparecer a corto o mediano plazos, si siguen operando los factores que inciden negativamente en su viabilidad, al ocasionar el deterioro o modificaci\u00f3n de su h\u00e1bitat o disminuir directamente el tama\u00f1o de sus poblaciones.<\/li>\n<li>Sujeta a protecci\u00f3n especial, especie, o poblaciones que podr\u00edan llegar a encontrarse amenazadas por factores que inciden negativamente en su viabilidad, por lo que se determina la necesidad de propiciar su recuperaci\u00f3n y conservaci\u00f3n o la recuperaci\u00f3n y conservaci\u00f3n de poblaciones de especies asociadas.<\/li>\n<\/ul>\n<p>&nbsp;<\/p>\n<\/div>\n\t\t\t\t<\/div>\n\t\t\t<\/div>\n<\/div>\n","protected":false},"excerpt":{"rendered":"<p>Tamaulipas es considerado como la entidad con mayor biodiversidad en el norte de M\u00e9xico, resultado de la gran variedad de ecosistemas que presenta el estado,\u2026<\/p>\n","protected":false},"author":1,"featured_media":0,"parent":202,"menu_order":0,"comment_status":"closed","ping_status":"closed","template":"","meta":{"footnotes":""},"class_list":["post-205","page","type-page","status-publish","hentry"],"publishpress_future_action":{"enabled":false,"date":"2026-04-25 22:29:25","action":"change-status","newStatus":"draft","terms":[],"taxonomy":""},"_links":{"self":[{"href":"https:\/\/www.tamaulipas.gob.mx\/parquesybiodiversidad\/wp-json\/wp\/v2\/pages\/205"}],"collection":[{"href":"https:\/\/www.tamaulipas.gob.mx\/parquesybiodiversidad\/wp-json\/wp\/v2\/pages"}],"about":[{"href":"https:\/\/www.tamaulipas.gob.mx\/parquesybiodiversidad\/wp-json\/wp\/v2\/types\/page"}],"author":[{"embeddable":true,"href":"https:\/\/www.tamaulipas.gob.mx\/parquesybiodiversidad\/wp-json\/wp\/v2\/users\/1"}],"replies":[{"embeddable":true,"href":"https:\/\/www.tamaulipas.gob.mx\/parquesybiodiversidad\/wp-json\/wp\/v2\/comments?post=205"}],"version-history":[{"count":16,"href":"https:\/\/www.tamaulipas.gob.mx\/parquesybiodiversidad\/wp-json\/wp\/v2\/pages\/205\/revisions"}],"predecessor-version":[{"id":590,"href":"https:\/\/www.tamaulipas.gob.mx\/parquesybiodiversidad\/wp-json\/wp\/v2\/pages\/205\/revisions\/590"}],"up":[{"embeddable":true,"href":"https:\/\/www.tamaulipas.gob.mx\/parquesybiodiversidad\/wp-json\/wp\/v2\/pages\/202"}],"wp:attachment":[{"href":"https:\/\/www.tamaulipas.gob.mx\/parquesybiodiversidad\/wp-json\/wp\/v2\/media?parent=205"}],"curies":[{"name":"wp","href":"https:\/\/api.w.org\/{rel}","templated":true}]}}