{"id":187,"date":"2019-02-28T15:33:09","date_gmt":"2019-02-28T21:33:09","guid":{"rendered":"https:\/\/www.tamaulipas.gob.mx\/parquesybiodiversidad\/?page_id=187"},"modified":"2024-12-05T13:08:53","modified_gmt":"2024-12-05T19:08:53","slug":"parque-recreativo-tamatan","status":"publish","type":"page","link":"https:\/\/www.tamaulipas.gob.mx\/parquesybiodiversidad\/parques\/parque-recreativo-tamatan\/","title":{"rendered":"Parque Recreativo Tamat\u00e1n"},"content":{"rendered":"<p><img loading=\"lazy\" decoding=\"async\" class=\"alignnone size-full wp-image-2758\" src=\"http:\/\/www.tamaulipas.gob.mx\/parquesybiodiversidad\/wp-content\/uploads\/sites\/44\/2024\/05\/pr.png\" alt=\"\" width=\"943\" height=\"398\" \/><\/p>\n<p style=\"text-align: justify;\">En el a\u00f1o 2004 se inaugura el Parque Recreativo Tamat\u00e1n, espacio p\u00fablico que ofrece \u00e1reas verdes, juegos infantiles, vitapista, lanchitas y el tradicional trenecito.<\/p>\n<p style=\"text-align: justify;\">Recientemente se abri\u00f3 una nueva \u00e1rea, la cual viene a reforzar la integraci\u00f3n de las familias que visitan el parque, se trata de la Fuente Interactiva un espacio de 14.50 metros de di\u00e1metro, donde la altura del agua llega hasta 2 metros, intercalando con propulsiones de menor altura.<\/p>\n<p style=\"text-align: justify;\">Aqu\u00ed podr\u00e1n entrar ni\u00f1os y adultos, no importa la edad sino las ganas de divertirse<\/p>\n<p style=\"text-align: justify;\">En los \u00faltimos a\u00f1os se han integrado atractivos con el objetivo de que las familias tamaulipecas tengan m\u00e1s opciones para disfrutar y divertirse en el Parque Recreativo.<\/p>\n<p><strong>Horarios:<\/strong><\/p>\n<p>Martes a Domingo de 10:00 a 17:00 hrs.<\/p>\n<p><strong>Acceso Libre<\/strong><\/p>\n<p><strong>Redes sociales:<\/strong><\/p>\n<div class=\"row\">\n<div class=\"col-md-4\">\n<a href=\"https:\/\/www.facebook.com\/zoologico.tamatan\/\" class=\"btn btn-primary btn-sm\" target=\"_blank\">\u00a0<i class=\"fa fa-facebook-square fa-lg\"><\/i>\u00a0 Zool\u00f3gico Tamat\u00e1n <\/a>\n<\/div>\n<div class=\"col-md-4\">\n<a href=\"https:\/\/twitter.com\/zootamatan\/\" class=\"btn btn-primary btn-sm\" target=\"_blank\">\u00a0<i class=\"fa fa-twitter-square fa-lg\"><\/i>\u00a0 Zool\u00f3gico Tamat\u00e1n <\/a>\n<\/div>\n<div class=\"col-md-4\">\n<a href=\"https:\/\/www.tamaulipas.gob.mx\/tamatan\/parquerecreativo\/\" class=\"btn btn-primary btn-sm\" target=\"_blank\">\u00a0<i class=\"fa fa-external-link fa-lg\"><\/i>\u00a0 Zool\u00f3gico Tamat\u00e1n <\/a>\n<\/div>\n<\/div>\n","protected":false},"excerpt":{"rendered":"<p>En el a\u00f1o 2004 se inaugura el Parque Recreativo Tamat\u00e1n, espacio p\u00fablico que ofrece \u00e1reas verdes, juegos infantiles, vitapista, lanchitas y el tradicional trenecito. Recientemente\u2026<\/p>\n","protected":false},"author":1,"featured_media":0,"parent":168,"menu_order":0,"comment_status":"closed","ping_status":"closed","template":"","meta":{"footnotes":""},"class_list":["post-187","page","type-page","status-publish","hentry"],"publishpress_future_action":{"enabled":false,"date":"2026-04-22 00:59:08","action":"change-status","newStatus":"draft","terms":[],"taxonomy":""},"_links":{"self":[{"href":"https:\/\/www.tamaulipas.gob.mx\/parquesybiodiversidad\/wp-json\/wp\/v2\/pages\/187"}],"collection":[{"href":"https:\/\/www.tamaulipas.gob.mx\/parquesybiodiversidad\/wp-json\/wp\/v2\/pages"}],"about":[{"href":"https:\/\/www.tamaulipas.gob.mx\/parquesybiodiversidad\/wp-json\/wp\/v2\/types\/page"}],"author":[{"embeddable":true,"href":"https:\/\/www.tamaulipas.gob.mx\/parquesybiodiversidad\/wp-json\/wp\/v2\/users\/1"}],"replies":[{"embeddable":true,"href":"https:\/\/www.tamaulipas.gob.mx\/parquesybiodiversidad\/wp-json\/wp\/v2\/comments?post=187"}],"version-history":[{"count":7,"href":"https:\/\/www.tamaulipas.gob.mx\/parquesybiodiversidad\/wp-json\/wp\/v2\/pages\/187\/revisions"}],"predecessor-version":[{"id":3630,"href":"https:\/\/www.tamaulipas.gob.mx\/parquesybiodiversidad\/wp-json\/wp\/v2\/pages\/187\/revisions\/3630"}],"up":[{"embeddable":true,"href":"https:\/\/www.tamaulipas.gob.mx\/parquesybiodiversidad\/wp-json\/wp\/v2\/pages\/168"}],"wp:attachment":[{"href":"https:\/\/www.tamaulipas.gob.mx\/parquesybiodiversidad\/wp-json\/wp\/v2\/media?parent=187"}],"curies":[{"name":"wp","href":"https:\/\/api.w.org\/{rel}","templated":true}]}}