{"id":175,"date":"2019-02-28T13:31:23","date_gmt":"2019-02-28T19:31:23","guid":{"rendered":"https:\/\/www.tamaulipas.gob.mx\/parquesybiodiversidad\/?page_id=175"},"modified":"2024-12-23T12:10:52","modified_gmt":"2024-12-23T18:10:52","slug":"centro-interpretativo-ecologico","status":"publish","type":"page","link":"https:\/\/www.tamaulipas.gob.mx\/parquesybiodiversidad\/parques\/centro-interpretativo-ecologico\/","title":{"rendered":"Parque Ecol\u00f3gico Biosfera El Cielo"},"content":{"rendered":"<p><img loading=\"lazy\" decoding=\"async\" class=\"alignnone size-full wp-image-2765\" src=\"http:\/\/www.tamaulipas.gob.mx\/parquesybiodiversidad\/wp-content\/uploads\/sites\/44\/2024\/05\/parqueecologico.png\" alt=\"\" width=\"943\" height=\"398\" \/><\/p>\n<p style=\"text-align: justify;\">Parque Ecol\u00f3gico Biosfera El Cielo abri\u00f3 sus puertas en el a\u00f1o 2010 y surge por la necesidad de preservar la Reserva de la Bi\u00f3sfera \u2018\u2019El Cielo\u2019\u2019 con el objetivo de proporcionar informaci\u00f3n sobre su importancia y sus principales atractivos, fomentando la educaci\u00f3n ambiental durante su recorrido por las galer\u00edas y sus andadores, este centro es un ejemplo de arquitectura en el que los materiales y el proceso constructivo van de acuerdo a los principios de sustentabilidad.<\/p>\n<p style=\"text-align: justify;\">Se encuentra ubicado en el municipio de G\u00f3mez Far\u00edas Tamaulipas, al pie de la sierra madre oriental y se ha convertido en una visita obligada dentro del circuito eco-tur\u00edstico de la Reserva de la Bi\u00f3sfera \u2018\u2019El Cielo\u2019\u2019 permiti\u00e9ndote vivir una experiencia m\u00e1s cercana y responsable.<\/p>\n<ul style=\"text-align: justify;\">\n<li>Parque Ecol\u00f3gico Biosfera El Cielo\u00a0prepara y sensibiliza a sus visitantes sobre las maravillas naturales y las experiencias por descubrir en la Reserva de la Bi\u00f3sfera \u2018\u2019El Cielo\u2019\u2019.<\/li>\n<li>Parque Ecol\u00f3gico Biosfera El Cielo\u00a0es educativo, divertido e interactivo, promueve la protecci\u00f3n y conocimiento sobre el cuidado de la flora y fauna regionales. Es un espacio de servicio a la comunidad local.<\/li>\n<li>Es la entrada a \u2018\u2019El Cielo\u2019\u2019, donde te explicamos lo que puedes encontrar en los alrededores y lo que puedes hacer en una visita y lo que no puedes hacer.<\/li>\n<\/ul>\n<p style=\"text-align: justify;\">Aqu\u00ed el visitante aprender\u00e1 a que lo haga suyo y practique lo aprendido durante su recorrido por las galer\u00ed\u00adas, es un promotor del turismo sustentable, es un impulsor del conocimiento del agua. El Centro Interpretativo Ecol\u00f3gico es un espacio para recorrer y descubrir brindando un sentido de responsabilidad ecol\u00f3gica; fungiendo como un filtro de sensibilizaci\u00f3n con el fr\u00e1gil equilibrio de los ecosistemas de la Reserva.<\/p>\n<p style=\"text-align: justify;\">Si vas a El Cielo\u2026 \u00a1visita Parque Ecol\u00f3gico Biosfera El Cielo!<\/p>\n<p style=\"text-align: justify;\"><strong>Los edificios del Parque Ecol\u00f3gico Biosfera El Cielo<\/strong><\/p>\n<p style=\"text-align: justify;\">En los edificios del Parque Ecol\u00f3gico Biosfera El Cielo han sido utilizados materiales ambientalmente amigables, estos no afectan la calidad del aire interior y por consecuencia la salud de los visitantes; su estructura arquitect\u00f3nica se basa en los criterios de ecotecnias y sistemas de construcci\u00f3n sustentables.<\/p>\n<p style=\"text-align: justify;\">Los andadores est\u00e1n hechos con aleaciones de pl\u00e1stico reciclado con apariencia de madera y se encuentran elevados del nivel del piso para permitir el libre tr\u00e1nsito de la fauna de la regi\u00f3n y est\u00e1n dise\u00f1ados de manera que tambi\u00e9n permitan el tr\u00e1nsito fluido de los visitantes, especialmente aquellos con capacidades diferentes.<\/p>\n<p style=\"text-align: justify;\">Las azoteas de sus edificios est\u00e1n cubiertas con un material de aislamiento t\u00e9rmico y ac\u00fastico que, aunado a los techos verdes, ayuda a disminuir la necesidad de utilizar sistemas de enfriamiento y calefacci\u00f3n artificiales; el techo verde del multi-teatro contribuye con la recuperaci\u00f3n de la mayor cantidad de agua pluvial ya que este es el de mayor dimensi\u00f3n en el edificio.<\/p>\n<p style=\"text-align: justify;\">Los lagos artificiales del Parque Ecol\u00f3gico Biosfera El Cielo fueron colocados estrat\u00e9gicamente para que funcionen como filtros termales semi-pasivos para refrescar el aire que llega a los edificios.<\/p>\n<p style=\"text-align: justify;\">El uso de los tragaluces en los techos del conjunto contribuye a que los interiores se mantengan iluminados naturalmente.<\/p>\n<div class=\"panel-group\" id=\"custom-collapse-0\">\n<div class=\"panel panel-default\">\n\t\t\t\t<div class=\"panel-heading\">\n\t\t\t\t\t<h4 class=\"panel-title\">\n\t\t\t\t\t\t<a class=\"\" data-toggle=\"collapse\" data-parent=\"#custom-collapse-0\" href=\"#custom-collapse-0-0\">Galer\u00eda de la niebla<\/a>\n\t\t\t\t\t<\/h4>\n\t\t\t\t<\/div>\n\t\t\t\t<div id=\"custom-collapse-0-0\" class=\"panel-collapse in\">\n\t\t\t\t\t<div class=\"panel-body\">\n<p>Descubre el bosque mes\u00f3filo de monta\u00f1a y conoce porqu\u00e9 es el ecosistema m\u00e1s representativo de El Cielo, mismo que ocupa menos del 1% del territorio nacional.<br \/>\nPareciera que en este lugar no transcurre el tiempo, la vida sobrepasa el espacio llen\u00e1ndolo de verde.<\/p>\n<\/div>\n\t\t\t\t<\/div>\n\t\t\t<\/div>\n<div class=\"panel panel-default\">\n\t\t\t\t<div class=\"panel-heading\">\n\t\t\t\t\t<h4 class=\"panel-title\">\n\t\t\t\t\t\t<a class=\"collapsed\" data-toggle=\"collapse\" data-parent=\"#custom-collapse-0\" href=\"#custom-collapse-0-1\">Galer\u00eda del d\u00eda<\/a>\n\t\t\t\t\t<\/h4>\n\t\t\t\t<\/div>\n\t\t\t\t<div id=\"custom-collapse-0-1\" class=\"panel-collapse collapse\">\n\t\t\t\t\t<div class=\"panel-body\">\n<p>Espacio interactivo donde el visitante descubre por s\u00ed mismo sobre la incre\u00edble variedad de flora, fauna, paisajes y ecosistemas que conforman los bosques de El Cielo. Descubre algunos nombres comunes de aves, mariposas, plantas, etc. Y su importante rol en los ecosistemas de este tesoro tamaulipeco.<\/p>\n<\/div>\n\t\t\t\t<\/div>\n\t\t\t<\/div>\n<div class=\"panel panel-default\">\n\t\t\t\t<div class=\"panel-heading\">\n\t\t\t\t\t<h4 class=\"panel-title\">\n\t\t\t\t\t\t<a class=\"collapsed\" data-toggle=\"collapse\" data-parent=\"#custom-collapse-0\" href=\"#custom-collapse-0-2\">Galer\u00eda de la noche<\/a>\n\t\t\t\t\t<\/h4>\n\t\t\t\t<\/div>\n\t\t\t\t<div id=\"custom-collapse-0-2\" class=\"panel-collapse collapse\">\n\t\t\t\t\t<div class=\"panel-body\">\n<p>Esta galer\u00eda te muestra a los paseantes de la noche que son dif\u00edciles de observar pero que s\u00ed existen en la Reserva de la Bi\u00f3sfera, adem\u00e1s de fauna cavern\u00edcola como los peces ciegos.<\/p>\n<\/div>\n\t\t\t\t<\/div>\n\t\t\t<\/div>\n<\/div>\n<p><strong>Ubicaci\u00f3n:<\/strong><\/p>\n<p>Camino hacia Alta Cima, Km. 3, S\/N, G\u00f3mez Far\u00edas, Tamaulipas, M\u00e9xico.<\/p>\n<p><strong>Horarios:<\/strong><\/p>\n<p>Martes a Domingo de 10:00 a 17:00 hrs.<\/p>\n<p><strong>Costos:<\/strong><\/p>\n<ul>\n<li>Adultos y 12 a\u00f1os en adelante: $40.00<\/li>\n<li>Ni\u00f1os de 3 a 11 a\u00f1os: $30.00<\/li>\n<li>Adulto mayor INSEN: $20.00<\/li>\n<li>Carreola Infantil: $20<\/li>\n<li>Renta de Multiteatro $3,000<\/li>\n<\/ul>\n<a href=\"https:\/\/www.facebook.com\/parquebiosferaelcielo\" class=\"btn btn-primary btn-sm\" target=\"_blank\"><i class=\"fa fa-facebook-square\"><\/i> Centro Interpretativo Ecol\u00f3gico <\/a>\n","protected":false},"excerpt":{"rendered":"<p>Parque Ecol\u00f3gico Biosfera El Cielo abri\u00f3 sus puertas en el a\u00f1o 2010 y surge por la necesidad de preservar la Reserva de la Bi\u00f3sfera \u2018\u2019El\u2026<\/p>\n","protected":false},"author":1,"featured_media":0,"parent":168,"menu_order":0,"comment_status":"closed","ping_status":"closed","template":"","meta":{"footnotes":""},"class_list":["post-175","page","type-page","status-publish","hentry"],"publishpress_future_action":{"enabled":false,"date":"2026-04-25 20:58:15","action":"change-status","newStatus":"draft","terms":[],"taxonomy":""},"_links":{"self":[{"href":"https:\/\/www.tamaulipas.gob.mx\/parquesybiodiversidad\/wp-json\/wp\/v2\/pages\/175"}],"collection":[{"href":"https:\/\/www.tamaulipas.gob.mx\/parquesybiodiversidad\/wp-json\/wp\/v2\/pages"}],"about":[{"href":"https:\/\/www.tamaulipas.gob.mx\/parquesybiodiversidad\/wp-json\/wp\/v2\/types\/page"}],"author":[{"embeddable":true,"href":"https:\/\/www.tamaulipas.gob.mx\/parquesybiodiversidad\/wp-json\/wp\/v2\/users\/1"}],"replies":[{"embeddable":true,"href":"https:\/\/www.tamaulipas.gob.mx\/parquesybiodiversidad\/wp-json\/wp\/v2\/comments?post=175"}],"version-history":[{"count":18,"href":"https:\/\/www.tamaulipas.gob.mx\/parquesybiodiversidad\/wp-json\/wp\/v2\/pages\/175\/revisions"}],"predecessor-version":[{"id":3639,"href":"https:\/\/www.tamaulipas.gob.mx\/parquesybiodiversidad\/wp-json\/wp\/v2\/pages\/175\/revisions\/3639"}],"up":[{"embeddable":true,"href":"https:\/\/www.tamaulipas.gob.mx\/parquesybiodiversidad\/wp-json\/wp\/v2\/pages\/168"}],"wp:attachment":[{"href":"https:\/\/www.tamaulipas.gob.mx\/parquesybiodiversidad\/wp-json\/wp\/v2\/media?parent=175"}],"curies":[{"name":"wp","href":"https:\/\/api.w.org\/{rel}","templated":true}]}}