{"id":163,"date":"2019-02-28T12:41:18","date_gmt":"2019-02-28T18:41:18","guid":{"rendered":"https:\/\/www.tamaulipas.gob.mx\/parquesybiodiversidad\/?page_id=163"},"modified":"2023-09-19T14:50:29","modified_gmt":"2023-09-19T20:50:29","slug":"conducta","status":"publish","type":"page","link":"https:\/\/www.tamaulipas.gob.mx\/parquesybiodiversidad\/conducta\/","title":{"rendered":"C\u00f3digo de conducta"},"content":{"rendered":"<p>El c\u00f3digo de conducta se ha elaborado con fundamento en los cinco principios Constitucionales que forman parte del C\u00f3digo de \u00c9tica de la Administraci\u00f3n P\u00fablica Estatal, de esos se han desprendido valores y normas de conducta que deben regir nuestro actuar diario de quienes laboramos en la Comisi\u00f3n de Parques y Biodiversidad de Tamaulipas.<\/p>\n<p>&nbsp;<\/p>\n<p><img loading=\"lazy\" decoding=\"async\" class=\"size-full wp-image-1301 aligncenter\" src=\"http:\/\/www.tamaulipas.gob.mx\/parquesybiodiversidad\/wp-content\/uploads\/sites\/44\/2023\/04\/parques_conducta.png\" alt=\"\" width=\"732\" height=\"684\" \/><\/p>\n<blockquote>\n<div><\/div>\n<\/blockquote>\n<div><\/div>\n<div><\/div>\n<p><a href=\"http:\/\/www.tamaulipas.gob.mx\/parquesybiodiversidad\/wp-content\/uploads\/sites\/44\/2023\/08\/codigo-de-conducta-de-la-cpbt-2023.pdf\">Descargar c\u00f3digo de conducta<\/a><\/p>\n<p>&nbsp;<\/p>\n","protected":false},"excerpt":{"rendered":"<p>El c\u00f3digo de conducta se ha elaborado con fundamento en los cinco principios Constitucionales que forman parte del C\u00f3digo de \u00c9tica de la Administraci\u00f3n P\u00fablica\u2026<\/p>\n","protected":false},"author":1,"featured_media":0,"parent":0,"menu_order":0,"comment_status":"closed","ping_status":"closed","template":"","meta":{"footnotes":""},"class_list":["post-163","page","type-page","status-publish","hentry"],"publishpress_future_action":{"enabled":false,"date":"2026-04-24 03:03:43","action":"change-status","newStatus":"draft","terms":[],"taxonomy":""},"_links":{"self":[{"href":"https:\/\/www.tamaulipas.gob.mx\/parquesybiodiversidad\/wp-json\/wp\/v2\/pages\/163"}],"collection":[{"href":"https:\/\/www.tamaulipas.gob.mx\/parquesybiodiversidad\/wp-json\/wp\/v2\/pages"}],"about":[{"href":"https:\/\/www.tamaulipas.gob.mx\/parquesybiodiversidad\/wp-json\/wp\/v2\/types\/page"}],"author":[{"embeddable":true,"href":"https:\/\/www.tamaulipas.gob.mx\/parquesybiodiversidad\/wp-json\/wp\/v2\/users\/1"}],"replies":[{"embeddable":true,"href":"https:\/\/www.tamaulipas.gob.mx\/parquesybiodiversidad\/wp-json\/wp\/v2\/comments?post=163"}],"version-history":[{"count":25,"href":"https:\/\/www.tamaulipas.gob.mx\/parquesybiodiversidad\/wp-json\/wp\/v2\/pages\/163\/revisions"}],"predecessor-version":[{"id":2102,"href":"https:\/\/www.tamaulipas.gob.mx\/parquesybiodiversidad\/wp-json\/wp\/v2\/pages\/163\/revisions\/2102"}],"wp:attachment":[{"href":"https:\/\/www.tamaulipas.gob.mx\/parquesybiodiversidad\/wp-json\/wp\/v2\/media?parent=163"}],"curies":[{"name":"wp","href":"https:\/\/api.w.org\/{rel}","templated":true}]}}