{"id":160,"date":"2019-02-28T12:29:30","date_gmt":"2019-02-28T18:29:30","guid":{"rendered":"https:\/\/www.tamaulipas.gob.mx\/parquesybiodiversidad\/?page_id=160"},"modified":"2024-06-03T13:30:11","modified_gmt":"2024-06-03T19:30:11","slug":"conocenos","status":"publish","type":"page","link":"https:\/\/www.tamaulipas.gob.mx\/parquesybiodiversidad\/conocenos\/","title":{"rendered":"Con\u00f3cenos"},"content":{"rendered":"<p><a href=\"https:\/\/www.facebook.com\/ParquesyBiodiversidadTam\/posts\/pfbid02jDCgTnRwgmDvvmYa4DCKw3x64tywS9SkkxnEAGSnataWFV81PWFuLmAeMS11xAP3l?notif_id=1717430479402453&amp;notif_t=feedback_reaction_generic&amp;ref=notif\"><img loading=\"lazy\" decoding=\"async\" class=\"alignnone size-full wp-image-2750\" src=\"http:\/\/www.tamaulipas.gob.mx\/parquesybiodiversidad\/wp-content\/uploads\/sites\/44\/2024\/05\/portada-web.jpg\" alt=\"\" width=\"1024\" height=\"398\" \/><\/a><\/p>\n<p><span style=\"font-size: 10px;\"><em>Da click a la imagen\u00a0<\/em><\/span><\/p>\n<p>Quienes trabajamos en la Comisi\u00f3n de Parques y Biodiversidad de Tamaulipas, tenemos la responsabilidad y obligaci\u00f3n de impulsar pol\u00edticas sustentables de protecci\u00f3n, conservaci\u00f3n y aprovechamiento de los recursos naturales.<\/p>\n<p>Sabemos lo importante que es para los tamaulipecos tener espacios para esparcimiento y sana convivencia familiar que conllevan a un ambiente sano en el cuidado de la flora y fauna de Tamaulipas. Por ello tenemos el reto de promover con eficiencia y eficacia nuestro trabajo, afront\u00e1ndolo con \u00e9tica, honestidad y aut\u00e9ntica vocaci\u00f3n de servicio.<\/p>\n<p>&nbsp;<\/p>\n<p><img loading=\"lazy\" decoding=\"async\" class=\"alignnone size-full wp-image-1758\" src=\"http:\/\/www.tamaulipas.gob.mx\/parquesybiodiversidad\/wp-content\/uploads\/sites\/44\/2023\/08\/mision-vision-6.png\" alt=\"\" width=\"555\" height=\"112\" \/><\/p>\n<p>Coordinar y ejecutar acciones y estudios relacionados con el conocimiento y la preservaci\u00f3n de las especies biol\u00f3gicas, promover y fomentar actividades de investigaci\u00f3n cient\u00edfica y participaci\u00f3n ciudadana para la exploraci\u00f3n, estudio, protecci\u00f3n y conservaci\u00f3n de los recursos naturales tendientes a conservar los h\u00e1bitats y ecosistemas de Tamaulipas.<\/p>\n<p>As\u00ed mismo constituir en sus instalaciones espacios educativos, culturales, recreativos, de convivencia familiar y de investigaci\u00f3n cient\u00edfica y ecol\u00f3gica, que adem\u00e1s de permitir la conservaci\u00f3n y desarrollo de la vida silvestre, tanto en fauna, como en flora intercontinental, contribuya determinantemente con el pueblo de Tamaulipas y sus regiones, al sano esparcimiento familiar, la arm\u00f3nica convivencia social y la educaci\u00f3n ecol\u00f3gica.<\/p>\n","protected":false},"excerpt":{"rendered":"<p>Da click a la imagen\u00a0 Quienes trabajamos en la Comisi\u00f3n de Parques y Biodiversidad de Tamaulipas, tenemos la responsabilidad y obligaci\u00f3n de impulsar pol\u00edticas sustentables\u2026<\/p>\n","protected":false},"author":1,"featured_media":0,"parent":0,"menu_order":0,"comment_status":"closed","ping_status":"closed","template":"","meta":{"footnotes":""},"class_list":["post-160","page","type-page","status-publish","hentry"],"publishpress_future_action":{"enabled":false,"date":"2026-04-22 18:45:04","action":"change-status","newStatus":"draft","terms":[],"taxonomy":""},"_links":{"self":[{"href":"https:\/\/www.tamaulipas.gob.mx\/parquesybiodiversidad\/wp-json\/wp\/v2\/pages\/160"}],"collection":[{"href":"https:\/\/www.tamaulipas.gob.mx\/parquesybiodiversidad\/wp-json\/wp\/v2\/pages"}],"about":[{"href":"https:\/\/www.tamaulipas.gob.mx\/parquesybiodiversidad\/wp-json\/wp\/v2\/types\/page"}],"author":[{"embeddable":true,"href":"https:\/\/www.tamaulipas.gob.mx\/parquesybiodiversidad\/wp-json\/wp\/v2\/users\/1"}],"replies":[{"embeddable":true,"href":"https:\/\/www.tamaulipas.gob.mx\/parquesybiodiversidad\/wp-json\/wp\/v2\/comments?post=160"}],"version-history":[{"count":9,"href":"https:\/\/www.tamaulipas.gob.mx\/parquesybiodiversidad\/wp-json\/wp\/v2\/pages\/160\/revisions"}],"predecessor-version":[{"id":2747,"href":"https:\/\/www.tamaulipas.gob.mx\/parquesybiodiversidad\/wp-json\/wp\/v2\/pages\/160\/revisions\/2747"}],"wp:attachment":[{"href":"https:\/\/www.tamaulipas.gob.mx\/parquesybiodiversidad\/wp-json\/wp\/v2\/media?parent=160"}],"curies":[{"name":"wp","href":"https:\/\/api.w.org\/{rel}","templated":true}]}}