{"id":1406,"date":"2023-06-19T13:48:24","date_gmt":"2023-06-19T19:48:24","guid":{"rendered":"https:\/\/www.tamaulipas.gob.mx\/parquesybiodiversidad\/?page_id=1406"},"modified":"2025-06-23T09:17:11","modified_gmt":"2025-06-23T15:17:11","slug":"curzoo","status":"publish","type":"page","link":"https:\/\/www.tamaulipas.gob.mx\/parquesybiodiversidad\/curzoo\/","title":{"rendered":"Curzoo"},"content":{"rendered":"<p><span style=\"font-size: 48px;\"><b>Verano en Tamat\u00e1n<\/b><\/span><\/p>\n<p><img loading=\"lazy\" decoding=\"async\" class=\"alignnone size-full wp-image-3899\" src=\"http:\/\/www.tamaulipas.gob.mx\/parquesybiodiversidad\/wp-content\/uploads\/sites\/44\/2025\/06\/whatsapp-image-2025-06-23-at-9.15.52-am.jpeg\" alt=\"\" width=\"523\" height=\"1200\" \/><\/p>\n<p>Documentos para inscripci\u00f3n CurZoo 2025: <a href=\"http:\/\/www.tamaulipas.gob.mx\/parquesybiodiversidad\/wp-content\/uploads\/sites\/44\/2025\/06\/documentos-curzoo25.pdf\">Descarga aqu\u00ed<\/a><\/p>\n<p>&nbsp;<\/p>\n<p>&nbsp;<\/p>\n<p><img loading=\"lazy\" decoding=\"async\" class=\"alignnone size-full wp-image-1649\" src=\"http:\/\/www.tamaulipas.gob.mx\/parquesybiodiversidad\/wp-content\/uploads\/sites\/44\/2023\/06\/calcas.jpg\" alt=\"\" width=\"1200\" height=\"547\" \/><\/p>\n<p><span style=\"font-weight: 400;\">Es la realizaci\u00f3n de diferentes actividades que ayudan a reforzar la concientizaci\u00f3n y responsabilidad sobre nuestro ambiente y el cuidado de nuestra fauna.\u00a0<\/span><\/p>\n<p><span style=\"font-weight: 400;\">Todo esto a partir de actividades f\u00edsicas, art\u00edsticas, de reciclaje, manualidades, l\u00fadicas y sobre todo educativas, as\u00ed como visitas dentro del zool\u00f3gico en diversas\u00a0 \u00e1reas, en las que los ni\u00f1os podr\u00e1n aprender tareas que solo en un zool\u00f3gico podr\u00e1n observar.<\/span><\/p>\n<p><span style=\"font-weight: 400;\">El <span style=\"color: #008000;\"><strong>curzoo<\/strong><\/span> Tamat\u00e1n es un programa que no solo hace parte de las actividades que realiza el <span style=\"color: #008000;\"><strong>Zool\u00f3gico Tamat\u00e1n<\/strong><\/span>, realmente es parte de la tradici\u00f3n de la ciudad, ya que desde sus inicios en el a\u00f1o de 1999 tuvo una buena acogida por parte de la ciudadan\u00eda, haciendo una pausa durante la remodelaci\u00f3n y volvi\u00e9ndose a activar en el a\u00f1o 2004 hasta el 2019 ya que al a\u00f1o siguiente se declar\u00f3 emergencia por la pandemia de Covid-19.<\/span><\/p>\n<p><span style=\"font-weight: 400;\">Durante todos estos a\u00f1os, la sociedad y sobre todo los ni\u00f1os han tenido la oportunidad de ir creciendo al lado de este programa, desarrollando una conciencia ambiental.<\/span><\/p>\n<p><span style=\"font-weight: 400;\"><span style=\"color: #008000;\"><strong>Curzoo de Verano\u00a0<\/strong><\/span><\/span><\/p>\n<p><img loading=\"lazy\" decoding=\"async\" class=\"alignnone size-full wp-image-1726\" src=\"http:\/\/www.tamaulipas.gob.mx\/parquesybiodiversidad\/wp-content\/uploads\/sites\/44\/2023\/08\/fotocurzoo.jpg\" alt=\"\" width=\"1200\" height=\"800\" \/><\/p>\n<p>&nbsp;<\/p>\n<div class='owl-gallery'><div class='item'><a href='https:\/\/www.tamaulipas.gob.mx\/parquesybiodiversidad\/wp-content\/uploads\/sites\/44\/2023\/08\/curzoo1.jpg' rel='galeria'><img src='https:\/\/www.tamaulipas.gob.mx\/parquesybiodiversidad\/wp-content\/uploads\/sites\/44\/2023\/08\/curzoo1-850x500.jpg' srcset='' sizes='auto' alt=''><\/a><figcaption><\/figcaption><\/div><div class='item'><a href='https:\/\/www.tamaulipas.gob.mx\/parquesybiodiversidad\/wp-content\/uploads\/sites\/44\/2023\/08\/curzoo2.jpg' rel='galeria'><img src='https:\/\/www.tamaulipas.gob.mx\/parquesybiodiversidad\/wp-content\/uploads\/sites\/44\/2023\/08\/curzoo2-850x500.jpg' srcset='' sizes='auto' alt=''><\/a><figcaption><\/figcaption><\/div><div class='item'><a href='https:\/\/www.tamaulipas.gob.mx\/parquesybiodiversidad\/wp-content\/uploads\/sites\/44\/2023\/08\/curzoo3.jpg' rel='galeria'><img src='https:\/\/www.tamaulipas.gob.mx\/parquesybiodiversidad\/wp-content\/uploads\/sites\/44\/2023\/08\/curzoo3-850x500.jpg' srcset='' sizes='auto' alt=''><\/a><figcaption><\/figcaption><\/div><div class='item'><a href='https:\/\/www.tamaulipas.gob.mx\/parquesybiodiversidad\/wp-content\/uploads\/sites\/44\/2023\/08\/curzoo4.jpg' rel='galeria'><img src='https:\/\/www.tamaulipas.gob.mx\/parquesybiodiversidad\/wp-content\/uploads\/sites\/44\/2023\/08\/curzoo4-850x500.jpg' srcset='' sizes='auto' alt=''><\/a><figcaption><\/figcaption><\/div><div class='item'><a href='https:\/\/www.tamaulipas.gob.mx\/parquesybiodiversidad\/wp-content\/uploads\/sites\/44\/2023\/08\/curzoo5.jpg' rel='galeria'><img src='https:\/\/www.tamaulipas.gob.mx\/parquesybiodiversidad\/wp-content\/uploads\/sites\/44\/2023\/08\/curzoo5-850x500.jpg' srcset='' sizes='auto' alt=''><\/a><figcaption><\/figcaption><\/div><div class='item'><a href='https:\/\/www.tamaulipas.gob.mx\/parquesybiodiversidad\/wp-content\/uploads\/sites\/44\/2023\/08\/curzoo6.jpg' rel='galeria'><img src='https:\/\/www.tamaulipas.gob.mx\/parquesybiodiversidad\/wp-content\/uploads\/sites\/44\/2023\/08\/curzoo6-850x500.jpg' srcset='' sizes='auto' alt=''><\/a><figcaption><\/figcaption><\/div><div class='item'><a href='https:\/\/www.tamaulipas.gob.mx\/parquesybiodiversidad\/wp-content\/uploads\/sites\/44\/2023\/08\/curzoo7.jpg' rel='galeria'><img src='https:\/\/www.tamaulipas.gob.mx\/parquesybiodiversidad\/wp-content\/uploads\/sites\/44\/2023\/08\/curzoo7-850x500.jpg' srcset='' sizes='auto' alt=''><\/a><figcaption><\/figcaption><\/div><div class='item'><a href='https:\/\/www.tamaulipas.gob.mx\/parquesybiodiversidad\/wp-content\/uploads\/sites\/44\/2023\/08\/curzoo8.jpg' rel='galeria'><img src='https:\/\/www.tamaulipas.gob.mx\/parquesybiodiversidad\/wp-content\/uploads\/sites\/44\/2023\/08\/curzoo8-850x500.jpg' srcset='' sizes='auto' alt=''><\/a><figcaption><\/figcaption><\/div><div class='item'><a href='https:\/\/www.tamaulipas.gob.mx\/parquesybiodiversidad\/wp-content\/uploads\/sites\/44\/2023\/08\/curzoo9.jpg' rel='galeria'><img src='https:\/\/www.tamaulipas.gob.mx\/parquesybiodiversidad\/wp-content\/uploads\/sites\/44\/2023\/08\/curzoo9-850x500.jpg' srcset='' sizes='auto' alt=''><\/a><figcaption><\/figcaption><\/div><\/div>\n<p>&nbsp;<\/p>\n<p>&nbsp;<\/p>\n<p>&nbsp;<\/p>\n","protected":false},"excerpt":{"rendered":"<p>Verano en Tamat\u00e1n Documentos para inscripci\u00f3n CurZoo 2025: Descarga aqu\u00ed &nbsp; &nbsp; Es la realizaci\u00f3n de diferentes actividades que ayudan a reforzar la concientizaci\u00f3n y\u2026<\/p>\n","protected":false},"author":321,"featured_media":0,"parent":0,"menu_order":0,"comment_status":"closed","ping_status":"closed","template":"","meta":{"footnotes":""},"class_list":["post-1406","page","type-page","status-publish","hentry"],"publishpress_future_action":{"enabled":false,"date":"2026-04-22 01:16:04","action":"change-status","newStatus":"draft","terms":[],"taxonomy":""},"_links":{"self":[{"href":"https:\/\/www.tamaulipas.gob.mx\/parquesybiodiversidad\/wp-json\/wp\/v2\/pages\/1406"}],"collection":[{"href":"https:\/\/www.tamaulipas.gob.mx\/parquesybiodiversidad\/wp-json\/wp\/v2\/pages"}],"about":[{"href":"https:\/\/www.tamaulipas.gob.mx\/parquesybiodiversidad\/wp-json\/wp\/v2\/types\/page"}],"author":[{"embeddable":true,"href":"https:\/\/www.tamaulipas.gob.mx\/parquesybiodiversidad\/wp-json\/wp\/v2\/users\/321"}],"replies":[{"embeddable":true,"href":"https:\/\/www.tamaulipas.gob.mx\/parquesybiodiversidad\/wp-json\/wp\/v2\/comments?post=1406"}],"version-history":[{"count":20,"href":"https:\/\/www.tamaulipas.gob.mx\/parquesybiodiversidad\/wp-json\/wp\/v2\/pages\/1406\/revisions"}],"predecessor-version":[{"id":3900,"href":"https:\/\/www.tamaulipas.gob.mx\/parquesybiodiversidad\/wp-json\/wp\/v2\/pages\/1406\/revisions\/3900"}],"wp:attachment":[{"href":"https:\/\/www.tamaulipas.gob.mx\/parquesybiodiversidad\/wp-json\/wp\/v2\/media?parent=1406"}],"curies":[{"name":"wp","href":"https:\/\/api.w.org\/{rel}","templated":true}]}}