{"id":1354,"date":"2023-06-08T10:01:48","date_gmt":"2023-06-08T16:01:48","guid":{"rendered":"https:\/\/www.tamaulipas.gob.mx\/parquesybiodiversidad\/?page_id=1354"},"modified":"2024-12-23T12:11:37","modified_gmt":"2024-12-23T18:11:37","slug":"camino-real-a-tula","status":"publish","type":"page","link":"https:\/\/www.tamaulipas.gob.mx\/parquesybiodiversidad\/camino-real-a-tula\/","title":{"rendered":"Camino Real a Tula"},"content":{"rendered":"<p>&nbsp;<\/p>\n<p><img loading=\"lazy\" decoding=\"async\" class=\"alignnone size-full wp-image-2768\" src=\"http:\/\/www.tamaulipas.gob.mx\/parquesybiodiversidad\/wp-content\/uploads\/sites\/44\/2024\/05\/sin-titulo-2.png\" alt=\"\" width=\"943\" height=\"398\" \/><\/p>\n<p><img loading=\"lazy\" decoding=\"async\" class=\"alignnone wp-image-1692\" src=\"http:\/\/www.tamaulipas.gob.mx\/parquesybiodiversidad\/wp-content\/uploads\/sites\/44\/2023\/07\/gopr5841_1.jpg\" alt=\"\" width=\"911\" height=\"683\" \/><\/p>\n<p>Este parque se encuentra dentro de una \u00e1rea natural protegida conformada por 30 mil hect\u00e1reas que desde 1997 se conservan para la contemplaci\u00f3n de toda la poblaci\u00f3n promoviendo el cuidado y atenci\u00f3n que se debe brindar a este tipo de espacios, dando la oportunidad de la preservaci\u00f3n y conservaci\u00f3n, para que las siguientes generaciones tambi\u00e9n disfruten de esta joya que nos regala la naturaleza.<\/p>\n<p><img loading=\"lazy\" decoding=\"async\" class=\"alignnone wp-image-1689\" src=\"http:\/\/www.tamaulipas.gob.mx\/parquesybiodiversidad\/wp-content\/uploads\/sites\/44\/2023\/07\/24052022-img_9487.jpg\" alt=\"\" width=\"914\" height=\"544\" \/><\/p>\n<p>&nbsp;<\/p>\n<p>Este activo tur\u00edstico se suma a la lista que pueden ser apreciados tambi\u00e9n en la regi\u00f3n, el Camino real, ubicado a pocos minutos\u00a0 de Cuidad Victoria; donde en su ampli\u00f3 recorrido incluyen pinturas rupestres, el Balc\u00f3n de Montezuma y un centenar de basamentos que sirvieron de plataforma para las viviendas de la cultura Janambre<\/p>\n<p><img loading=\"lazy\" decoding=\"async\" class=\"alignnone wp-image-1688\" src=\"http:\/\/www.tamaulipas.gob.mx\/parquesybiodiversidad\/wp-content\/uploads\/sites\/44\/2023\/07\/11122021-img_3963.jpg\" alt=\"\" width=\"920\" height=\"613\" \/><\/p>\n<p>&nbsp;<\/p>\n<p>Se testigo de la gran biodiversidad que este incre\u00edble lugar alberga, de toda la flora y fauna que puedes observar dentro y fuera de nuestro parque y por supuesto de la maravillosa vista y paisajes que nuestro mirador ofrece.<\/p>\n<p><img loading=\"lazy\" decoding=\"async\" class=\"alignnone wp-image-1690\" src=\"http:\/\/www.tamaulipas.gob.mx\/parquesybiodiversidad\/wp-content\/uploads\/sites\/44\/2023\/07\/28092022-img_9854.jpg\" alt=\"\" width=\"924\" height=\"616\" \/><\/p>\n<p>&nbsp;<\/p>\n<p><strong><span style=\"color: #800000;\">HORARIOS Y COSTOS:<\/span><\/strong><\/p>\n<p>Mi\u00e9rcoles a Domingo \/ 10:00 a.m\u00a0 a 5:00 p.m.<\/p>\n<ul>\n<li>Ni\u00f1o (3 a 12 a\u00f1os) $20<\/li>\n<li>Adulto\u00a0 \u00a0 \u00a0 \u00a0 \u00a0 \u00a0 \u00a0 \u00a0 \u00a0 \u00a0 \u00a0 $30<\/li>\n<li>Adulto mayor\u00a0 \u00a0 \u00a0 \u00a0 \u00a0$15<\/li>\n<\/ul>\n<p><span style=\"font-size: 10px;\"><em>(Ni\u00f1os menores de 12 a\u00f1os y personas con discapacidad entran gratis)<\/em><\/span><\/p>\n<p>&nbsp;<\/p>\n<p>&nbsp;<\/p>\n","protected":false},"excerpt":{"rendered":"<p>&nbsp; Este parque se encuentra dentro de una \u00e1rea natural protegida conformada por 30 mil hect\u00e1reas que desde 1997 se conservan para la contemplaci\u00f3n de\u2026<\/p>\n","protected":false},"author":321,"featured_media":0,"parent":0,"menu_order":0,"comment_status":"closed","ping_status":"closed","template":"","meta":{"footnotes":""},"class_list":["post-1354","page","type-page","status-publish","hentry"],"publishpress_future_action":{"enabled":false,"date":"2026-04-22 02:30:32","action":"change-status","newStatus":"draft","terms":[],"taxonomy":""},"_links":{"self":[{"href":"https:\/\/www.tamaulipas.gob.mx\/parquesybiodiversidad\/wp-json\/wp\/v2\/pages\/1354"}],"collection":[{"href":"https:\/\/www.tamaulipas.gob.mx\/parquesybiodiversidad\/wp-json\/wp\/v2\/pages"}],"about":[{"href":"https:\/\/www.tamaulipas.gob.mx\/parquesybiodiversidad\/wp-json\/wp\/v2\/types\/page"}],"author":[{"embeddable":true,"href":"https:\/\/www.tamaulipas.gob.mx\/parquesybiodiversidad\/wp-json\/wp\/v2\/users\/321"}],"replies":[{"embeddable":true,"href":"https:\/\/www.tamaulipas.gob.mx\/parquesybiodiversidad\/wp-json\/wp\/v2\/comments?post=1354"}],"version-history":[{"count":6,"href":"https:\/\/www.tamaulipas.gob.mx\/parquesybiodiversidad\/wp-json\/wp\/v2\/pages\/1354\/revisions"}],"predecessor-version":[{"id":3640,"href":"https:\/\/www.tamaulipas.gob.mx\/parquesybiodiversidad\/wp-json\/wp\/v2\/pages\/1354\/revisions\/3640"}],"wp:attachment":[{"href":"https:\/\/www.tamaulipas.gob.mx\/parquesybiodiversidad\/wp-json\/wp\/v2\/media?parent=1354"}],"curies":[{"name":"wp","href":"https:\/\/api.w.org\/{rel}","templated":true}]}}