{"id":12,"date":"2018-08-27T11:44:55","date_gmt":"2018-08-27T16:44:55","guid":{"rendered":"https:\/\/www.tamaulipas.gob.mx\/parquesybiodiversidad\/?page_id=12"},"modified":"2024-04-24T13:03:25","modified_gmt":"2024-04-24T19:03:25","slug":"mision-y-vision","status":"publish","type":"page","link":"https:\/\/www.tamaulipas.gob.mx\/parquesybiodiversidad\/mision-y-vision\/","title":{"rendered":"Misi\u00f3n y Visi\u00f3n"},"content":{"rendered":"<p><img loading=\"lazy\" decoding=\"async\" class=\"alignnone size-full wp-image-1748\" src=\"http:\/\/www.tamaulipas.gob.mx\/parquesybiodiversidad\/wp-content\/uploads\/sites\/44\/2023\/08\/unnamed-1.jpg\" alt=\"\" width=\"555\" height=\"112\" \/><\/p>\n<p><span style=\"font-size: 20px;\"><span style=\"font-weight: 400;\">Contribuir al progreso de M\u00e9xico mediante la implementaci\u00f3n <\/span><span style=\"font-weight: 400;\">de <\/span><span style=\"font-weight: 400;\">acciones que promuevan la preservaci\u00f3n de las <\/span><span style=\"font-weight: 400;\">especies biol\u00f3gicas y <\/span><span style=\"font-weight: 400;\">el <\/span><span style=\"font-weight: 400;\">fomento a las actividades de investigaci\u00f3n cient\u00edfica sobre el cuidado al medio ambiente; <\/span><span style=\"font-weight: 400;\">en las que se genere participaci\u00f3n ciudadana sobre la conservaci\u00f3n de nuestros h\u00e1bitats y ecosistemas<\/span><span style=\"font-weight: 400;\">, <\/span><span style=\"font-weight: 400;\">fomentando valores e innovando espacios recreativos en beneficio de la poblaci\u00f3n<\/span><span style=\"font-weight: 400;\">, <\/span><span style=\"font-weight: 400;\">trabajando en conjunto ante los problemas de alto impacto ambiental en Tamaulipas.<\/span><\/span><\/p>\n<p>&nbsp;<\/p>\n<p>&nbsp;<\/p>\n<p><img loading=\"lazy\" decoding=\"async\" class=\"alignnone size-full wp-image-1749\" src=\"http:\/\/www.tamaulipas.gob.mx\/parquesybiodiversidad\/wp-content\/uploads\/sites\/44\/2023\/08\/unnamed.jpg\" alt=\"\" width=\"555\" height=\"112\" \/><\/p>\n<p><span style=\"font-size: 20px;\"><span style=\"font-weight: 400;\">Ser una Instituci\u00f3n P\u00fablica <\/span><span style=\"font-weight: 400;\">que <\/span><span style=\"font-weight: 400;\">marque un referente en la protecci\u00f3n y preservaci\u00f3n de la biodiversidad de M\u00e9xico, por implementar acciones para la conservaci\u00f3n y desarrollo de la flora y fauna mediante modelos formativos inclusivos e innovadores, <\/span>que <span style=\"font-weight: 400;\">contribuyan al sano esparcimiento familiar<\/span><span style=\"font-weight: 400;\">, <\/span><span style=\"font-weight: 400;\">la arm\u00f3nica convivencia social<\/span><span style=\"font-weight: 400;\">, <\/span><span style=\"font-weight: 400;\">la educaci\u00f3n ecol\u00f3gica <\/span><span style=\"font-weight: 400;\">y <\/span><span style=\"font-weight: 400;\">su aportaci\u00f3n a la integraci\u00f3n del hombre, naturaleza y tecnolog\u00eda de Tamaulipas <\/span><span style=\"font-weight: 400;\">y de M\u00e9xico.<\/span><\/span><\/p>\n<p>&nbsp;<\/p>\n","protected":false},"excerpt":{"rendered":"<p>Contribuir al progreso de M\u00e9xico mediante la implementaci\u00f3n de acciones que promuevan la preservaci\u00f3n de las especies biol\u00f3gicas y el fomento a las actividades de\u2026<\/p>\n","protected":false},"author":59,"featured_media":0,"parent":0,"menu_order":0,"comment_status":"closed","ping_status":"closed","template":"","meta":{"footnotes":""},"class_list":["post-12","page","type-page","status-publish","hentry"],"publishpress_future_action":{"enabled":false,"date":"2026-04-22 00:47:19","action":"change-status","newStatus":"draft","terms":[],"taxonomy":""},"_links":{"self":[{"href":"https:\/\/www.tamaulipas.gob.mx\/parquesybiodiversidad\/wp-json\/wp\/v2\/pages\/12"}],"collection":[{"href":"https:\/\/www.tamaulipas.gob.mx\/parquesybiodiversidad\/wp-json\/wp\/v2\/pages"}],"about":[{"href":"https:\/\/www.tamaulipas.gob.mx\/parquesybiodiversidad\/wp-json\/wp\/v2\/types\/page"}],"author":[{"embeddable":true,"href":"https:\/\/www.tamaulipas.gob.mx\/parquesybiodiversidad\/wp-json\/wp\/v2\/users\/59"}],"replies":[{"embeddable":true,"href":"https:\/\/www.tamaulipas.gob.mx\/parquesybiodiversidad\/wp-json\/wp\/v2\/comments?post=12"}],"version-history":[{"count":7,"href":"https:\/\/www.tamaulipas.gob.mx\/parquesybiodiversidad\/wp-json\/wp\/v2\/pages\/12\/revisions"}],"predecessor-version":[{"id":2564,"href":"https:\/\/www.tamaulipas.gob.mx\/parquesybiodiversidad\/wp-json\/wp\/v2\/pages\/12\/revisions\/2564"}],"wp:attachment":[{"href":"https:\/\/www.tamaulipas.gob.mx\/parquesybiodiversidad\/wp-json\/wp\/v2\/media?parent=12"}],"curies":[{"name":"wp","href":"https:\/\/api.w.org\/{rel}","templated":true}]}}