{"id":9698,"date":"2023-11-28T15:17:14","date_gmt":"2023-11-28T21:17:14","guid":{"rendered":"https:\/\/www.tamaulipas.gob.mx\/obraspublicas\/?page_id=9698"},"modified":"2023-12-15T16:13:13","modified_gmt":"2023-12-15T22:13:13","slug":"licitaciones-lpe-n058-2023-lpe-n059-2023-lpe-n060-2023-y-lpe-n061-2023","status":"publish","type":"page","link":"https:\/\/www.tamaulipas.gob.mx\/obraspublicas\/licitaciones-concluidas\/licitaciones-lpe-n058-2023-lpe-n059-2023-lpe-n060-2023-y-lpe-n061-2023\/","title":{"rendered":"Licitaciones LPE-N058-2023, LPE-N059-2023, LPE-N060-2023 y LPE-N061-2023"},"content":{"rendered":"<p>Las obras est\u00e1n ubicadas en diferentes municipios del <strong>Estado de Tamaulipas.<\/strong><\/p>\n<p style=\"text-align: justify\">Se convoca a los interesados en participar en la Licitaci\u00f3n de car\u00e1cter Nacional: <strong>LPE-N058-2023, \u00a0<\/strong>para la contrataci\u00f3n relativa a: <strong>\u201cREHABILITACI\u00d3N DE PAVIMENTO ASF\u00c1LTICO DE CALLE FRANCISCO JAVIER MINA, ENTRE CALLE J\u00d3SE N\u00da\u00d1EZ DE C\u00c1CERES (6) Y CALLE 5 DE MAYO (16), COL. MORELOS\/SAN FRANCISCO, EN CD. VICTORIA, TAMAULIPAS; MODERNIZACI\u00d3N DE CRUCERO VIAL EN LIBRAMIENTO NACIONES UNIDAS Y ACCESO A FRACCIONAMIENTOS DE INTER\u00c9S SOCIAL, EN CD. VICTORIA, TAMAULIPAS.\u201d, LPE-N059-2023,\u00a0 <\/strong>para la contrataci\u00f3n relativa a:<strong> \u201cREHABILITACI\u00d3N DE CAMINOS RURALES EN LOS MUNICIPIOS DE ALDAMA, ALTAMIRA, GONZ\u00c1LEZ Y MANTE TAMAULIPAS\u201d, LPE-N060-2023,\u00a0 <\/strong>para la contrataci\u00f3n relativa a:<strong> \u201cREHABILITACI\u00d3N DE PAVIMENTACI\u00d3N EN DIVERSAS CALLES DE LAS COLONIAS CUAUHT\u00c9MOC, AMPLIACI\u00d3N CHAPULTEPEC, AMPLIACI\u00d3N PEDRO SOSA, 2 DE OCTUBRE, MORELOS Y FRACC LAS PALMAS EN CD. VICTORIA, TAMAULIPAS\u201d \u00a0Y LPE-N061-2023, <\/strong>para la contrataci\u00f3n relativa a: <strong>\u201cMODERNIZACI\u00d3N DEL SE\u00d1ALAMIENTO E INSTALACI\u00d3N DE ALUMBRADO P\u00daBLICO DE ENTRONQUE CARRETERO LIBRAMIENTO ESTATAL 9 (VICTORIA) CON CARRETERA ESTATAL 126 JUAN CAPIT\u00c1N &#8211; EL CHIHUE, EN EL MUNICIPIO DE VICTORIA, TAMAULIPAS\u201d<\/strong><\/p>\n<p>Descarga aqu\u00ed la Convocatoria y sus\u00a0Bases:<\/p>\n<ul>\n<li><a href=\"https:\/\/www.tamaulipas.gob.mx\/obraspublicas\/wp-content\/uploads\/sites\/9\/2023\/11\/convest-032-2023.pdf\" target=\"_blank\" rel=\"noopener\"><i class=\"fa fa-file-pdf-o\"><\/i> Convocatoria 032<\/a><\/li>\n<li><a href=\"https:\/\/www.tamaulipas.gob.mx\/obraspublicas\/wp-content\/uploads\/sites\/9\/2023\/11\/bases-lpe-n058-23.zip\" target=\"_blank\" rel=\"noopener\"><i class=\"fa fa-file-zip-o\"><\/i> Bases para Licitaci\u00f3n N058<\/a><\/li>\n<li><a href=\"https:\/\/www.tamaulipas.gob.mx\/obraspublicas\/wp-content\/uploads\/sites\/9\/2023\/11\/bases-lpe-n059-23.zip\" target=\"_blank\" rel=\"noopener\"><i class=\"fa fa-file-zip-o\"><\/i> Bases para Licitaci\u00f3n N059<\/a><\/li>\n<li><a href=\"https:\/\/www.tamaulipas.gob.mx\/obraspublicas\/wp-content\/uploads\/sites\/9\/2023\/11\/bases-lpe-n060-23.zip\" target=\"_blank\" rel=\"noopener\"><i class=\"fa fa-file-zip-o\"><\/i> Bases para Licitaci\u00f3n N060<\/a><\/li>\n<li><a href=\"https:\/\/www.tamaulipas.gob.mx\/obraspublicas\/wp-content\/uploads\/sites\/9\/2023\/11\/bases-lpe-n061-23.zip\" target=\"_blank\" rel=\"noopener\"><i class=\"fa fa-file-zip-o\"><\/i> Bases para Licitaci\u00f3n N061<\/a><\/li>\n<\/ul>\n<p>Visita y junta de Aclaraciones<\/p>\n<ul>\n<li><a href=\"https:\/\/www.tamaulipas.gob.mx\/obraspublicas\/wp-content\/uploads\/sites\/9\/2023\/12\/acta-de-visita-y-junta-de-aclaraciones-n058-23.pdf\" target=\"_blank\" rel=\"noopener\"><i class=\"fa fa-file-pdf-o\"><\/i> Documento de Visita y Junta de Aclaraciones N058<\/a><\/li>\n<li><a href=\"https:\/\/www.tamaulipas.gob.mx\/obraspublicas\/wp-content\/uploads\/sites\/9\/2023\/12\/acta-de-visita-y-junta-de-aclaraciones-n059-23.pdf\" target=\"_blank\" rel=\"noopener\"><i class=\"fa fa-file-pdf-o\"><\/i> Documento de Visita y Junta de Aclaraciones N059<\/a><\/li>\n<li><a href=\"https:\/\/www.tamaulipas.gob.mx\/obraspublicas\/wp-content\/uploads\/sites\/9\/2023\/12\/acta-de-visita-y-junta-de-aclaraciones-n060-23.pdf\" target=\"_blank\" rel=\"noopener\"><i class=\"fa fa-file-pdf-o\"><\/i> Documento de Visita y Junta de Aclaraciones N060<\/a><\/li>\n<li><a href=\"https:\/\/www.tamaulipas.gob.mx\/obraspublicas\/wp-content\/uploads\/sites\/9\/2023\/12\/anexo-de-junta-de-aclaraciones-n060-23.zip\" target=\"_blank\" rel=\"noopener\"><i class=\"fa fa-file-pdf-o\"><\/i> Documento de Anexo de Junta de Aclaraciones N060<\/a><\/li>\n<li><a href=\"https:\/\/www.tamaulipas.gob.mx\/obraspublicas\/wp-content\/uploads\/sites\/9\/2023\/12\/acta-de-visita-y-junta-de-aclaraciones-n061-23.pdf\" target=\"_blank\" rel=\"noopener\"><i class=\"fa fa-file-pdf-o\"><\/i> Documento de Visita y Junta de Aclaraciones N061<\/a><\/li>\n<li><a href=\"https:\/\/www.tamaulipas.gob.mx\/obraspublicas\/wp-content\/uploads\/sites\/9\/2023\/12\/oficio-de-aclaraciones-n061-23.pdf\" target=\"_blank\" rel=\"noopener\"><i class=\"fa fa-file-pdf-o\"><\/i> Documento de Oficio de Aclaraciones N061<\/a><\/li>\n<li><a href=\"https:\/\/www.tamaulipas.gob.mx\/obraspublicas\/wp-content\/uploads\/sites\/9\/2023\/12\/anexo-de-oficio-de-aclaraciones-n061-23.zip\" target=\"_blank\" rel=\"noopener\"><i class=\"fa fa-file-pdf-o\"><\/i> Documento de Anexo de Oficio de Aclaraciones N061<\/a><\/li>\n<li><\/li>\n<\/ul>\n<p>Acta de presentaci\u00f3n y apertura de propuestas<\/p>\n<ul>\n<li><a href=\"https:\/\/www.tamaulipas.gob.mx\/obraspublicas\/wp-content\/uploads\/sites\/9\/2023\/12\/acta-de-presentacion-y-apertura-de-proposiciones-n058-23.pdf\" target=\"_blank\" rel=\"noopener\"><i class=\"fa fa-file-pdf-o\"><\/i> Documento de Acta de presentaci\u00f3n y apertura de propuestas N058<\/a><\/li>\n<li><a href=\"https:\/\/www.tamaulipas.gob.mx\/obraspublicas\/wp-content\/uploads\/sites\/9\/2023\/12\/acta-de-presentacion-y-apertura-de-proposiciones-n059-23.pdf\" target=\"_blank\" rel=\"noopener\"><i class=\"fa fa-file-pdf-o\"><\/i> Documento de Acta de presentaci\u00f3n y apertura de propuestas N059<\/a><\/li>\n<li><a href=\"https:\/\/www.tamaulipas.gob.mx\/obraspublicas\/wp-content\/uploads\/sites\/9\/2023\/12\/acta-de-presentacion-y-apertura-de-proposiciones-n060-23.pdf\" target=\"_blank\" rel=\"noopener\"><i class=\"fa fa-file-pdf-o\"><\/i> Documento de Acta de presentaci\u00f3n y apertura de propuestas N060<\/a><\/li>\n<li><a href=\"https:\/\/www.tamaulipas.gob.mx\/obraspublicas\/wp-content\/uploads\/sites\/9\/2023\/12\/acta-de-presentacion-y-apertura-de-proposiciones-n061-23.pdf\" target=\"_blank\" rel=\"noopener\"><i class=\"fa fa-file-pdf-o\"><\/i> Documento de Acta de presentaci\u00f3n y apertura de propuestas N061<\/a><\/li>\n<\/ul>\n<p>Acta de Fallo<\/p>\n<ul>\n<li><a href=\"https:\/\/www.tamaulipas.gob.mx\/obraspublicas\/wp-content\/uploads\/sites\/9\/2023\/12\/acta-de-fallo-n058-23.pdf\"><i class=\"fa fa-file-pdf-o\"><\/i> Documento de Acta de fallo N058<\/a><\/li>\n<li><a href=\"https:\/\/www.tamaulipas.gob.mx\/obraspublicas\/wp-content\/uploads\/sites\/9\/2023\/12\/acta-de-fallo-n059-23.pdf\" target=\"_blank\" rel=\"noopener\"><i class=\"fa fa-file-pdf-o\"><\/i> Documento de Acta de fallo N059<\/a><\/li>\n<li><a href=\"https:\/\/www.tamaulipas.gob.mx\/obraspublicas\/wp-content\/uploads\/sites\/9\/2023\/12\/acta-de-fallo-n060-23.pdf\" target=\"_blank\" rel=\"noopener\"><i class=\"fa fa-file-pdf-o\"><\/i> Documento de Acta de fallo N060<\/a><\/li>\n<li><a href=\"https:\/\/www.tamaulipas.gob.mx\/obraspublicas\/wp-content\/uploads\/sites\/9\/2023\/12\/acta-de-fallo-n061-23.pdf\" target=\"_blank\" rel=\"noopener\"><i class=\"fa fa-file-pdf-o\"><\/i> Documento de Acta de fallo N061<\/a><\/li>\n<\/ul>\n","protected":false},"excerpt":{"rendered":"<p>Las obras est\u00e1n ubicadas en diferentes municipios del Estado de Tamaulipas. Se convoca a los interesados en participar en la Licitaci\u00f3n de car\u00e1cter Nacional: LPE-N058-2023,\u2026<\/p>\n","protected":false},"author":48,"featured_media":0,"parent":8604,"menu_order":0,"comment_status":"closed","ping_status":"closed","template":"","meta":{"footnotes":""},"class_list":["post-9698","page","type-page","status-publish","hentry"],"publishpress_future_action":{"enabled":false,"date":"2026-05-15 12:45:06","action":"change-status","newStatus":"draft","terms":[],"taxonomy":""},"_links":{"self":[{"href":"https:\/\/www.tamaulipas.gob.mx\/obraspublicas\/wp-json\/wp\/v2\/pages\/9698"}],"collection":[{"href":"https:\/\/www.tamaulipas.gob.mx\/obraspublicas\/wp-json\/wp\/v2\/pages"}],"about":[{"href":"https:\/\/www.tamaulipas.gob.mx\/obraspublicas\/wp-json\/wp\/v2\/types\/page"}],"author":[{"embeddable":true,"href":"https:\/\/www.tamaulipas.gob.mx\/obraspublicas\/wp-json\/wp\/v2\/users\/48"}],"replies":[{"embeddable":true,"href":"https:\/\/www.tamaulipas.gob.mx\/obraspublicas\/wp-json\/wp\/v2\/comments?post=9698"}],"version-history":[{"count":9,"href":"https:\/\/www.tamaulipas.gob.mx\/obraspublicas\/wp-json\/wp\/v2\/pages\/9698\/revisions"}],"predecessor-version":[{"id":9815,"href":"https:\/\/www.tamaulipas.gob.mx\/obraspublicas\/wp-json\/wp\/v2\/pages\/9698\/revisions\/9815"}],"up":[{"embeddable":true,"href":"https:\/\/www.tamaulipas.gob.mx\/obraspublicas\/wp-json\/wp\/v2\/pages\/8604"}],"wp:attachment":[{"href":"https:\/\/www.tamaulipas.gob.mx\/obraspublicas\/wp-json\/wp\/v2\/media?parent=9698"}],"curies":[{"name":"wp","href":"https:\/\/api.w.org\/{rel}","templated":true}]}}