{"id":9207,"date":"2023-09-19T13:28:05","date_gmt":"2023-09-19T19:28:05","guid":{"rendered":"https:\/\/www.tamaulipas.gob.mx\/obraspublicas\/?page_id=9207"},"modified":"2023-10-12T16:06:35","modified_gmt":"2023-10-12T22:06:35","slug":"licitacion-lpe-n018-2023","status":"publish","type":"page","link":"https:\/\/www.tamaulipas.gob.mx\/obraspublicas\/licitaciones-concluidas\/licitacion-lpe-n018-2023\/","title":{"rendered":"Licitaci\u00f3n LPE-N018-2023"},"content":{"rendered":"<p>La obra est\u00e1 ubicada en el municipio de <strong>Nuevo Laredo, Tamaulipas.<\/strong><\/p>\n<p>Se convoca a los interesados en participar en la Licitaci\u00f3n de car\u00e1cter Nacional: <strong>LPE-N018-2023, <\/strong>para la contrataci\u00f3n relativa a: <strong>\u201cPROGRAMA 2023 DE PAVIMENTACI\u00d3N, REHABILITACI\u00d3N HIDR\u00c1ULICA Y\/O ASF\u00c1LTICA EN DIVERSAS VIALIDADES DEL MUNICIPIO DE NUEVO LAREDO, TAMAULIPAS, PAQUETE 1\u201d<\/strong><\/p>\n<p>Descarga aqu\u00ed la Convocatoria y sus\u00a0Bases:<\/p>\n<ul>\n<li><a href=\"https:\/\/www.tamaulipas.gob.mx\/obraspublicas\/wp-content\/uploads\/sites\/9\/2023\/09\/convest-014-2023.pdf\" target=\"_blank\" rel=\"noopener\"><i class=\"fa fa-file-pdf-o\"><\/i> Convocatoria 014<\/a><\/li>\n<li><a href=\"https:\/\/www.tamaulipas.gob.mx\/obraspublicas\/wp-content\/uploads\/sites\/9\/2023\/09\/bases-lpe-n018-23.zip\" target=\"_blank\" rel=\"noopener\"><i class=\"fa fa-file-zip-o\"><\/i> Bases para Licitaci\u00f3n N018<\/a><\/li>\n<\/ul>\n<p>Visita y junta de Aclaraciones<\/p>\n<ul>\n<li><a href=\"https:\/\/www.tamaulipas.gob.mx\/obraspublicas\/wp-content\/uploads\/sites\/9\/2023\/09\/acta-de-visita-y-junta-de-aclaraciones-n018-23.pdf\" target=\"_blank\" rel=\"noopener\"><i class=\"fa fa-file-pdf-o\"><\/i> Documento de Visita y Junta de Aclaraciones N018<\/a><\/li>\n<li><a href=\"https:\/\/www.tamaulipas.gob.mx\/obraspublicas\/wp-content\/uploads\/sites\/9\/2023\/09\/oficio-de-aclaraciones-n018-23.pdf\" target=\"_blank\" rel=\"noopener\"><i class=\"fa fa-file-pdf-o\"><\/i> Documento de Oficio de Aclaraciones N018<\/a><\/li>\n<li><a href=\"https:\/\/www.tamaulipas.gob.mx\/obraspublicas\/wp-content\/uploads\/sites\/9\/2023\/09\/anexo-de-oficio-de-aclaraciones-n018-23.zip\" target=\"_blank\" rel=\"noopener\"><i class=\"fa fa-file-pdf-o\"><\/i> Documento de Anexo de Oficio de Aclaraciones N018<\/a><\/li>\n<\/ul>\n<p>Acta de presentaci\u00f3n y apertura de propuestas<\/p>\n<ul>\n<li><a href=\"https:\/\/www.tamaulipas.gob.mx\/obraspublicas\/wp-content\/uploads\/sites\/9\/2023\/10\/acta-de-presentacion-y-apertura-de-proposiciones-n018-23.pdf\" target=\"_blank\" rel=\"noopener\"><i class=\"fa fa-file-pdf-o\"><\/i> Documento de Acta de presentaci\u00f3n y apertura de propuestas N018<\/a><\/li>\n<\/ul>\n<p>Acta de Fallo<\/p>\n<ul>\n<li><a href=\"https:\/\/www.tamaulipas.gob.mx\/obraspublicas\/wp-content\/uploads\/sites\/9\/2023\/10\/acta-de-fallo-n018-23.pdf\" target=\"_blank\" rel=\"noopener\"><i class=\"fa fa-file-pdf-o\"><\/i> Documento de Acta de fallo N018<\/a><\/li>\n<\/ul>\n","protected":false},"excerpt":{"rendered":"<p>La obra est\u00e1 ubicada en el municipio de Nuevo Laredo, Tamaulipas. Se convoca a los interesados en participar en la Licitaci\u00f3n de car\u00e1cter Nacional: LPE-N018-2023,\u2026<\/p>\n","protected":false},"author":48,"featured_media":0,"parent":8604,"menu_order":0,"comment_status":"closed","ping_status":"closed","template":"","meta":{"footnotes":""},"class_list":["post-9207","page","type-page","status-publish","hentry"],"publishpress_future_action":{"enabled":false,"date":"2026-05-15 12:44:45","action":"change-status","newStatus":"draft","terms":[],"taxonomy":""},"_links":{"self":[{"href":"https:\/\/www.tamaulipas.gob.mx\/obraspublicas\/wp-json\/wp\/v2\/pages\/9207"}],"collection":[{"href":"https:\/\/www.tamaulipas.gob.mx\/obraspublicas\/wp-json\/wp\/v2\/pages"}],"about":[{"href":"https:\/\/www.tamaulipas.gob.mx\/obraspublicas\/wp-json\/wp\/v2\/types\/page"}],"author":[{"embeddable":true,"href":"https:\/\/www.tamaulipas.gob.mx\/obraspublicas\/wp-json\/wp\/v2\/users\/48"}],"replies":[{"embeddable":true,"href":"https:\/\/www.tamaulipas.gob.mx\/obraspublicas\/wp-json\/wp\/v2\/comments?post=9207"}],"version-history":[{"count":6,"href":"https:\/\/www.tamaulipas.gob.mx\/obraspublicas\/wp-json\/wp\/v2\/pages\/9207\/revisions"}],"predecessor-version":[{"id":9339,"href":"https:\/\/www.tamaulipas.gob.mx\/obraspublicas\/wp-json\/wp\/v2\/pages\/9207\/revisions\/9339"}],"up":[{"embeddable":true,"href":"https:\/\/www.tamaulipas.gob.mx\/obraspublicas\/wp-json\/wp\/v2\/pages\/8604"}],"wp:attachment":[{"href":"https:\/\/www.tamaulipas.gob.mx\/obraspublicas\/wp-json\/wp\/v2\/media?parent=9207"}],"curies":[{"name":"wp","href":"https:\/\/api.w.org\/{rel}","templated":true}]}}