{"id":8536,"date":"2022-09-15T12:01:27","date_gmt":"2022-09-15T17:01:27","guid":{"rendered":"https:\/\/www.tamaulipas.gob.mx\/obraspublicas\/?page_id=8536"},"modified":"2022-11-24T12:24:25","modified_gmt":"2022-11-24T18:24:25","slug":"licitaciones-lpe-itife-n038-2022-lpe-itife-n039-2022-lpe-itife-n040-2022-y-lpe-itife-n041-2022","status":"publish","type":"page","link":"https:\/\/www.tamaulipas.gob.mx\/obraspublicas\/licitaciones-concluidas\/licitaciones-lpe-itife-n038-2022-lpe-itife-n039-2022-lpe-itife-n040-2022-y-lpe-itife-n041-2022\/","title":{"rendered":"Licitaciones LPE-ITIFE-N038-2022, LPE-ITIFE-N039-2022, LPE-ITIFE-N040-2022 y LPE-ITIFE-N041-2022"},"content":{"rendered":"<p>Las obras est\u00e1n ubicadas en los municipios de <strong>Matamoros, G\u00fcemez, Cd. Victoria, Madero, Tampico y Mante\u00a0 Tamaulipas.<\/strong><\/p>\n<p style=\"text-align: justify;\">Se convoca a los interesados en participar en la Licitaci\u00f3n de car\u00e1cter Nacional: <strong>N\u00b0. LPE-ITIFE-N038-2022,<\/strong> para la contrataci\u00f3n relativa a: <strong>\u201cCONSTRUCCI\u00d3N Y REHABILITACI\u00d3N EN: PRIM. GRAL. IGNACIO ZARAGOZA (28DPR1397I); PRIM. AMALIA GONZALEZ DE CASTILLO LEDON (28DPR2217O); PRIM. FRANCISCO ZARCO (28DPR1591M); PRIM. MIGUEL HIDALGO (28DPR1280J); PRIM. JUAN DE LA BARRERA (28DPR2027X); J. DE N. VILLA DEL REFUGIO (28DJN0917D) EN MATAMOROS, TAM.\u201d, N\u00b0. LPE-ITIFE-N039-2022,<\/strong> para la contrataci\u00f3n relativa a: <strong>\u201cCONSTRUCCI\u00d3N Y REHABILITACI\u00d3N EN: PRIM. LIC BENITO JUAREZ (28DPR0305V) EN G\u00dcEMEZ; J. DE N. GABRIELA MISTRAL (28DJN0160Z); PRIM. EDMUNDO CASTRO NU\u00d1EZ (28DPR2135E); PRIM. REPUBLICA DE MEXICO (28DPR1880D); PRIM. GRAL EMILIANO P NAFARRETE (28DPR1140J); J. DE N. A B C (28DJN0114O) EN VICTORIA, TAM.\u201d, LPE-ITIFE-N040-2022,<\/strong> para la contrataci\u00f3n relativa a: <strong>\u201cCONSTRUCCI\u00d3N Y REHABILITACI\u00d3N EN: PRIM. HERMENEGILDO GALEANA (CLAVE: 28DPR1089C) EN MADERO, TAM; PRIM. DR. NORBERTO TREVI\u00d1O ZAPATA (CLAVE: 28DPR1235X) Y PRIM. JOSEFA ORTIZ DE DOMINGUEZ (CLAVE: 28DPR1595I) EN TAMPICO, TAM.\u201d <\/strong>y<strong> LPE-ITIFE-N041-2022, <\/strong>para la contrataci\u00f3n relativa a:<strong> \u201cCONSTRUCCI\u00d3N EN: ESCUELA DE EDUCACI\u00d3N CLUB ROTARIO (CLAVE: 28DML0002J); PRIM. EMILIO CARRANZA (CLAVE: 28DPR0546T); J. DE N. JOSE IGNACIO ALLENDE (CLAVE: 28DJN0219I); PRIM. IGNACIO ZARAGOZA (CLAVE: 28DPR0519W); COLEGIO DE BACHILLERES N\u00b03 (CLAVE: 28ECB0003U); PRIM. FELIPE CARRILLO PUERTO (CLAVE: 28DPR0521K); PRIM.\u00a0 RICARDO FLORES MAGON (CLAVE: 28DPR1786Z) EN MANTE, TAM.\u201d<\/strong><\/p>\n<p>Descarga aqu\u00ed la Convocatoria y sus\u00a0Bases:<\/p>\n<ul>\n<li><a href=\"https:\/\/www.tamaulipas.gob.mx\/obraspublicas\/wp-content\/uploads\/sites\/9\/2022\/09\/convest-018-2022-itife.pdf\" target=\"_blank\" rel=\"noopener\"><i class=\"fa fa-file-pdf-o\"><\/i> Convocatoria 018<\/a><\/li>\n<li><a href=\"https:\/\/www.tamaulipas.gob.mx\/obraspublicas\/wp-content\/uploads\/sites\/9\/2022\/09\/bases-lpe-n038-2022-itife.zip\" target=\"_blank\" rel=\"noopener\"><i class=\"fa fa-file-zip-o\"><\/i> Bases para Licitaci\u00f3n N038<\/a><\/li>\n<li><a href=\"https:\/\/www.tamaulipas.gob.mx\/obraspublicas\/wp-content\/uploads\/sites\/9\/2022\/09\/bases-lpe-n039-2022-itife.zip\" target=\"_blank\" rel=\"noopener\"><i class=\"fa fa-file-zip-o\"><\/i> Bases para Licitaci\u00f3n N039<\/a><\/li>\n<li><a href=\"https:\/\/www.tamaulipas.gob.mx\/obraspublicas\/wp-content\/uploads\/sites\/9\/2022\/09\/bases-lpe-n040-2022-itife.zip\" target=\"_blank\" rel=\"noopener\"><i class=\"fa fa-file-zip-o\"><\/i> Bases para Licitaci\u00f3n N040<\/a><\/li>\n<li><a href=\"https:\/\/www.tamaulipas.gob.mx\/obraspublicas\/wp-content\/uploads\/sites\/9\/2022\/09\/bases-lpe-n041-2022-itife.zip\" target=\"_blank\" rel=\"noopener\"><i class=\"fa fa-file-zip-o\"><\/i> Bases para Licitaci\u00f3n N041<\/a><\/li>\n<\/ul>\n<p>Visita y junta de Aclaraciones<\/p>\n<ul>\n<li><a href=\"https:\/\/www.tamaulipas.gob.mx\/obraspublicas\/wp-content\/uploads\/sites\/9\/2022\/09\/acta-de-visita-y-junta-de-aclaraciones-n038-22-itife.pdf\" target=\"_blank\" rel=\"noopener\"><i class=\"fa fa-file-pdf-o\"><\/i> Documento de Visita y Junta de Aclaraciones N038<\/a><\/li>\n<li><a href=\"https:\/\/www.tamaulipas.gob.mx\/obraspublicas\/wp-content\/uploads\/sites\/9\/2022\/09\/acta-de-visita-y-junta-de-aclaraciones-n039-22-itife.pdf\" target=\"_blank\" rel=\"noopener\"><i class=\"fa fa-file-pdf-o\"><\/i> Documento de Visita y Junta de Aclaraciones N039<\/a><\/li>\n<li><a href=\"https:\/\/www.tamaulipas.gob.mx\/obraspublicas\/wp-content\/uploads\/sites\/9\/2022\/09\/acta-de-visita-y-junta-de-aclaraciones-n040-2022-itife.pdf\" target=\"_blank\" rel=\"noopener\"><i class=\"fa fa-file-pdf-o\"><\/i> Documento de Visita y Junta de Aclaraciones N040<\/a><\/li>\n<li><a href=\"https:\/\/www.tamaulipas.gob.mx\/obraspublicas\/wp-content\/uploads\/sites\/9\/2022\/09\/acta-de-visita-y-junta-de-aclaraciones-n041-22-itife.pdf\" target=\"_blank\" rel=\"noopener\"><i class=\"fa fa-file-pdf-o\"><\/i> Documento de Visita y Junta de Aclaraciones N041<\/a><\/li>\n<\/ul>\n<p>Acta de presentaci\u00f3n y apertura de propuestas<\/p>\n<ul>\n<li><a href=\"https:\/\/www.tamaulipas.gob.mx\/obraspublicas\/wp-content\/uploads\/sites\/9\/2022\/11\/acta-de-presentacion-y-apertura-de-proposiciones-n038-2022-itife.pdf\" target=\"_blank\" rel=\"noopener\"><i class=\"fa fa-file-pdf-o\"><\/i> Documento de Acta de presentaci\u00f3n y apertura de propuestas N038<\/a><\/li>\n<li><a href=\"https:\/\/www.tamaulipas.gob.mx\/obraspublicas\/wp-content\/uploads\/sites\/9\/2022\/11\/acta-de-presentacion-y-apertura-de-proposiciones-n039-2022-itife.pdf\" target=\"_blank\" rel=\"noopener\"><i class=\"fa fa-file-pdf-o\"><\/i> Documento de Acta de presentaci\u00f3n y apertura de propuestas N039<\/a><\/li>\n<li><a href=\"https:\/\/www.tamaulipas.gob.mx\/obraspublicas\/wp-content\/uploads\/sites\/9\/2022\/11\/acta-de-presentacion-y-apertura-de-proposiciones-n040-2022-itife.pdf\" target=\"_blank\" rel=\"noopener\"><i class=\"fa fa-file-pdf-o\"><\/i> Documento de Acta de presentaci\u00f3n y apertura de propuestas N040<\/a><\/li>\n<li><a href=\"https:\/\/www.tamaulipas.gob.mx\/obraspublicas\/wp-content\/uploads\/sites\/9\/2022\/11\/acta-de-presentacion-y-apertura-de-proposiciones-n041-2022-itife.pdf\" target=\"_blank\" rel=\"noopener\"><i class=\"fa fa-file-pdf-o\"><\/i> Documento de Acta de presentaci\u00f3n y apertura de propuestas N041<\/a><\/li>\n<\/ul>\n<p>Acta de Fallo<\/p>\n<ul>\n<li><a href=\"https:\/\/www.tamaulipas.gob.mx\/obraspublicas\/wp-content\/uploads\/sites\/9\/2022\/11\/acta-de-fallo-n038-22-itife.pdf\" target=\"_blank\" rel=\"noopener\"><i class=\"fa fa-file-pdf-o\"><\/i> Documento de Acta de fallo N038<\/a><\/li>\n<li><a href=\"https:\/\/www.tamaulipas.gob.mx\/obraspublicas\/wp-content\/uploads\/sites\/9\/2022\/11\/acta-de-fallo-n039-22-itife.pdf\" target=\"_blank\" rel=\"noopener\"><i class=\"fa fa-file-pdf-o\"><\/i> Documento de Acta de fallo N039<\/a><\/li>\n<li><a href=\"https:\/\/www.tamaulipas.gob.mx\/obraspublicas\/wp-content\/uploads\/sites\/9\/2022\/11\/acta-de-fallo-n040-22-itife.pdf\" target=\"_blank\" rel=\"noopener\"><i class=\"fa fa-file-pdf-o\"><\/i> Documento de Acta de fallo N040<\/a><\/li>\n<li><a href=\"https:\/\/www.tamaulipas.gob.mx\/obraspublicas\/wp-content\/uploads\/sites\/9\/2022\/11\/acta-de-fallo-n041-22-itife.pdf\" target=\"_blank\" rel=\"noopener\"><i class=\"fa fa-file-pdf-o\"><\/i> Documento de Acta de fallo N041<\/a><\/li>\n<\/ul>\n","protected":false},"excerpt":{"rendered":"<p>Las obras est\u00e1n ubicadas en los municipios de Matamoros, G\u00fcemez, Cd. Victoria, Madero, Tampico y Mante\u00a0 Tamaulipas. Se convoca a los interesados en participar en\u2026<\/p>\n","protected":false},"author":48,"featured_media":0,"parent":8604,"menu_order":0,"comment_status":"closed","ping_status":"closed","template":"","meta":{"footnotes":""},"class_list":["post-8536","page","type-page","status-publish","hentry"],"publishpress_future_action":{"enabled":false,"date":"2026-05-15 12:43:32","action":"change-status","newStatus":"draft","terms":[],"taxonomy":""},"_links":{"self":[{"href":"https:\/\/www.tamaulipas.gob.mx\/obraspublicas\/wp-json\/wp\/v2\/pages\/8536"}],"collection":[{"href":"https:\/\/www.tamaulipas.gob.mx\/obraspublicas\/wp-json\/wp\/v2\/pages"}],"about":[{"href":"https:\/\/www.tamaulipas.gob.mx\/obraspublicas\/wp-json\/wp\/v2\/types\/page"}],"author":[{"embeddable":true,"href":"https:\/\/www.tamaulipas.gob.mx\/obraspublicas\/wp-json\/wp\/v2\/users\/48"}],"replies":[{"embeddable":true,"href":"https:\/\/www.tamaulipas.gob.mx\/obraspublicas\/wp-json\/wp\/v2\/comments?post=8536"}],"version-history":[{"count":8,"href":"https:\/\/www.tamaulipas.gob.mx\/obraspublicas\/wp-json\/wp\/v2\/pages\/8536\/revisions"}],"predecessor-version":[{"id":8635,"href":"https:\/\/www.tamaulipas.gob.mx\/obraspublicas\/wp-json\/wp\/v2\/pages\/8536\/revisions\/8635"}],"up":[{"embeddable":true,"href":"https:\/\/www.tamaulipas.gob.mx\/obraspublicas\/wp-json\/wp\/v2\/pages\/8604"}],"wp:attachment":[{"href":"https:\/\/www.tamaulipas.gob.mx\/obraspublicas\/wp-json\/wp\/v2\/media?parent=8536"}],"curies":[{"name":"wp","href":"https:\/\/api.w.org\/{rel}","templated":true}]}}