{"id":7679,"date":"2022-04-07T11:24:16","date_gmt":"2022-04-07T16:24:16","guid":{"rendered":"https:\/\/www.tamaulipas.gob.mx\/obraspublicas\/?page_id=7679"},"modified":"2022-11-24T12:56:36","modified_gmt":"2022-11-24T18:56:36","slug":"licitaciones-lpe-itife-n006-2022-lpe-itife-n007-2022-lpe-itife-n008-2022-lpe-itife-n009-2022-y-lpe-itife-n010-2022","status":"publish","type":"page","link":"https:\/\/www.tamaulipas.gob.mx\/obraspublicas\/licitaciones-concluidas\/licitaciones-lpe-itife-n006-2022-lpe-itife-n007-2022-lpe-itife-n008-2022-lpe-itife-n009-2022-y-lpe-itife-n010-2022\/","title":{"rendered":"Licitaciones LPE-ITIFE-N006-2022, LPE-ITIFE-N007-2022, LPE-ITIFE-N008-2022, LPE-ITIFE-N009-2022 Y LPE-ITIFE-N010-2022"},"content":{"rendered":"<p>Las obras est\u00e1n ubicadas en los municipios de <strong>Valle Hermoso, <\/strong><strong>Matamoros y Reynosa Tamaulipas.<\/strong><\/p>\n<p style=\"text-align: justify\">Se convoca a los interesados en participar en las Licitaciones de car\u00e1cter Nacional: <strong>LPE-ITIFE-N006-2022,<\/strong> para la contrataci\u00f3n relativa a: <strong>\u201cCONSTRUCCI\u00d3N Y REHABILITACI\u00d3N EN: J. DE N. NI\u00d1OS HEROES (28DJN0325P); J. DE N. ROSARIO CASTELLANOS (28DJN0480K); PRIM. JOSEFA ORTIZ DE DOMINGUEZ (28DPR1443D); PRIM. LIC ANTONIO CASO (28DPR1098K); PRIM. LIC PRAXEDIS BALBOA GOJON (28DPR1847W) EN VALLE HERMOSO, TAM.\u201d, LPE-ITIFE-N007-2022,<\/strong> para la contrataci\u00f3n relativa a: <strong>\u201cCONSTRUCCI\u00d3N Y REHABILITACI\u00d3N EN: J. DE N. NUEVA CREACION (28DJN0660V); J. DE N. PROF. ABELARDO GOMEZ LOOR (28DJN0978R); PRIM. HEROES DE LA INDEPENDENCIA (28DPR0454C); PRIM. HIMNO NACIONAL (28DPR0582Y) EN MATAMOROS, TAM.\u201d, LPE-ITIFE-N008-2022,<\/strong> para la contrataci\u00f3n relativa a: <strong>\u201cCONSTRUCCI\u00d3N Y REHABILITACI\u00d3N EN: PRIM. IGNACIO RAMIREZ (28DPR0763H); PRIM. RAMON LOPEZ VELARDE (28DPR2160D); PRIM. JOSE DOROTEO ARANGO (28DPR2601J) EN MATAMOROS, TAM.\u201d, LPE-ITIFE-N009-2022,<\/strong> para la contrataci\u00f3n relativa a: <strong>\u201cCONSTRUCCI\u00d3N Y REHABILITACI\u00d3N EN: SEC. GRAL. No. 4, MARTE R GOMEZ (28DES0047Q); SEC. GRAL. No. 7, CARLOS MORALES SANCHEZ (28DES0072P) EN REYNOSA, TAM.\u201d y LPE-ITIFE-N010-2022, <\/strong>para la contrataci\u00f3n relativa a:<strong> \u201cCONSTRUCCI\u00d3N Y REHABILITACI\u00d3N EN: SEC. TEC. No. 39, NICOLAS BRAVO (28DST0039Z); SEC. TEC. No. 45, IGNACIO MANUEL ALTAMIRANO (28DST0045K) EN REYNOSA, TAM.\u201d<\/strong><\/p>\n<p>Descarga aqu\u00ed la Convocatoria y sus\u00a0Bases:<\/p>\n<ul>\n<li><a href=\"https:\/\/www.tamaulipas.gob.mx\/obraspublicas\/wp-content\/uploads\/sites\/9\/2022\/04\/convest-003-2022-itife.pdf\" target=\"_blank\" rel=\"noopener\"><i class=\"fa fa-file-pdf-o\"><\/i> Convocatoria 003<\/a><\/li>\n<li><a href=\"https:\/\/www.tamaulipas.gob.mx\/obraspublicas\/wp-content\/uploads\/sites\/9\/2022\/04\/bases-lpe-n006-2022-itife.zip\" target=\"_blank\" rel=\"noopener\"><i class=\"fa fa-file-zip-o\"><\/i> Bases para Licitaci\u00f3n N006<\/a><\/li>\n<li><a href=\"https:\/\/www.tamaulipas.gob.mx\/obraspublicas\/wp-content\/uploads\/sites\/9\/2022\/04\/bases-lpe-n007-2022-itife.zip\" target=\"_blank\" rel=\"noopener\"><i class=\"fa fa-file-zip-o\"><\/i> Bases para Licitaci\u00f3n N007<\/a><\/li>\n<li><a href=\"https:\/\/www.tamaulipas.gob.mx\/obraspublicas\/wp-content\/uploads\/sites\/9\/2022\/04\/bases-lpe-n008-2022-itife.zip\" target=\"_blank\" rel=\"noopener\"><i class=\"fa fa-file-zip-o\"><\/i> Bases para Licitaci\u00f3n N008<\/a><\/li>\n<li><a href=\"https:\/\/www.tamaulipas.gob.mx\/obraspublicas\/wp-content\/uploads\/sites\/9\/2022\/04\/bases-lpe-n009-2022-itife.zip\" target=\"_blank\" rel=\"noopener\"><i class=\"fa fa-file-zip-o\"><\/i> Bases para Licitaci\u00f3n N009<\/a><\/li>\n<li><a href=\"https:\/\/www.tamaulipas.gob.mx\/obraspublicas\/wp-content\/uploads\/sites\/9\/2022\/04\/bases-lpe-n010-2022-itife.zip\" target=\"_blank\" rel=\"noopener\"><i class=\"fa fa-file-zip-o\"><\/i> Bases para Licitaci\u00f3n N010<\/a><\/li>\n<\/ul>\n<p>Visita y junta de Aclaraciones<\/p>\n<ul>\n<li><a href=\"https:\/\/www.tamaulipas.gob.mx\/obraspublicas\/wp-content\/uploads\/sites\/9\/2022\/04\/acta-de-visita-y-junta-de-aclaraciones-n006-22-itife.pdf\" target=\"_blank\" rel=\"noopener\"><i class=\"fa fa-file-pdf-o\"><\/i> Documento de Visita y Junta de Aclaraciones N006<\/a><\/li>\n<li><a href=\"https:\/\/www.tamaulipas.gob.mx\/obraspublicas\/wp-content\/uploads\/sites\/9\/2022\/04\/acta-de-visita-y-junta-de-aclaraciones-n007-22-itife.pdf\" target=\"_blank\" rel=\"noopener\"><i class=\"fa fa-file-pdf-o\"><\/i> Documento de Visita y Junta de Aclaraciones N007<\/a><\/li>\n<li><a href=\"https:\/\/www.tamaulipas.gob.mx\/obraspublicas\/wp-content\/uploads\/sites\/9\/2022\/04\/acta-de-visita-y-junta-de-aclaraciones-n008-22-itife.pdf\" target=\"_blank\" rel=\"noopener\"><i class=\"fa fa-file-pdf-o\"><\/i> Documento de Visita y Junta de Aclaraciones N008<\/a><\/li>\n<li><a href=\"https:\/\/www.tamaulipas.gob.mx\/obraspublicas\/wp-content\/uploads\/sites\/9\/2022\/04\/acta-de-visita-y-junta-de-aclaraciones-n009-22-itife.pdf\" target=\"_blank\" rel=\"noopener\"><i class=\"fa fa-file-pdf-o\"><\/i> Documento de Visita y Junta de Aclaraciones N009<\/a><\/li>\n<li><a href=\"https:\/\/www.tamaulipas.gob.mx\/obraspublicas\/wp-content\/uploads\/sites\/9\/2022\/04\/acta-de-visita-y-junta-de-aclaraciones-n010-22-itife.pdf\" target=\"_blank\" rel=\"noopener\"><i class=\"fa fa-file-pdf-o\"><\/i> Documento de Visita y Junta de Aclaraciones N010<\/a><\/li>\n<\/ul>\n<p>Acta de presentaci\u00f3n y apertura de propuestas<\/p>\n<ul>\n<li><a href=\"https:\/\/www.tamaulipas.gob.mx\/obraspublicas\/wp-content\/uploads\/sites\/9\/2022\/05\/acta-de-apertura-de-proposiciones-n006-22-itife.pdf\" target=\"_blank\" rel=\"noopener\"><i class=\"fa fa-file-pdf-o\"><\/i> Documento de Acta de presentaci\u00f3n y apertura de propuestas N006<\/a><\/li>\n<li><a href=\"https:\/\/www.tamaulipas.gob.mx\/obraspublicas\/wp-content\/uploads\/sites\/9\/2022\/05\/acta-de-apertura-de-proposiciones-n007-22-itife.pdf\" target=\"_blank\" rel=\"noopener\"><i class=\"fa fa-file-pdf-o\"><\/i> Documento de Acta de presentaci\u00f3n y apertura de propuestas N007<\/a><\/li>\n<li><a href=\"https:\/\/www.tamaulipas.gob.mx\/obraspublicas\/wp-content\/uploads\/sites\/9\/2022\/05\/acta-de-apertura-de-proposiciones-n008-22-itife.pdf\" target=\"_blank\" rel=\"noopener\"><i class=\"fa fa-file-pdf-o\"><\/i> Documento de Acta de presentaci\u00f3n y apertura de propuestas N008<\/a><\/li>\n<li><a href=\"https:\/\/www.tamaulipas.gob.mx\/obraspublicas\/wp-content\/uploads\/sites\/9\/2022\/05\/acta-de-apertura-de-proposiciones-n009-22-itife.pdf\" target=\"_blank\" rel=\"noopener\"><i class=\"fa fa-file-pdf-o\"><\/i> Documento de Acta de presentaci\u00f3n y apertura de propuestas N009<\/a><\/li>\n<li><a href=\"https:\/\/www.tamaulipas.gob.mx\/obraspublicas\/wp-content\/uploads\/sites\/9\/2022\/05\/acta-de-apertura-de-proposiciones-n010-22-itife.pdf\" target=\"_blank\" rel=\"noopener\"><i class=\"fa fa-file-pdf-o\"><\/i> Documento de Acta de presentaci\u00f3n y apertura de propuestas N010<\/a><\/li>\n<\/ul>\n<p>Acta de Fallo<\/p>\n<ul>\n<li><a href=\"https:\/\/www.tamaulipas.gob.mx\/obraspublicas\/wp-content\/uploads\/sites\/9\/2022\/05\/acta-de-fallo-n006-22-itife.pdf\" target=\"_blank\" rel=\"noopener\"><i class=\"fa fa-file-pdf-o\"><\/i> Documento de Acta de fallo N006<\/a><\/li>\n<li><a href=\"https:\/\/www.tamaulipas.gob.mx\/obraspublicas\/wp-content\/uploads\/sites\/9\/2022\/05\/oficio-de-diferimiento-de-fallo-n007-22-itife.pdf\" target=\"_blank\" rel=\"noopener\"><i class=\"fa fa-file-pdf-o\"><\/i> Documento de Oficio de Diferimiento de fallo N007<\/a><\/li>\n<li><a href=\"https:\/\/www.tamaulipas.gob.mx\/obraspublicas\/wp-content\/uploads\/sites\/9\/2022\/06\/acta-de-fallo-n007-22-itife.pdf\" target=\"_blank\" rel=\"noopener\"><i class=\"fa fa-file-pdf-o\"><\/i> Documento de Acta de fallo N007<\/a><\/li>\n<li><a href=\"https:\/\/www.tamaulipas.gob.mx\/obraspublicas\/wp-content\/uploads\/sites\/9\/2022\/05\/acta-de-fallo-n008-22-itife.pdf\" target=\"_blank\" rel=\"noopener\"><i class=\"fa fa-file-pdf-o\"><\/i> Documento de Acta de fallo N008<\/a><\/li>\n<li><a href=\"https:\/\/www.tamaulipas.gob.mx\/obraspublicas\/wp-content\/uploads\/sites\/9\/2022\/05\/acta-de-fallo-n009-22-itife.pdf\" target=\"_blank\" rel=\"noopener\"><i class=\"fa fa-file-pdf-o\"><\/i> Documento de Acta de fallo N009<\/a><\/li>\n<li><a href=\"https:\/\/www.tamaulipas.gob.mx\/obraspublicas\/wp-content\/uploads\/sites\/9\/2022\/06\/acta-de-fallo-n010-22-itife.pdf\" target=\"_blank\" rel=\"noopener\"><i class=\"fa fa-file-pdf-o\"><\/i> Documento de Acta de fallo N010<\/a><\/li>\n<li><a href=\"https:\/\/www.tamaulipas.gob.mx\/obraspublicas\/wp-content\/uploads\/sites\/9\/2022\/06\/oficio-de-diferimiento-de-fallo-n010-22-itife.pdf\" target=\"_blank\" rel=\"noopener\"><i class=\"fa fa-file-pdf-o\"><\/i> Documento de Oficio de Diferimiento de fallo N010<\/a><\/li>\n<\/ul>\n","protected":false},"excerpt":{"rendered":"<p>Las obras est\u00e1n ubicadas en los municipios de Valle Hermoso, Matamoros y Reynosa Tamaulipas. Se convoca a los interesados en participar en las Licitaciones de\u2026<\/p>\n","protected":false},"author":48,"featured_media":0,"parent":8604,"menu_order":0,"comment_status":"closed","ping_status":"closed","template":"","meta":{"footnotes":""},"class_list":["post-7679","page","type-page","status-publish","hentry"],"publishpress_future_action":{"enabled":false,"date":"2026-05-15 12:43:17","action":"change-status","newStatus":"draft","terms":[],"taxonomy":""},"_links":{"self":[{"href":"https:\/\/www.tamaulipas.gob.mx\/obraspublicas\/wp-json\/wp\/v2\/pages\/7679"}],"collection":[{"href":"https:\/\/www.tamaulipas.gob.mx\/obraspublicas\/wp-json\/wp\/v2\/pages"}],"about":[{"href":"https:\/\/www.tamaulipas.gob.mx\/obraspublicas\/wp-json\/wp\/v2\/types\/page"}],"author":[{"embeddable":true,"href":"https:\/\/www.tamaulipas.gob.mx\/obraspublicas\/wp-json\/wp\/v2\/users\/48"}],"replies":[{"embeddable":true,"href":"https:\/\/www.tamaulipas.gob.mx\/obraspublicas\/wp-json\/wp\/v2\/comments?post=7679"}],"version-history":[{"count":16,"href":"https:\/\/www.tamaulipas.gob.mx\/obraspublicas\/wp-json\/wp\/v2\/pages\/7679\/revisions"}],"predecessor-version":[{"id":8210,"href":"https:\/\/www.tamaulipas.gob.mx\/obraspublicas\/wp-json\/wp\/v2\/pages\/7679\/revisions\/8210"}],"up":[{"embeddable":true,"href":"https:\/\/www.tamaulipas.gob.mx\/obraspublicas\/wp-json\/wp\/v2\/pages\/8604"}],"wp:attachment":[{"href":"https:\/\/www.tamaulipas.gob.mx\/obraspublicas\/wp-json\/wp\/v2\/media?parent=7679"}],"curies":[{"name":"wp","href":"https:\/\/api.w.org\/{rel}","templated":true}]}}