{"id":7670,"date":"2022-04-06T12:50:15","date_gmt":"2022-04-06T17:50:15","guid":{"rendered":"https:\/\/www.tamaulipas.gob.mx\/obraspublicas\/?page_id=7670"},"modified":"2022-11-24T12:56:49","modified_gmt":"2022-11-24T18:56:49","slug":"licitaciones-lpe-itife-n002-2022-lpe-itife-n003-2022-lpe-itife-n004-2022-y-lpe-itife-n005-2022","status":"publish","type":"page","link":"https:\/\/www.tamaulipas.gob.mx\/obraspublicas\/licitaciones-concluidas\/licitaciones-lpe-itife-n002-2022-lpe-itife-n003-2022-lpe-itife-n004-2022-y-lpe-itife-n005-2022\/","title":{"rendered":"Licitaciones LPE-ITIFE-N002-2022, LPE-ITIFE-N003-2022, LPE-ITIFE-N004-2022 Y LPE-ITIFE-N005-2022"},"content":{"rendered":"<p>Las obras est\u00e1n ubicadas en los municipios de <strong>Soto La Marina, Cd. Victoria, Burgos, San Fernando y Matamoros, Tamaulipas.<\/strong><\/p>\n<p style=\"text-align: justify\">Se convoca a los interesados en participar en las Licitaciones de car\u00e1cter Nacional: <strong>LPE-ITIFE-N002-2022,<\/strong> para la contrataci\u00f3n relativa a: <strong>\u201cCONSTRUCCI\u00d3N Y REHABILITACI\u00d3N EN: PRIM. MIGUEL HIDALGO (28DPR1001I); T.V. SEC. ADOLFO LOPEZ MATEOS (28DTV0063N); T.V. SEC. BLAS UVALLE GONZALEZ (28DTV0290I) EN SOTO LA MARINA; SEC. GRAL. No. 7 ELEAZAR CERVANTES GOMEZ (28DES0085T); J. DE N. ORALIA DE LA GARZA DE LA GARZA (28DJN0920R) EN VICTORIA, TAM.\u201d, LPE-ITIFE-N003-2022,<\/strong> para la contrataci\u00f3n relativa a: <strong>\u201cREHABILITACI\u00d3N EN SEC. TEC. No. 6, LAURO AGUIRRE (28DST0006I) EN VICTORIA, TAM.\u201d, LPE-ITIFE-N004-2022,<\/strong> para la contrataci\u00f3n relativa a: <strong>\u201cCONSTRUCCI\u00d3N Y REHABILITACI\u00d3N EN: SEC. TEC. No. 40, IRENE TREVI\u00d1O RODRIGUEZ (28DST0040P) EN BURGOS; PRIM. LIC BENITO JUAREZ (28DPR0914X); SEC. TEC. No. 65, ING. VICTOR BRAVO AHUJA (28DST0065Y) EN SAN FERNANDO, TAM.\u201d y LPE-ITIFE-N005-2022, <\/strong>para la contrataci\u00f3n relativa a:<strong> \u201cCONSTRUCCI\u00d3N Y REHABILITACI\u00d3N EN: PRIM. FIDEL VELAZQUEZ (28DPR0457Z); PRIM. PROFR. CRUZ LINO MARQUEZ (28DPR2300N) EN MATAMOROS, TAM.\u201d<\/strong><\/p>\n<p>Descarga aqu\u00ed la Convocatoria y sus\u00a0Bases:<\/p>\n<ul>\n<li><a href=\"https:\/\/www.tamaulipas.gob.mx\/obraspublicas\/wp-content\/uploads\/sites\/9\/2022\/04\/convest-002-2022-itife.pdf\" target=\"_blank\" rel=\"noopener\"><i class=\"fa fa-file-pdf-o\"><\/i> Convocatoria 002<\/a><\/li>\n<li><a href=\"https:\/\/www.tamaulipas.gob.mx\/obraspublicas\/wp-content\/uploads\/sites\/9\/2022\/04\/bases-lpe-n002-2022-itife.zip\" target=\"_blank\" rel=\"noopener\"><i class=\"fa fa-file-zip-o\"><\/i> Bases para Licitaci\u00f3n N002<\/a><\/li>\n<li><a href=\"https:\/\/www.tamaulipas.gob.mx\/obraspublicas\/wp-content\/uploads\/sites\/9\/2022\/04\/bases-lpe-n003-2022-itife.zip\" target=\"_blank\" rel=\"noopener\"><i class=\"fa fa-file-zip-o\"><\/i> Bases para Licitaci\u00f3n N003<\/a><\/li>\n<li><a href=\"https:\/\/www.tamaulipas.gob.mx\/obraspublicas\/wp-content\/uploads\/sites\/9\/2022\/04\/bases-lpe-n004-2022-itife.zip\" target=\"_blank\" rel=\"noopener\"><i class=\"fa fa-file-zip-o\"><\/i> Bases para Licitaci\u00f3n N004<\/a><\/li>\n<li><a href=\"https:\/\/www.tamaulipas.gob.mx\/obraspublicas\/wp-content\/uploads\/sites\/9\/2022\/04\/bases-lpe-n005-2022-itife.zip\" target=\"_blank\" rel=\"noopener\"><i class=\"fa fa-file-zip-o\"><\/i> Bases para Licitaci\u00f3n N005<\/a><\/li>\n<\/ul>\n<p>Visita y junta de Aclaraciones<\/p>\n<ul>\n<li><a href=\"https:\/\/www.tamaulipas.gob.mx\/obraspublicas\/wp-content\/uploads\/sites\/9\/2022\/04\/acta-de-visita-y-junta-de-aclaraciones-n002-22-itife.pdf\" target=\"_blank\" rel=\"noopener\"><i class=\"fa fa-file-pdf-o\"><\/i> Documento de Visita y Junta de Aclaraciones N002<\/a><\/li>\n<li><a href=\"https:\/\/www.tamaulipas.gob.mx\/obraspublicas\/wp-content\/uploads\/sites\/9\/2022\/04\/acta-de-visita-y-junta-de-aclaraciones-n003-22-itife.pdf\" target=\"_blank\" rel=\"noopener\"><i class=\"fa fa-file-pdf-o\"><\/i> Documento de Visita y Junta de Aclaraciones N003<\/a><\/li>\n<li><a href=\"https:\/\/www.tamaulipas.gob.mx\/obraspublicas\/wp-content\/uploads\/sites\/9\/2022\/04\/acta-de-visita-y-junta-de-aclaraciones-n004-22-itife.pdf\" target=\"_blank\" rel=\"noopener\"><i class=\"fa fa-file-pdf-o\"><\/i> Documento de Visita y Junta de Aclaraciones N004<\/a><\/li>\n<li><a href=\"https:\/\/www.tamaulipas.gob.mx\/obraspublicas\/wp-content\/uploads\/sites\/9\/2022\/04\/acta-de-visita-y-junta-de-aclaraciones-n005-22-itife.pdf\" target=\"_blank\" rel=\"noopener\"><i class=\"fa fa-file-pdf-o\"><\/i> Documento de Visita y Junta de Aclaraciones N005<\/a><\/li>\n<\/ul>\n<p>Acta de presentaci\u00f3n y apertura de propuestas<\/p>\n<ul>\n<li><a href=\"https:\/\/www.tamaulipas.gob.mx\/obraspublicas\/wp-content\/uploads\/sites\/9\/2022\/05\/acta-de-apertura-de-proposiciones-n002-22-itife.pdf\" target=\"_blank\" rel=\"noopener\"><i class=\"fa fa-file-pdf-o\"><\/i> Documento de Acta de presentaci\u00f3n y apertura de propuestas N002<\/a><\/li>\n<li><a href=\"https:\/\/www.tamaulipas.gob.mx\/obraspublicas\/wp-content\/uploads\/sites\/9\/2022\/05\/acta-de-apertura-de-proposiciones-n003-22-itife.pdf\" target=\"_blank\" rel=\"noopener\"><i class=\"fa fa-file-pdf-o\"><\/i> Documento de Acta de presentaci\u00f3n y apertura de propuestas N003<\/a><\/li>\n<li><a href=\"https:\/\/www.tamaulipas.gob.mx\/obraspublicas\/wp-content\/uploads\/sites\/9\/2022\/05\/acta-de-apertura-de-proposiciones-n004-22-itife.pdf\" target=\"_blank\" rel=\"noopener\"><i class=\"fa fa-file-pdf-o\"><\/i> Documento de Acta de presentaci\u00f3n y apertura de propuestas N004<\/a><\/li>\n<li><a href=\"https:\/\/www.tamaulipas.gob.mx\/obraspublicas\/wp-content\/uploads\/sites\/9\/2022\/05\/acta-de-apertura-de-proposiciones-n005-22-itife.pdf\" target=\"_blank\" rel=\"noopener\"><i class=\"fa fa-file-pdf-o\"><\/i> Documento de Acta de presentaci\u00f3n y apertura de propuestas N005<\/a><\/li>\n<\/ul>\n<p>Acta de Fallo<\/p>\n<ul>\n<li><a href=\"https:\/\/www.tamaulipas.gob.mx\/obraspublicas\/wp-content\/uploads\/sites\/9\/2022\/05\/acta-de-fallo-n002-22-itife.pdf\" target=\"_blank\" rel=\"noopener\"><i class=\"fa fa-file-pdf-o\"><\/i> Documento de Acta de fallo N002<\/a><\/li>\n<li><a href=\"https:\/\/www.tamaulipas.gob.mx\/obraspublicas\/wp-content\/uploads\/sites\/9\/2022\/05\/acta-de-fallo-n003-22-itife.pdf\" target=\"_blank\" rel=\"noopener\"><i class=\"fa fa-file-pdf-o\"><\/i> Documento de Acta de fallo N003<\/a><\/li>\n<li><a href=\"https:\/\/www.tamaulipas.gob.mx\/obraspublicas\/wp-content\/uploads\/sites\/9\/2022\/05\/acta-de-fallo-n004-22-itife.pdf\" target=\"_blank\" rel=\"noopener\"><i class=\"fa fa-file-pdf-o\"><\/i> Documento de Acta de fallo N004<\/a><\/li>\n<li><a href=\"https:\/\/www.tamaulipas.gob.mx\/obraspublicas\/wp-content\/uploads\/sites\/9\/2022\/05\/acta-de-fallo-n005-22-itife.pdf\" target=\"_blank\" rel=\"noopener\"><i class=\"fa fa-file-pdf-o\"><\/i> Documento de Acta de fallo N005<\/a><\/li>\n<\/ul>\n","protected":false},"excerpt":{"rendered":"<p>Las obras est\u00e1n ubicadas en los municipios de Soto La Marina, Cd. Victoria, Burgos, San Fernando y Matamoros, Tamaulipas. Se convoca a los interesados en\u2026<\/p>\n","protected":false},"author":48,"featured_media":0,"parent":8604,"menu_order":0,"comment_status":"closed","ping_status":"closed","template":"","meta":{"footnotes":""},"class_list":["post-7670","page","type-page","status-publish","hentry"],"publishpress_future_action":{"enabled":false,"date":"2026-05-15 12:43:33","action":"change-status","newStatus":"draft","terms":[],"taxonomy":""},"_links":{"self":[{"href":"https:\/\/www.tamaulipas.gob.mx\/obraspublicas\/wp-json\/wp\/v2\/pages\/7670"}],"collection":[{"href":"https:\/\/www.tamaulipas.gob.mx\/obraspublicas\/wp-json\/wp\/v2\/pages"}],"about":[{"href":"https:\/\/www.tamaulipas.gob.mx\/obraspublicas\/wp-json\/wp\/v2\/types\/page"}],"author":[{"embeddable":true,"href":"https:\/\/www.tamaulipas.gob.mx\/obraspublicas\/wp-json\/wp\/v2\/users\/48"}],"replies":[{"embeddable":true,"href":"https:\/\/www.tamaulipas.gob.mx\/obraspublicas\/wp-json\/wp\/v2\/comments?post=7670"}],"version-history":[{"count":11,"href":"https:\/\/www.tamaulipas.gob.mx\/obraspublicas\/wp-json\/wp\/v2\/pages\/7670\/revisions"}],"predecessor-version":[{"id":8097,"href":"https:\/\/www.tamaulipas.gob.mx\/obraspublicas\/wp-json\/wp\/v2\/pages\/7670\/revisions\/8097"}],"up":[{"embeddable":true,"href":"https:\/\/www.tamaulipas.gob.mx\/obraspublicas\/wp-json\/wp\/v2\/pages\/8604"}],"wp:attachment":[{"href":"https:\/\/www.tamaulipas.gob.mx\/obraspublicas\/wp-json\/wp\/v2\/media?parent=7670"}],"curies":[{"name":"wp","href":"https:\/\/api.w.org\/{rel}","templated":true}]}}