{"id":701,"date":"2017-10-24T09:24:43","date_gmt":"2017-10-24T14:24:43","guid":{"rendered":"http:\/\/www.tamaulipas.gob.mx\/obraspublicas\/?page_id=701"},"modified":"2022-11-18T10:33:33","modified_gmt":"2022-11-18T16:33:33","slug":"licitaciones-lpe-n25-y-lpe-n26","status":"publish","type":"page","link":"https:\/\/www.tamaulipas.gob.mx\/obraspublicas\/licitaciones-concluidas\/licitaciones-lpe-n25-y-lpe-n26\/","title":{"rendered":"Licitaciones LPE-N25 y LPE-N26"},"content":{"rendered":"<p>Las obras est\u00e1n ubicadas en los municipios de <strong>Miguel Alem\u00e1n y Reynosa, Tam.<\/strong><\/p>\n<p>Se convoca a los interesados en participar en las Licitaciones de car\u00e1cter Nacional para la contrataci\u00f3n de\u00a0<strong>\u201cConstrucci\u00f3n de plaza p\u00fablica, tianguis Col. Barrera, habilitaci\u00f3n de plaza p\u00fablica, Fracc. R\u00edo Bravo, construcci\u00f3n Casa del Adulto Mayor; en el municipio de Miguel Alem\u00e1n, Tamaulipas.\u201d y \u201cRehabilitaci\u00f3n de (09) nueve espacios deportivos en la ciudad de Reynosa Tamaulipas.\u201d<\/strong><\/p>\n<p>Descarga aqu\u00ed la Convocatoria y sus\u00a0Bases:<\/p>\n<ul>\n<li><a href=\"http:\/\/www.tamaulipas.gob.mx\/obraspublicas\/wp-content\/uploads\/sites\/9\/2017\/10\/convocatoria-016-2017.pdf\" target=\"_blank\" rel=\"noopener noreferrer\"><i class=\"fa fa-file-pdf-o\"><\/i> Convocatoria 016<\/a><\/li>\n<li><a href=\"http:\/\/www.tamaulipas.gob.mx\/obraspublicas\/wp-content\/uploads\/sites\/9\/2017\/10\/bases-lpe-n25.zip\" target=\"_blank\" rel=\"noopener noreferrer\"><i class=\"fa fa-file-zip-o\"><\/i> Bases para Licitaci\u00f3n 25<\/a><\/li>\n<li><a href=\"http:\/\/www.tamaulipas.gob.mx\/inc\/bases-lpe-n26.zip\"><i class=\"fa fa-file-zip-o\"><\/i> Bases para Licitaci\u00f3n 26<\/a><\/li>\n<\/ul>\n<p>Visita y junta de Aclaraciones<\/p>\n<ul>\n<li><a href=\"http:\/\/www.tamaulipas.gob.mx\/obraspublicas\/wp-content\/uploads\/sites\/9\/2017\/10\/acta-de-visita-y-junta-de-aclaraciones-licitacion-25.pdf\" target=\"_blank\" rel=\"noopener noreferrer\"><i class=\"fa fa-file-pdf-o\"><\/i> Documento de Visita y Junta de Aclaraciones Licitaci\u00f3n 25<\/a><\/li>\n<li><a href=\"http:\/\/www.tamaulipas.gob.mx\/obraspublicas\/wp-content\/uploads\/sites\/9\/2017\/10\/acta-de-visita-y-junta-de-aclaraciones-n26.pdf\" target=\"_blank\" rel=\"noopener noreferrer\"><i class=\"fa fa-file-pdf-o\"><\/i> Documento de Visita y Junta de Aclaraciones Licitaci\u00f3n 26<\/a><\/li>\n<\/ul>\n<p>Acta de presentaci\u00f3n y apertura de propuestas<\/p>\n<ul>\n<li><a href=\"http:\/\/www.tamaulipas.gob.mx\/obraspublicas\/wp-content\/uploads\/sites\/9\/2017\/10\/acta-de-apertura-de-proposiciones-n25.pdf\" target=\"_blank\" rel=\"noopener noreferrer\"><i class=\"fa fa-file-pdf-o\"><\/i> Documento de Acta de presentaci\u00f3n y apertura de propuestas Licitaci\u00f3n 25<\/a><\/li>\n<li><a href=\"http:\/\/www.tamaulipas.gob.mx\/obraspublicas\/wp-content\/uploads\/sites\/9\/2017\/10\/acta-de-apertura-de-proposiciones-n26.pdf\" target=\"_blank\" rel=\"noopener noreferrer\"><i class=\"fa fa-file-pdf-o\"><\/i> Documento de Acta de presentaci\u00f3n y apertura de propuestas Licitaci\u00f3n 26<\/a><\/li>\n<\/ul>\n<p>Acta de Fallo<\/p>\n<ul>\n<li><a href=\"http:\/\/www.tamaulipas.gob.mx\/obraspublicas\/wp-content\/uploads\/sites\/9\/2017\/10\/oficio-de-diferimiento-de-fallo-n25.pdf\" target=\"_blank\" rel=\"noopener noreferrer\"><i class=\"fa fa-file-pdf-o\"><\/i> Oficio 1 de Diferimiento de fallo Licitaci\u00f3n 25<\/a><\/li>\n<li><a href=\"http:\/\/www.tamaulipas.gob.mx\/obraspublicas\/wp-content\/uploads\/sites\/9\/2017\/10\/oficio-2-de-diferimiento-de-fallo-n25.pdf\" target=\"_blank\" rel=\"noopener noreferrer\"><i class=\"fa fa-file-pdf-o\"><\/i> Oficio 2 de Diferimiento de fallo Licitaci\u00f3n 25<\/a><\/li>\n<li><a href=\"http:\/\/www.tamaulipas.gob.mx\/obraspublicas\/wp-content\/uploads\/sites\/9\/2017\/10\/oficio-3-de-diferimiento-de-fallo-n25.pdf\" target=\"_blank\" rel=\"noopener noreferrer\"><i class=\"fa fa-file-pdf-o\"><\/i> Oficio 3 de Diferimiento de fallo Licitaci\u00f3n 25<\/a><\/li>\n<li><a href=\"http:\/\/www.tamaulipas.gob.mx\/obraspublicas\/wp-content\/uploads\/sites\/9\/2017\/10\/oficio-4-de-diferimiento-de-fallo-n25.pdf\" target=\"_blank\" rel=\"noopener noreferrer\"><i class=\"fa fa-file-pdf-o\"><\/i> Oficio 4 de Diferimiento de fallo Licitaci\u00f3n 25<\/a><\/li>\n<li><a href=\"http:\/\/www.tamaulipas.gob.mx\/obraspublicas\/wp-content\/uploads\/sites\/9\/2017\/12\/acta-de-fallo-n25.pdf\" target=\"_blank\" rel=\"noopener noreferrer\"><i class=\"fa fa-file-pdf-o\"><\/i> Documento de Acta de fallo Licitaci\u00f3n 25<\/a><\/li>\n<li><a href=\"http:\/\/www.tamaulipas.gob.mx\/obraspublicas\/wp-content\/uploads\/sites\/9\/2017\/10\/acta-de-fallo-n26.pdf\" target=\"_blank\" rel=\"noopener noreferrer\"><i class=\"fa fa-file-pdf-o\"><\/i> Documento de Acta de fallo Licitaci\u00f3n 26<\/a><\/li>\n<\/ul>\n","protected":false},"excerpt":{"rendered":"<p>Las obras est\u00e1n ubicadas en los municipios de Miguel Alem\u00e1n y Reynosa, Tam. Se convoca a los interesados en participar en las Licitaciones de car\u00e1cter\u2026<\/p>\n","protected":false},"author":48,"featured_media":0,"parent":8604,"menu_order":0,"comment_status":"closed","ping_status":"closed","template":"","meta":{"footnotes":""},"class_list":["post-701","page","type-page","status-publish","hentry"],"publishpress_future_action":{"enabled":false,"date":"2026-05-15 12:43:34","action":"change-status","newStatus":"draft","terms":[],"taxonomy":""},"_links":{"self":[{"href":"https:\/\/www.tamaulipas.gob.mx\/obraspublicas\/wp-json\/wp\/v2\/pages\/701"}],"collection":[{"href":"https:\/\/www.tamaulipas.gob.mx\/obraspublicas\/wp-json\/wp\/v2\/pages"}],"about":[{"href":"https:\/\/www.tamaulipas.gob.mx\/obraspublicas\/wp-json\/wp\/v2\/types\/page"}],"author":[{"embeddable":true,"href":"https:\/\/www.tamaulipas.gob.mx\/obraspublicas\/wp-json\/wp\/v2\/users\/48"}],"replies":[{"embeddable":true,"href":"https:\/\/www.tamaulipas.gob.mx\/obraspublicas\/wp-json\/wp\/v2\/comments?post=701"}],"version-history":[{"count":15,"href":"https:\/\/www.tamaulipas.gob.mx\/obraspublicas\/wp-json\/wp\/v2\/pages\/701\/revisions"}],"predecessor-version":[{"id":5390,"href":"https:\/\/www.tamaulipas.gob.mx\/obraspublicas\/wp-json\/wp\/v2\/pages\/701\/revisions\/5390"}],"up":[{"embeddable":true,"href":"https:\/\/www.tamaulipas.gob.mx\/obraspublicas\/wp-json\/wp\/v2\/pages\/8604"}],"wp:attachment":[{"href":"https:\/\/www.tamaulipas.gob.mx\/obraspublicas\/wp-json\/wp\/v2\/media?parent=701"}],"curies":[{"name":"wp","href":"https:\/\/api.w.org\/{rel}","templated":true}]}}