{"id":506,"date":"2017-09-26T12:33:25","date_gmt":"2017-09-26T17:33:25","guid":{"rendered":"http:\/\/www.tamaulipas.gob.mx\/obraspublicas\/?page_id=506"},"modified":"2022-11-18T10:33:33","modified_gmt":"2022-11-18T16:33:33","slug":"licitaciones-lpe-n16-y-lpe-n17","status":"publish","type":"page","link":"https:\/\/www.tamaulipas.gob.mx\/obraspublicas\/licitaciones-concluidas\/licitaciones-lpe-n16-y-lpe-n17\/","title":{"rendered":"Licitaciones LPE-N16 y LPE-N17"},"content":{"rendered":"<p>Las obras est\u00e1n ubicadas en el municipio de Reynosa, Tam.<\/p>\n<p>Se convoca a los interesados en participar en las Licitaciones de car\u00e1cter Nacional para la contrataci\u00f3n de\u00a0<strong>\u201cRehabilitaci\u00f3n de pavimento en vialidades principales y accesos a espacios p\u00fablicos, en el municipio de Reynosa, Tamaulipas.\u201d y \u201cSuministro e instalaci\u00f3n de se\u00f1alamientos en vialidades principales y espacios p\u00fablicos, en el municipio de Reynosa, Tamaulipas.\u201d.<\/strong><\/p>\n<p>Descarga aqu\u00ed la Convocatoria y sus\u00a0Bases:<\/p>\n<ul>\n<li><a href=\"http:\/\/www.tamaulipas.gob.mx\/obraspublicas\/wp-content\/uploads\/sites\/9\/2017\/09\/convocatoria-009-2017.pdf\" target=\"_blank\" rel=\"noopener noreferrer\"><i class=\"fa fa-file-pdf-o\"><\/i> Convocatoria 009<\/a><\/li>\n<li><a href=\"http:\/\/www.tamaulipas.gob.mx\/obraspublicas\/wp-content\/uploads\/sites\/9\/2017\/09\/bases-lpe-n16.zip\" target=\"_blank\" rel=\"noopener noreferrer\"><i class=\"fa fa-file-zip-o\"><\/i> Bases para Licitaci\u00f3n 16<\/a><\/li>\n<li><a href=\"http:\/\/www.tamaulipas.gob.mx\/obraspublicas\/wp-content\/uploads\/sites\/9\/2017\/09\/bases-lpe-n17.zip\" target=\"_blank\" rel=\"noopener noreferrer\"><i class=\"fa fa-file-zip-o\"><\/i> Bases para Licitaci\u00f3n 17<\/a><\/li>\n<\/ul>\n<p>Visita y junta de Aclaraciones<\/p>\n<ul>\n<li><a href=\"http:\/\/www.tamaulipas.gob.mx\/obraspublicas\/wp-content\/uploads\/sites\/9\/2017\/09\/acta-de-visita-y-junta-de-aclaraciones-licitacion-16.pdf\" target=\"_blank\" rel=\"noopener noreferrer\"><i class=\"fa fa-file-pdf-o\"><\/i> Documento de Visita y Junta de Aclaraciones Licitaci\u00f3n 16<\/a><\/li>\n<li><a href=\"http:\/\/www.tamaulipas.gob.mx\/obraspublicas\/wp-content\/uploads\/sites\/9\/2017\/09\/acta-de-visita-y-junta-de-aclaraciones-licitacion-17.pdf\" target=\"_blank\" rel=\"noopener noreferrer\"><i class=\"fa fa-file-pdf-o\"><\/i> Documento de Visita y Junta de Aclaraciones Licitaci\u00f3n 17<\/a><\/li>\n<\/ul>\n<p>Acta de presentaci\u00f3n y apertura de propuestas<\/p>\n<ul>\n<li><a href=\"http:\/\/www.tamaulipas.gob.mx\/obraspublicas\/wp-content\/uploads\/sites\/9\/2017\/09\/acta-de-apertura-de-proposiciones-n16.pdf\" target=\"_blank\" rel=\"noopener noreferrer\"><i class=\"fa fa-file-pdf-o\"><\/i> Documento de Acta de presentaci\u00f3n y apertura de propuestas Licitaci\u00f3n 16<\/a><\/li>\n<li><a href=\"http:\/\/www.tamaulipas.gob.mx\/obraspublicas\/wp-content\/uploads\/sites\/9\/2017\/09\/acta-de-apertura-de-proposiciones-n17.pdf\" target=\"_blank\" rel=\"noopener noreferrer\"><i class=\"fa fa-file-pdf-o\"><\/i> Documento de Acta de presentaci\u00f3n y apertura de propuestas Licitaci\u00f3n 17<\/a><\/li>\n<\/ul>\n<p>Acta de Fallo<\/p>\n<ul>\n<li><a href=\"http:\/\/www.tamaulipas.gob.mx\/obraspublicas\/wp-content\/uploads\/sites\/9\/2017\/09\/oficio-de-diferimiento-de-fallo-n16.pdf\" target=\"_blank\" rel=\"noopener noreferrer\"><i class=\"fa fa-file-pdf-o\"><\/i> Oficio 1 de Diferimiento de fallo Licitaci\u00f3n 16<\/a><\/li>\n<li><a href=\"http:\/\/www.tamaulipas.gob.mx\/obraspublicas\/wp-content\/uploads\/sites\/9\/2017\/09\/acta-de-fallo-n16.pdf\" target=\"_blank\" rel=\"noopener noreferrer\"><i class=\"fa fa-file-pdf-o\"><\/i> Documento de Acta de fallo Licitaci\u00f3n 16<\/a><\/li>\n<li><a href=\"http:\/\/www.tamaulipas.gob.mx\/obraspublicas\/wp-content\/uploads\/sites\/9\/2017\/09\/oficio-de-diferimiento-de-fallo-n17.pdf\" target=\"_blank\" rel=\"noopener noreferrer\"><i class=\"fa fa-file-pdf-o\"><\/i> Oficio 1 de Diferimiento de fallo Licitaci\u00f3n 17<\/a><\/li>\n<li><a href=\"http:\/\/www.tamaulipas.gob.mx\/obraspublicas\/wp-content\/uploads\/sites\/9\/2017\/09\/oficio-2-de-diferimiento-de-fallo-n17.pdf\" target=\"_blank\" rel=\"noopener noreferrer\"><i class=\"fa fa-file-pdf-o\"><\/i> Oficio 2 de Diferimiento de fallo Licitaci\u00f3n 17<\/a><\/li>\n<li><a href=\"http:\/\/www.tamaulipas.gob.mx\/obraspublicas\/wp-content\/uploads\/sites\/9\/2017\/09\/acta-de-fallo-n17.pdf\" target=\"_blank\" rel=\"noopener noreferrer\"><i class=\"fa fa-file-pdf-o\"><\/i> Documento de Acta de fallo Licitaci\u00f3n 17<\/a><\/li>\n<\/ul>\n","protected":false},"excerpt":{"rendered":"<p>Las obras est\u00e1n ubicadas en el municipio de Reynosa, Tam. Se convoca a los interesados en participar en las Licitaciones de car\u00e1cter Nacional para la\u2026<\/p>\n","protected":false},"author":48,"featured_media":0,"parent":8604,"menu_order":0,"comment_status":"closed","ping_status":"closed","template":"","meta":{"footnotes":""},"class_list":["post-506","page","type-page","status-publish","hentry"],"publishpress_future_action":{"enabled":false,"date":"2026-05-15 12:45:15","action":"change-status","newStatus":"draft","terms":[],"taxonomy":""},"_links":{"self":[{"href":"https:\/\/www.tamaulipas.gob.mx\/obraspublicas\/wp-json\/wp\/v2\/pages\/506"}],"collection":[{"href":"https:\/\/www.tamaulipas.gob.mx\/obraspublicas\/wp-json\/wp\/v2\/pages"}],"about":[{"href":"https:\/\/www.tamaulipas.gob.mx\/obraspublicas\/wp-json\/wp\/v2\/types\/page"}],"author":[{"embeddable":true,"href":"https:\/\/www.tamaulipas.gob.mx\/obraspublicas\/wp-json\/wp\/v2\/users\/48"}],"replies":[{"embeddable":true,"href":"https:\/\/www.tamaulipas.gob.mx\/obraspublicas\/wp-json\/wp\/v2\/comments?post=506"}],"version-history":[{"count":12,"href":"https:\/\/www.tamaulipas.gob.mx\/obraspublicas\/wp-json\/wp\/v2\/pages\/506\/revisions"}],"predecessor-version":[{"id":5388,"href":"https:\/\/www.tamaulipas.gob.mx\/obraspublicas\/wp-json\/wp\/v2\/pages\/506\/revisions\/5388"}],"up":[{"embeddable":true,"href":"https:\/\/www.tamaulipas.gob.mx\/obraspublicas\/wp-json\/wp\/v2\/pages\/8604"}],"wp:attachment":[{"href":"https:\/\/www.tamaulipas.gob.mx\/obraspublicas\/wp-json\/wp\/v2\/media?parent=506"}],"curies":[{"name":"wp","href":"https:\/\/api.w.org\/{rel}","templated":true}]}}