{"id":3956,"date":"2019-11-12T13:45:03","date_gmt":"2019-11-12T19:45:03","guid":{"rendered":"https:\/\/www.tamaulipas.gob.mx\/obraspublicas\/?page_id=3956"},"modified":"2022-11-18T11:05:37","modified_gmt":"2022-11-18T17:05:37","slug":"licitacion-lpe-itife-n24-2019","status":"publish","type":"page","link":"https:\/\/www.tamaulipas.gob.mx\/obraspublicas\/licitaciones-concluidas\/licitacion-lpe-itife-n24-2019\/","title":{"rendered":"Licitaci\u00f3n LPE-ITIFE-N24-2019"},"content":{"rendered":"<p>La obra est\u00e1 ubicada en el municipio de <strong>Mante, Tamaulipas.<\/strong><\/p>\n<p style=\"text-align: justify;\">Se convoca a los interesados en participar en la Licitaci\u00f3n de car\u00e1cter Nacional para la contrataci\u00f3n de <strong>LPE-ITIFE-N24-2019 <\/strong>para la contrataci\u00f3n relativa a <strong>\u201cCONSTRUCCI\u00d3N Y REHABILITACI\u00d3N EN: PRIM. JUANA DE ASBAJE (CLAVE: 28DPR2498N); CBTIS No.15 (CLAVE: 28DCT0040O); COLEGIO DE BACHILLERES No. 03 (CLAVE: 28ECV0003U); PRIMARIA MARGARITA MAZA DE JU\u00c1REZ (CLAVE: 28DPR0500Y); J.\u00a0 DE N. ALBERTO EINSTEIN (CLAVE: 28DJN0732Y); PRIM.\u00a0 LIC. ADOLFO L\u00d3PEZ MATEOS (CLAVE: 28DPR0941U); PRIM.\u00a0 HERMANOS V\u00c1ZQUEZ G\u00d3MEZ (CLAVE: 8DPR0507R); PRIM. ENRIQUE RODR\u00cdGUEZ CANO (CLAVE: 28DPR0508Q); SEC. TEC. No. 7 DR. PEDRO MART\u00cdNEZ NORIEGA (CLAVE: 28DTS0007H); PRIM.\u00a0 LIC. RICARDO J. ZEVADA (CLAVE: 28DPR0526F); PRIM.\u00a0 MIGUEL HIDALGO (CLAVE: 28DPR0501X); PRIM. FELIPE CARILLO PUERTO (CLAVE: 28DPR0521K); PRIM. NETZAHUALC\u00d3YOTL (CLAVE: 28DPR2184N); J. DE N. NARCISO MENDOZA (CLAVE: 28DJN0386F) Y PRIM. AQUILES SERD\u00c1N (CLAVE: 28DPR0448S) EN MANTE, TAM.<\/strong><strong>\u201d<\/strong><\/p>\n<p>Descarga aqu\u00ed la Convocatoria y sus\u00a0Bases:<\/p>\n<ul>\n<li><i class=\"fa fa-file-pdf-o\"><\/i> Convocatoria 022<\/li>\n<li><i class=\"fa fa-file-zip-o\"><\/i> Bases para Licitaci\u00f3n N24<\/li>\n<\/ul>\n<p>Visita y junta de Aclaraciones<\/p>\n<ul>\n<li><i class=\"fa fa-file-pdf-o\"><\/i> Documento de Visita y Junta de Aclaraciones N24<\/li>\n<\/ul>\n<p>Acta de presentaci\u00f3n y apertura de propuestas<\/p>\n<ul>\n<li><i class=\"fa fa-file-pdf-o\"><\/i> Documento de Acta de presentaci\u00f3n y apertura de propuestas N24<\/li>\n<\/ul>\n<p>Acta de Fallo<\/p>\n<ul>\n<li><i class=\"fa fa-file-pdf-o\"><\/i> Documento de Acta de fallo N24<\/li>\n<\/ul>\n","protected":false},"excerpt":{"rendered":"<p>La obra est\u00e1 ubicada en el municipio de Mante, Tamaulipas. Se convoca a los interesados en participar en la Licitaci\u00f3n de car\u00e1cter Nacional para la\u2026<\/p>\n","protected":false},"author":48,"featured_media":0,"parent":8604,"menu_order":0,"comment_status":"closed","ping_status":"closed","template":"","meta":{"footnotes":""},"class_list":["post-3956","page","type-page","status-publish","hentry"],"publishpress_future_action":{"enabled":false,"date":"2026-05-15 12:43:15","action":"change-status","newStatus":"draft","terms":[],"taxonomy":""},"_links":{"self":[{"href":"https:\/\/www.tamaulipas.gob.mx\/obraspublicas\/wp-json\/wp\/v2\/pages\/3956"}],"collection":[{"href":"https:\/\/www.tamaulipas.gob.mx\/obraspublicas\/wp-json\/wp\/v2\/pages"}],"about":[{"href":"https:\/\/www.tamaulipas.gob.mx\/obraspublicas\/wp-json\/wp\/v2\/types\/page"}],"author":[{"embeddable":true,"href":"https:\/\/www.tamaulipas.gob.mx\/obraspublicas\/wp-json\/wp\/v2\/users\/48"}],"replies":[{"embeddable":true,"href":"https:\/\/www.tamaulipas.gob.mx\/obraspublicas\/wp-json\/wp\/v2\/comments?post=3956"}],"version-history":[{"count":5,"href":"https:\/\/www.tamaulipas.gob.mx\/obraspublicas\/wp-json\/wp\/v2\/pages\/3956\/revisions"}],"predecessor-version":[{"id":5238,"href":"https:\/\/www.tamaulipas.gob.mx\/obraspublicas\/wp-json\/wp\/v2\/pages\/3956\/revisions\/5238"}],"up":[{"embeddable":true,"href":"https:\/\/www.tamaulipas.gob.mx\/obraspublicas\/wp-json\/wp\/v2\/pages\/8604"}],"wp:attachment":[{"href":"https:\/\/www.tamaulipas.gob.mx\/obraspublicas\/wp-json\/wp\/v2\/media?parent=3956"}],"curies":[{"name":"wp","href":"https:\/\/api.w.org\/{rel}","templated":true}]}}