{"id":3682,"date":"2019-10-03T12:41:59","date_gmt":"2019-10-03T17:41:59","guid":{"rendered":"https:\/\/www.tamaulipas.gob.mx\/obraspublicas\/?page_id=3682"},"modified":"2022-11-18T10:33:32","modified_gmt":"2022-11-18T16:33:32","slug":"licitaciones-lpe-itife-n15-2019-y-lpe-itife-n16-2019","status":"publish","type":"page","link":"https:\/\/www.tamaulipas.gob.mx\/obraspublicas\/licitaciones-concluidas\/licitaciones-lpe-itife-n15-2019-y-lpe-itife-n16-2019\/","title":{"rendered":"Licitaciones LPE-ITIFE-N15-2019 y LPE-ITIFE-N16-2019"},"content":{"rendered":"<p>La obra est\u00e1 ubicada en el municipio de <strong>Matamoros y Valle Hermoso, Tamaulipas.<\/strong><\/p>\n<p style=\"text-align: justify;\">Se convoca a los interesados en participar en las Licitaciones de car\u00e1cter Nacional para la contrataci\u00f3n de <strong>LPE-ITIFE-N15-2019 y <\/strong>\u00a0<strong>LPE-ITIFE-N16-2019 <\/strong>para la contrataci\u00f3n relativa a <strong>\u201cCONSTRUCCI\u00d3N Y REHABILITACI\u00d3N EN: J. DE N. EJIDO LA LUZ (CLAVE: 28DJN0418H); J. DE N. VALENT\u00cdN CONTRERAS FLORES (CLAVE: 28DJN0840F); J. DE N. GABRIELA MISTRAL (CLAVE: 28DJN0904Z); J. DE N. PROFRA. ADA H. SILLER FLORES (CLAVE: 28DJN0969J); PRIM. JES\u00daS R GUERRA C\u00c1RDENAS (CLAVE: 28DPR0531R); PRIM. JUSTO SIERRA (CLAVE: 28DPR0606R); PRIM. CUAUHT\u00c9MOC (CLAVE: 28DPR0632P); PRIM. TAMAULIPAS (CLAVE: 28DPR0636L); PRIM. JOS\u00c9 ARRESE (CLAVE: 28DPR0493E) EN MATAMOROS Y PRIM.\u00a0 JUSTO SIERRA (CLAVE: 28DPR0511D) EN VALLE HERMOSO, TAM.<\/strong><strong>\u201d y \u201cCONSTRUCCI\u00d3N Y REHABILITACI\u00d3N EN: J. DE N. ALFONSO GUEVARA CASANOVA (CLAVE:28DNJN0236Z); PRIM. PROF. MIGUEL SAENZ GONZ\u00c1LEZ (CLAVE: 28DPR0479L); PRIM. GRAL L\u00c1ZARO C\u00c1RDENAS (CLAVE: 28DPR0634N); PRIM. LAURO VILLAR (CLAVE: 28DPR2111V); PRIM. CAROLINA SOSA GONZ\u00c1LEZ (CLAVE: 28DPR2333E); PRIM. NUEVA CREACI\u00d3N (CLAVE:28DPR2497O) EN MATAMOROS TAM.\u201d<\/strong><\/p>\n<p>Descarga aqu\u00ed la Convocatoria y sus\u00a0Bases:<\/p>\n<ul>\n<li><i class=\"fa fa-file-pdf-o\"><\/i> Convocatoria 015<\/li>\n<li><i class=\"fa fa-file-zip-o\"><\/i> Bases para Licitaci\u00f3n N15<\/li>\n<li><i class=\"fa fa-file-zip-o\"><\/i> Bases para Licitaci\u00f3n N16<\/li>\n<\/ul>\n<p>Visita y junta de Aclaraciones<\/p>\n<ul>\n<li><i class=\"fa fa-file-pdf-o\"><\/i> Documento de Visita y Junta de Aclaraciones N15<\/li>\n<li><i class=\"fa fa-file-pdf-o\"><\/i> Documento de Visita y Junta de Aclaraciones N16<\/li>\n<\/ul>\n<p>Acta de presentaci\u00f3n y apertura de propuestas<\/p>\n<ul>\n<li><i class=\"fa fa-file-pdf-o\"><\/i> Documento de Acta de presentaci\u00f3n y apertura de propuestas N15<\/li>\n<li><i class=\"fa fa-file-pdf-o\"><\/i> Documento de Acta de presentaci\u00f3n y apertura de propuestas N16<\/li>\n<\/ul>\n<p>Acta de Fallo<\/p>\n<ul>\n<li><i class=\"fa fa-file-pdf-o\"><\/i> Documento de Oficio de Diferimiento de fallo N15<\/li>\n<li><i class=\"fa fa-file-pdf-o\"><\/i> Documento de Acta de fallo N15<\/li>\n<li><i class=\"fa fa-file-pdf-o\"><\/i> Documento de Acta de fallo N16<\/li>\n<\/ul>\n","protected":false},"excerpt":{"rendered":"<p>La obra est\u00e1 ubicada en el municipio de Matamoros y Valle Hermoso, Tamaulipas. Se convoca a los interesados en participar en las Licitaciones de car\u00e1cter\u2026<\/p>\n","protected":false},"author":48,"featured_media":0,"parent":8604,"menu_order":0,"comment_status":"closed","ping_status":"closed","template":"","meta":{"footnotes":""},"class_list":["post-3682","page","type-page","status-publish","hentry"],"publishpress_future_action":{"enabled":false,"date":"2026-05-15 12:51:41","action":"change-status","newStatus":"draft","terms":[],"taxonomy":""},"_links":{"self":[{"href":"https:\/\/www.tamaulipas.gob.mx\/obraspublicas\/wp-json\/wp\/v2\/pages\/3682"}],"collection":[{"href":"https:\/\/www.tamaulipas.gob.mx\/obraspublicas\/wp-json\/wp\/v2\/pages"}],"about":[{"href":"https:\/\/www.tamaulipas.gob.mx\/obraspublicas\/wp-json\/wp\/v2\/types\/page"}],"author":[{"embeddable":true,"href":"https:\/\/www.tamaulipas.gob.mx\/obraspublicas\/wp-json\/wp\/v2\/users\/48"}],"replies":[{"embeddable":true,"href":"https:\/\/www.tamaulipas.gob.mx\/obraspublicas\/wp-json\/wp\/v2\/comments?post=3682"}],"version-history":[{"count":10,"href":"https:\/\/www.tamaulipas.gob.mx\/obraspublicas\/wp-json\/wp\/v2\/pages\/3682\/revisions"}],"predecessor-version":[{"id":5419,"href":"https:\/\/www.tamaulipas.gob.mx\/obraspublicas\/wp-json\/wp\/v2\/pages\/3682\/revisions\/5419"}],"up":[{"embeddable":true,"href":"https:\/\/www.tamaulipas.gob.mx\/obraspublicas\/wp-json\/wp\/v2\/pages\/8604"}],"wp:attachment":[{"href":"https:\/\/www.tamaulipas.gob.mx\/obraspublicas\/wp-json\/wp\/v2\/media?parent=3682"}],"curies":[{"name":"wp","href":"https:\/\/api.w.org\/{rel}","templated":true}]}}