{"id":3674,"date":"2019-10-03T12:35:20","date_gmt":"2019-10-03T17:35:20","guid":{"rendered":"https:\/\/www.tamaulipas.gob.mx\/obraspublicas\/?page_id=3674"},"modified":"2022-11-18T11:05:37","modified_gmt":"2022-11-18T17:05:37","slug":"licitacion-lpe-itife-n14-2019","status":"publish","type":"page","link":"https:\/\/www.tamaulipas.gob.mx\/obraspublicas\/licitaciones-concluidas\/licitacion-lpe-itife-n14-2019\/","title":{"rendered":"Licitaci\u00f3n LPE-ITIFE-N14-2019"},"content":{"rendered":"<p>Las obras est\u00e1n ubicadas en los municipios de <strong>Hidalgo y Victoria, Tamaulipas.<\/strong><\/p>\n<p>Se convoca a los interesados en participar en la Licitaci\u00f3n de car\u00e1cter Nacional para la contrataci\u00f3n de <strong>LPE-ITIFE-N14-2019 <\/strong>para la contrataci\u00f3n relativa a <strong>\u201cCONSTRUCCI\u00d3N Y REHABILITACI\u00d3N EN: SEC. TEC. No.24 JOS\u00c9 MART\u00cdNEZ G\u00d3MEZ (28DST0024Y) EN HIDALGO; PRIM. LUDIVINA BENAVIDES PE\u00d1A (CLAVE:28DPR2180R) EN CD. VICTORIA, TAM.<\/strong><strong>\u201d<\/strong><\/p>\n<p>Descarga aqu\u00ed la Convocatoria y sus\u00a0Bases:<\/p>\n<ul>\n<li><i class=\"fa fa-file-pdf-o\"><\/i> Convocatoria 014<\/li>\n<li><i class=\"fa fa-file-zip-o\"><\/i> Bases para Licitaci\u00f3n N14<\/li>\n<\/ul>\n<p>Visita y junta de Aclaraciones<\/p>\n<ul>\n<li><i class=\"fa fa-file-pdf-o\"><\/i> Documento de Visita y Junta de Aclaraciones N14<\/li>\n<\/ul>\n<p>Acta de presentaci\u00f3n y apertura de propuestas<\/p>\n<ul>\n<li><i class=\"fa fa-file-pdf-o\"><\/i> Documento de Acta de presentaci\u00f3n y apertura de propuestas N14<\/li>\n<\/ul>\n<p>Acta de Fallo<\/p>\n<ul>\n<li><i class=\"fa fa-file-pdf-o\"><\/i> Documento de Acta de fallo N14<\/li>\n<\/ul>\n","protected":false},"excerpt":{"rendered":"<p>Las obras est\u00e1n ubicadas en los municipios de Hidalgo y Victoria, Tamaulipas. Se convoca a los interesados en participar en la Licitaci\u00f3n de car\u00e1cter Nacional\u2026<\/p>\n","protected":false},"author":48,"featured_media":0,"parent":8604,"menu_order":0,"comment_status":"closed","ping_status":"closed","template":"","meta":{"footnotes":""},"class_list":["post-3674","page","type-page","status-publish","hentry"],"publishpress_future_action":{"enabled":false,"date":"2026-05-15 12:44:14","action":"change-status","newStatus":"draft","terms":[],"taxonomy":""},"_links":{"self":[{"href":"https:\/\/www.tamaulipas.gob.mx\/obraspublicas\/wp-json\/wp\/v2\/pages\/3674"}],"collection":[{"href":"https:\/\/www.tamaulipas.gob.mx\/obraspublicas\/wp-json\/wp\/v2\/pages"}],"about":[{"href":"https:\/\/www.tamaulipas.gob.mx\/obraspublicas\/wp-json\/wp\/v2\/types\/page"}],"author":[{"embeddable":true,"href":"https:\/\/www.tamaulipas.gob.mx\/obraspublicas\/wp-json\/wp\/v2\/users\/48"}],"replies":[{"embeddable":true,"href":"https:\/\/www.tamaulipas.gob.mx\/obraspublicas\/wp-json\/wp\/v2\/comments?post=3674"}],"version-history":[{"count":5,"href":"https:\/\/www.tamaulipas.gob.mx\/obraspublicas\/wp-json\/wp\/v2\/pages\/3674\/revisions"}],"predecessor-version":[{"id":5243,"href":"https:\/\/www.tamaulipas.gob.mx\/obraspublicas\/wp-json\/wp\/v2\/pages\/3674\/revisions\/5243"}],"up":[{"embeddable":true,"href":"https:\/\/www.tamaulipas.gob.mx\/obraspublicas\/wp-json\/wp\/v2\/pages\/8604"}],"wp:attachment":[{"href":"https:\/\/www.tamaulipas.gob.mx\/obraspublicas\/wp-json\/wp\/v2\/media?parent=3674"}],"curies":[{"name":"wp","href":"https:\/\/api.w.org\/{rel}","templated":true}]}}