{"id":3231,"date":"2019-07-09T16:18:58","date_gmt":"2019-07-09T21:18:58","guid":{"rendered":"https:\/\/www.tamaulipas.gob.mx\/obraspublicas\/?page_id=3231"},"modified":"2022-11-18T11:05:40","modified_gmt":"2022-11-18T17:05:40","slug":"licitacion-lpe-n21-2019","status":"publish","type":"page","link":"https:\/\/www.tamaulipas.gob.mx\/obraspublicas\/licitaciones-concluidas\/licitacion-lpe-n21-2019\/","title":{"rendered":"Licitaci\u00f3n LPE-N21-2019"},"content":{"rendered":"<p>La obra esta ubicada en el <strong>Estado de Tamaulipas<\/strong><strong>, Tamaulipas.<\/strong><\/p>\n<p>Se convoca a los interesados en participar en la Licitaci\u00f3n de car\u00e1cter Nacional para la contrataci\u00f3n de <strong>LPE-N21-2019, para la contrataci\u00f3n relativa a: \u201cSupervisi\u00f3n de diversas obras en el estado de Tamaulipas (Programa 2019)\u201d<\/strong><\/p>\n<p>Descarga aqu\u00ed la Convocatoria y sus\u00a0Bases:<\/p>\n<ul>\n<li><i class=\"fa fa-file-pdf-o\"><\/i> Convocatoria 021<\/li>\n<li><i class=\"fa fa-file-zip-o\"><\/i> Bases para Licitaci\u00f3n N21<\/li>\n<\/ul>\n<p>Visita y junta de Aclaraciones<\/p>\n<ul>\n<li><i class=\"fa fa-file-pdf-o\"><\/i> Documento de Visita y Junta de Aclaraciones N21<\/li>\n<\/ul>\n<p>Acta de presentaci\u00f3n y apertura de propuestas<\/p>\n<ul>\n<li><i class=\"fa fa-file-pdf-o\"><\/i> Documento de Acta de presentaci\u00f3n y apertura de propuestas N21<\/li>\n<\/ul>\n<p>Acta de Fallo<\/p>\n<ul>\n<li><i class=\"fa fa-file-pdf-o\"><\/i> Documento de Acta de fallo N21<\/li>\n<\/ul>\n","protected":false},"excerpt":{"rendered":"<p>La obra esta ubicada en el Estado de Tamaulipas, Tamaulipas. Se convoca a los interesados en participar en la Licitaci\u00f3n de car\u00e1cter Nacional para la\u2026<\/p>\n","protected":false},"author":48,"featured_media":0,"parent":8604,"menu_order":0,"comment_status":"closed","ping_status":"closed","template":"","meta":{"footnotes":""},"class_list":["post-3231","page","type-page","status-publish","hentry"],"publishpress_future_action":{"enabled":false,"date":"2026-05-15 12:43:36","action":"change-status","newStatus":"draft","terms":[],"taxonomy":""},"_links":{"self":[{"href":"https:\/\/www.tamaulipas.gob.mx\/obraspublicas\/wp-json\/wp\/v2\/pages\/3231"}],"collection":[{"href":"https:\/\/www.tamaulipas.gob.mx\/obraspublicas\/wp-json\/wp\/v2\/pages"}],"about":[{"href":"https:\/\/www.tamaulipas.gob.mx\/obraspublicas\/wp-json\/wp\/v2\/types\/page"}],"author":[{"embeddable":true,"href":"https:\/\/www.tamaulipas.gob.mx\/obraspublicas\/wp-json\/wp\/v2\/users\/48"}],"replies":[{"embeddable":true,"href":"https:\/\/www.tamaulipas.gob.mx\/obraspublicas\/wp-json\/wp\/v2\/comments?post=3231"}],"version-history":[{"count":5,"href":"https:\/\/www.tamaulipas.gob.mx\/obraspublicas\/wp-json\/wp\/v2\/pages\/3231\/revisions"}],"predecessor-version":[{"id":5270,"href":"https:\/\/www.tamaulipas.gob.mx\/obraspublicas\/wp-json\/wp\/v2\/pages\/3231\/revisions\/5270"}],"up":[{"embeddable":true,"href":"https:\/\/www.tamaulipas.gob.mx\/obraspublicas\/wp-json\/wp\/v2\/pages\/8604"}],"wp:attachment":[{"href":"https:\/\/www.tamaulipas.gob.mx\/obraspublicas\/wp-json\/wp\/v2\/media?parent=3231"}],"curies":[{"name":"wp","href":"https:\/\/api.w.org\/{rel}","templated":true}]}}