{"id":317,"date":"2017-04-20T08:33:56","date_gmt":"2017-04-20T13:33:56","guid":{"rendered":"http:\/\/www.tamaulipas.gob.mx\/obraspublicas\/?page_id=317"},"modified":"2023-05-12T14:51:10","modified_gmt":"2023-05-12T20:51:10","slug":"planeacion","status":"publish","type":"page","link":"https:\/\/www.tamaulipas.gob.mx\/obraspublicas\/planeacion\/","title":{"rendered":"Subsecretar\u00eda de Planeaci\u00f3n"},"content":{"rendered":"<p><span style=\"font-weight: 400;\">Genera los planes y programas de estudios, proyectos y obras, en coordinaci\u00f3n con dependencias federales, estatales y municipales, organismos gubernamentales y las entidades del sector privado. Genera el Plan Anual de Obra P\u00fablica y Servicios Relacionados con las mismas, y sugiere y opera mecanismos de coordinaci\u00f3n y consulta para la realizaci\u00f3n de obras de impacto.<\/span><\/p>\n","protected":false},"excerpt":{"rendered":"<p>Genera los planes y programas de estudios, proyectos y obras, en coordinaci\u00f3n con dependencias federales, estatales y municipales, organismos gubernamentales y las entidades del sector\u2026<\/p>\n","protected":false},"author":1,"featured_media":0,"parent":0,"menu_order":0,"comment_status":"closed","ping_status":"closed","template":"","meta":{"footnotes":""},"class_list":["post-317","page","type-page","status-publish","hentry"],"publishpress_future_action":{"enabled":false,"date":"2026-05-15 11:43:44","action":"change-status","newStatus":"draft","terms":[],"taxonomy":""},"_links":{"self":[{"href":"https:\/\/www.tamaulipas.gob.mx\/obraspublicas\/wp-json\/wp\/v2\/pages\/317"}],"collection":[{"href":"https:\/\/www.tamaulipas.gob.mx\/obraspublicas\/wp-json\/wp\/v2\/pages"}],"about":[{"href":"https:\/\/www.tamaulipas.gob.mx\/obraspublicas\/wp-json\/wp\/v2\/types\/page"}],"author":[{"embeddable":true,"href":"https:\/\/www.tamaulipas.gob.mx\/obraspublicas\/wp-json\/wp\/v2\/users\/1"}],"replies":[{"embeddable":true,"href":"https:\/\/www.tamaulipas.gob.mx\/obraspublicas\/wp-json\/wp\/v2\/comments?post=317"}],"version-history":[{"count":9,"href":"https:\/\/www.tamaulipas.gob.mx\/obraspublicas\/wp-json\/wp\/v2\/pages\/317\/revisions"}],"predecessor-version":[{"id":8994,"href":"https:\/\/www.tamaulipas.gob.mx\/obraspublicas\/wp-json\/wp\/v2\/pages\/317\/revisions\/8994"}],"wp:attachment":[{"href":"https:\/\/www.tamaulipas.gob.mx\/obraspublicas\/wp-json\/wp\/v2\/media?parent=317"}],"curies":[{"name":"wp","href":"https:\/\/api.w.org\/{rel}","templated":true}]}}