{"id":315,"date":"2017-04-20T08:32:04","date_gmt":"2017-04-20T13:32:04","guid":{"rendered":"http:\/\/www.tamaulipas.gob.mx\/obraspublicas\/?page_id=315"},"modified":"2023-05-12T14:51:54","modified_gmt":"2023-05-12T20:51:54","slug":"proyectosylicitaciones","status":"publish","type":"page","link":"https:\/\/www.tamaulipas.gob.mx\/obraspublicas\/proyectosylicitaciones\/","title":{"rendered":"Subsecretar\u00eda de Proyectos y Licitaciones"},"content":{"rendered":"<p><span style=\"font-weight: 400;\">Entre otras atribuciones la subsecretar\u00eda de Proyectos y Licitaciones participa en la elaboraci\u00f3n del programa anual de contrataci\u00f3n de las obras p\u00fablicas y servicios relacionados con las mismas, a contratar y ejecutar por la Secretar\u00eda, as\u00ed como de las solicitudes autorizadas de otras dependencias o entidades de la administraci\u00f3n p\u00fablica del Estado, en el \u00e1mbito de su competencia y coordina acciones para el cumplimiento de estos programas.<\/span><\/p>\n<p><span style=\"font-weight: 400;\">Coordina, invita y contrata obras y servicios relacionados, a ejecutar por parte del gobierno del Estado, en el \u00e1mbito de su competencia.\u00a0<\/span><\/p>\n<p><span style=\"font-weight: 400;\">Suscribe contratos y convenios de obras y servicios relacionados con personas f\u00edsicas y morales.<\/span><\/p>\n","protected":false},"excerpt":{"rendered":"<p>Entre otras atribuciones la subsecretar\u00eda de Proyectos y Licitaciones participa en la elaboraci\u00f3n del programa anual de contrataci\u00f3n de las obras p\u00fablicas y servicios relacionados\u2026<\/p>\n","protected":false},"author":1,"featured_media":0,"parent":0,"menu_order":0,"comment_status":"closed","ping_status":"closed","template":"","meta":{"footnotes":""},"class_list":["post-315","page","type-page","status-publish","hentry"],"publishpress_future_action":{"enabled":false,"date":"2026-05-15 11:43:43","action":"change-status","newStatus":"draft","terms":[],"taxonomy":""},"_links":{"self":[{"href":"https:\/\/www.tamaulipas.gob.mx\/obraspublicas\/wp-json\/wp\/v2\/pages\/315"}],"collection":[{"href":"https:\/\/www.tamaulipas.gob.mx\/obraspublicas\/wp-json\/wp\/v2\/pages"}],"about":[{"href":"https:\/\/www.tamaulipas.gob.mx\/obraspublicas\/wp-json\/wp\/v2\/types\/page"}],"author":[{"embeddable":true,"href":"https:\/\/www.tamaulipas.gob.mx\/obraspublicas\/wp-json\/wp\/v2\/users\/1"}],"replies":[{"embeddable":true,"href":"https:\/\/www.tamaulipas.gob.mx\/obraspublicas\/wp-json\/wp\/v2\/comments?post=315"}],"version-history":[{"count":4,"href":"https:\/\/www.tamaulipas.gob.mx\/obraspublicas\/wp-json\/wp\/v2\/pages\/315\/revisions"}],"predecessor-version":[{"id":8995,"href":"https:\/\/www.tamaulipas.gob.mx\/obraspublicas\/wp-json\/wp\/v2\/pages\/315\/revisions\/8995"}],"wp:attachment":[{"href":"https:\/\/www.tamaulipas.gob.mx\/obraspublicas\/wp-json\/wp\/v2\/media?parent=315"}],"curies":[{"name":"wp","href":"https:\/\/api.w.org\/{rel}","templated":true}]}}