{"id":3019,"date":"2019-05-29T16:20:30","date_gmt":"2019-05-29T21:20:30","guid":{"rendered":"https:\/\/www.tamaulipas.gob.mx\/obraspublicas\/?page_id=3019"},"modified":"2022-11-18T11:05:37","modified_gmt":"2022-11-18T17:05:37","slug":"licitacion-lpe-itife-n3-2019","status":"publish","type":"page","link":"https:\/\/www.tamaulipas.gob.mx\/obraspublicas\/licitaciones-concluidas\/licitacion-lpe-itife-n3-2019\/","title":{"rendered":"Licitaci\u00f3n LPE-ITIFE-N3-2019"},"content":{"rendered":"<p>La obra esta ubicada en el municipio de <strong>Hidalgo y Victoria, Tamaulipas.<\/strong><\/p>\n<p>Se convoca a los interesados en participar en la Licitaci\u00f3n de car\u00e1cter Nacional para la contrataci\u00f3n de <strong>LPE-ITIFE-N3-2019 <\/strong>para la contrataci\u00f3n relativa a:<strong> \u201cConstrucci\u00f3n en: Prim. Lic. Benito Ju\u00e1rez (clave:28DPR0358Z) en Hidalgo y Sec. Tec. No.1 \u00c1lvaro Obreg\u00f3n (clave:28DST0001N) en Cd. Victoria, Tam.\u201d<\/strong><\/p>\n<p>Descarga aqu\u00ed la Convocatoria y sus\u00a0Bases:<\/p>\n<ul>\n<li><i class=\"fa fa-file-pdf-o\"><\/i> Convocatoria 003<\/li>\n<li><i class=\"fa fa-file-zip-o\"><\/i> Bases para Licitaci\u00f3n N3<\/li>\n<\/ul>\n<p>Visita y junta de Aclaraciones<\/p>\n<ul>\n<li><i class=\"fa fa-file-pdf-o\"><\/i> Documento de Visita y Junta de Aclaraciones N3<\/li>\n<\/ul>\n<p>Acta de presentaci\u00f3n y apertura de propuestas<\/p>\n<ul>\n<li><i class=\"fa fa-file-pdf-o\"><\/i> Documento de Acta de presentaci\u00f3n y apertura de propuestas N3<\/li>\n<\/ul>\n<p>Acta de Fallo<\/p>\n<ul>\n<li><i class=\"fa fa-file-pdf-o\"><\/i> Documento de Acta de fallo N3<\/li>\n<\/ul>\n","protected":false},"excerpt":{"rendered":"<p>La obra esta ubicada en el municipio de Hidalgo y Victoria, Tamaulipas. Se convoca a los interesados en participar en la Licitaci\u00f3n de car\u00e1cter Nacional\u2026<\/p>\n","protected":false},"author":48,"featured_media":0,"parent":8604,"menu_order":0,"comment_status":"closed","ping_status":"closed","template":"","meta":{"footnotes":""},"class_list":["post-3019","page","type-page","status-publish","hentry"],"publishpress_future_action":{"enabled":false,"date":"2026-05-15 12:44:44","action":"change-status","newStatus":"draft","terms":[],"taxonomy":""},"_links":{"self":[{"href":"https:\/\/www.tamaulipas.gob.mx\/obraspublicas\/wp-json\/wp\/v2\/pages\/3019"}],"collection":[{"href":"https:\/\/www.tamaulipas.gob.mx\/obraspublicas\/wp-json\/wp\/v2\/pages"}],"about":[{"href":"https:\/\/www.tamaulipas.gob.mx\/obraspublicas\/wp-json\/wp\/v2\/types\/page"}],"author":[{"embeddable":true,"href":"https:\/\/www.tamaulipas.gob.mx\/obraspublicas\/wp-json\/wp\/v2\/users\/48"}],"replies":[{"embeddable":true,"href":"https:\/\/www.tamaulipas.gob.mx\/obraspublicas\/wp-json\/wp\/v2\/comments?post=3019"}],"version-history":[{"count":6,"href":"https:\/\/www.tamaulipas.gob.mx\/obraspublicas\/wp-json\/wp\/v2\/pages\/3019\/revisions"}],"predecessor-version":[{"id":5234,"href":"https:\/\/www.tamaulipas.gob.mx\/obraspublicas\/wp-json\/wp\/v2\/pages\/3019\/revisions\/5234"}],"up":[{"embeddable":true,"href":"https:\/\/www.tamaulipas.gob.mx\/obraspublicas\/wp-json\/wp\/v2\/pages\/8604"}],"wp:attachment":[{"href":"https:\/\/www.tamaulipas.gob.mx\/obraspublicas\/wp-json\/wp\/v2\/media?parent=3019"}],"curies":[{"name":"wp","href":"https:\/\/api.w.org\/{rel}","templated":true}]}}