{"id":2595,"date":"2018-11-27T09:32:54","date_gmt":"2018-11-27T15:32:54","guid":{"rendered":"https:\/\/www.tamaulipas.gob.mx\/obraspublicas\/?page_id=2595"},"modified":"2022-11-18T11:05:43","modified_gmt":"2022-11-18T17:05:43","slug":"licitacion-lpe-n85-2018","status":"publish","type":"page","link":"https:\/\/www.tamaulipas.gob.mx\/obraspublicas\/licitaciones-concluidas\/licitacion-lpe-n85-2018\/","title":{"rendered":"Licitaci\u00f3n LPE-N85-2018"},"content":{"rendered":"<p>La obra esta ubicada en varios municipios de <strong>\u00a0Tamaulipas.<\/strong><\/p>\n<p>Se convoca a los interesados en participar en la Licitaci\u00f3n de car\u00e1cter Nacional para la contrataci\u00f3n de <strong>LPE-N85-2018,<\/strong> <strong>\u201cElaboraci\u00f3n de proyecto ejecutivo para la modernizaci\u00f3n del entronque de la carretera Tampico-Ciudad Mante con la calle Laguna de Champay\u00e1n Norte \u00abMiralta\u00bb en el municipio de Altamira, Tamaulipas; Proyecto ejecutivo para la modernizaci\u00f3n del cruce en la carretera Tampico-Mante con C. Burton E. Grossman, con la construcci\u00f3n de un PSV, en Tampico, Tamaulipas; Proyecto ejecutivo para la modernizaci\u00f3n del boulevard de acceso a La Pesca en el tramo del km 48+700 al km 53+031.5, en Soto la Marina, Tamauilpas.\u201d<\/strong><\/p>\n<p>Descarga aqu\u00ed la Convocatoria y sus\u00a0Bases:<\/p>\n<ul>\n<li><a href=\"https:\/\/www.tamaulipas.gob.mx\/obraspublicas\/wp-content\/uploads\/sites\/9\/2018\/11\/convest-068-2018.pdf\" target=\"_blank\" rel=\"noopener noreferrer\"><i class=\"fa fa-file-pdf-o\"><\/i> Convocatoria 068<\/a><\/li>\n<li><a href=\"https:\/\/www.tamaulipas.gob.mx\/obraspublicas\/wp-content\/uploads\/sites\/9\/2018\/11\/bases-lpe-n85-18.zip\" target=\"_blank\" rel=\"noopener noreferrer\"><i class=\"fa fa-file-zip-o\"><\/i> Bases para Licitaci\u00f3n 85<\/a><\/li>\n<\/ul>\n<p>Visita y junta de Aclaraciones<\/p>\n<ul>\n<li><a href=\"https:\/\/www.tamaulipas.gob.mx\/obraspublicas\/wp-content\/uploads\/sites\/9\/2018\/12\/acta-de-visita-y-junta-de-aclaraciones-n85.pdf\" target=\"_blank\" rel=\"noopener noreferrer\"><i class=\"fa fa-file-pdf-o\"><\/i> Documento de Visita y Junta de Aclaraciones 85<\/a><\/li>\n<li><a href=\"https:\/\/www.tamaulipas.gob.mx\/obraspublicas\/wp-content\/uploads\/sites\/9\/2018\/12\/oficio-de-aclaraciones-n85.pdf\" target=\"_blank\" rel=\"noopener noreferrer\"><i class=\"fa fa-file-pdf-o\"><\/i> Documento de Oficio de Aclaraciones 85<\/a><\/li>\n<li><a href=\"https:\/\/www.tamaulipas.gob.mx\/obraspublicas\/wp-content\/uploads\/sites\/9\/2018\/12\/anexo-de-oficio-de-aclaraciones-n85.zip\" target=\"_blank\" rel=\"noopener noreferrer\"><i class=\"fa fa-file-pdf-o\"><\/i> Documento de Anexo de Oficio de Aclaraciones 85<\/a><\/li>\n<\/ul>\n<p>Acta de presentaci\u00f3n y apertura de propuestas<\/p>\n<ul>\n<li><a href=\"https:\/\/www.tamaulipas.gob.mx\/obraspublicas\/wp-content\/uploads\/sites\/9\/2018\/12\/acta-de-apertura-de-proposiciones-n85.pdf\" target=\"_blank\" rel=\"noopener noreferrer\"><i class=\"fa fa-file-pdf-o\"><\/i> Documento de Acta de presentaci\u00f3n y apertura de propuestas 85<\/a><\/li>\n<\/ul>\n<p>Acta de Fallo<\/p>\n<ul>\n<li><a href=\"https:\/\/www.tamaulipas.gob.mx\/obraspublicas\/wp-content\/uploads\/sites\/9\/2018\/12\/acta-de-fallo-n85.pdf\" target=\"_blank\" rel=\"noopener noreferrer\"><i class=\"fa fa-file-pdf-o\"><\/i> Documento de Acta de fallo 85<\/a><\/li>\n<\/ul>\n","protected":false},"excerpt":{"rendered":"<p>La obra esta ubicada en varios municipios de \u00a0Tamaulipas. Se convoca a los interesados en participar en la Licitaci\u00f3n de car\u00e1cter Nacional para la contrataci\u00f3n\u2026<\/p>\n","protected":false},"author":48,"featured_media":0,"parent":8604,"menu_order":0,"comment_status":"closed","ping_status":"closed","template":"","meta":{"footnotes":""},"class_list":["post-2595","page","type-page","status-publish","hentry"],"publishpress_future_action":{"enabled":false,"date":"2026-05-15 12:44:39","action":"change-status","newStatus":"draft","terms":[],"taxonomy":""},"_links":{"self":[{"href":"https:\/\/www.tamaulipas.gob.mx\/obraspublicas\/wp-json\/wp\/v2\/pages\/2595"}],"collection":[{"href":"https:\/\/www.tamaulipas.gob.mx\/obraspublicas\/wp-json\/wp\/v2\/pages"}],"about":[{"href":"https:\/\/www.tamaulipas.gob.mx\/obraspublicas\/wp-json\/wp\/v2\/types\/page"}],"author":[{"embeddable":true,"href":"https:\/\/www.tamaulipas.gob.mx\/obraspublicas\/wp-json\/wp\/v2\/users\/48"}],"replies":[{"embeddable":true,"href":"https:\/\/www.tamaulipas.gob.mx\/obraspublicas\/wp-json\/wp\/v2\/comments?post=2595"}],"version-history":[{"count":6,"href":"https:\/\/www.tamaulipas.gob.mx\/obraspublicas\/wp-json\/wp\/v2\/pages\/2595\/revisions"}],"predecessor-version":[{"id":5331,"href":"https:\/\/www.tamaulipas.gob.mx\/obraspublicas\/wp-json\/wp\/v2\/pages\/2595\/revisions\/5331"}],"up":[{"embeddable":true,"href":"https:\/\/www.tamaulipas.gob.mx\/obraspublicas\/wp-json\/wp\/v2\/pages\/8604"}],"wp:attachment":[{"href":"https:\/\/www.tamaulipas.gob.mx\/obraspublicas\/wp-json\/wp\/v2\/media?parent=2595"}],"curies":[{"name":"wp","href":"https:\/\/api.w.org\/{rel}","templated":true}]}}