{"id":256,"date":"2017-03-17T09:32:34","date_gmt":"2017-03-17T15:32:34","guid":{"rendered":"http:\/\/www.tamaulipas.gob.mx\/obraspublicas\/?page_id=256"},"modified":"2023-05-12T14:52:51","modified_gmt":"2023-05-12T20:52:51","slug":"vias-terrestres","status":"publish","type":"page","link":"https:\/\/www.tamaulipas.gob.mx\/obraspublicas\/vias-terrestres\/","title":{"rendered":"Subsecretar\u00eda de V\u00edas Terrestres"},"content":{"rendered":"<p><span style=\"font-weight: 400;\">Coordina el seguimiento de las obras inherentes con la construcci\u00f3n, modernizaci\u00f3n, conservaci\u00f3n y reconstrucci\u00f3n de la infraestructura carretera, caminos rurales y puentes en las distintas regiones del estado.<\/span><\/p>\n","protected":false},"excerpt":{"rendered":"<p>Coordina el seguimiento de las obras inherentes con la construcci\u00f3n, modernizaci\u00f3n, conservaci\u00f3n y reconstrucci\u00f3n de la infraestructura carretera, caminos rurales y puentes en las distintas\u2026<\/p>\n","protected":false},"author":7,"featured_media":0,"parent":0,"menu_order":0,"comment_status":"closed","ping_status":"closed","template":"","meta":{"footnotes":""},"class_list":["post-256","page","type-page","status-publish","hentry"],"publishpress_future_action":{"enabled":false,"date":"2026-05-15 11:43:44","action":"change-status","newStatus":"draft","terms":[],"taxonomy":""},"_links":{"self":[{"href":"https:\/\/www.tamaulipas.gob.mx\/obraspublicas\/wp-json\/wp\/v2\/pages\/256"}],"collection":[{"href":"https:\/\/www.tamaulipas.gob.mx\/obraspublicas\/wp-json\/wp\/v2\/pages"}],"about":[{"href":"https:\/\/www.tamaulipas.gob.mx\/obraspublicas\/wp-json\/wp\/v2\/types\/page"}],"author":[{"embeddable":true,"href":"https:\/\/www.tamaulipas.gob.mx\/obraspublicas\/wp-json\/wp\/v2\/users\/7"}],"replies":[{"embeddable":true,"href":"https:\/\/www.tamaulipas.gob.mx\/obraspublicas\/wp-json\/wp\/v2\/comments?post=256"}],"version-history":[{"count":7,"href":"https:\/\/www.tamaulipas.gob.mx\/obraspublicas\/wp-json\/wp\/v2\/pages\/256\/revisions"}],"predecessor-version":[{"id":8997,"href":"https:\/\/www.tamaulipas.gob.mx\/obraspublicas\/wp-json\/wp\/v2\/pages\/256\/revisions\/8997"}],"wp:attachment":[{"href":"https:\/\/www.tamaulipas.gob.mx\/obraspublicas\/wp-json\/wp\/v2\/media?parent=256"}],"curies":[{"name":"wp","href":"https:\/\/api.w.org\/{rel}","templated":true}]}}