{"id":2292,"date":"2018-10-31T09:03:41","date_gmt":"2018-10-31T15:03:41","guid":{"rendered":"https:\/\/www.tamaulipas.gob.mx\/obraspublicas\/?page_id=2292"},"modified":"2022-11-18T11:05:42","modified_gmt":"2022-11-18T17:05:42","slug":"licitacion-lpe-n72-2018","status":"publish","type":"page","link":"https:\/\/www.tamaulipas.gob.mx\/obraspublicas\/licitaciones-concluidas\/licitacion-lpe-n72-2018\/","title":{"rendered":"Licitaci\u00f3n LPE-N72-2018"},"content":{"rendered":"<p>La obra esta ubicada en el municipio de <strong>Xicot\u00e9ncatl<\/strong><strong>, Tamaulipas.<\/strong><\/p>\n<p>Se convoca a los interesados en participar en la Licitaci\u00f3n de car\u00e1cter Nacional para la contrataci\u00f3n de <strong>LPE-N72-2018, \u201cTerminaci\u00f3n de la construcci\u00f3n de puente peatonal colgante en Ejido Emiliano Zapata en Xicot\u00e9ncatl, Tamaulipas. Terminaci\u00f3n de la construcci\u00f3n de puente peatonal colgante sobre el r\u00edo Guayalejo en el Ejido La Presa, Xicot\u00e9ncatl, Tamaulipas.\u201d<\/strong><\/p>\n<p>Descarga aqu\u00ed la Convocatoria y sus\u00a0Bases:<\/p>\n<ul>\n<li><a href=\"https:\/\/www.tamaulipas.gob.mx\/obraspublicas\/wp-content\/uploads\/sites\/9\/2018\/10\/convest-055-2018.pdf\" target=\"_blank\" rel=\"noopener noreferrer\"><i class=\"fa fa-file-pdf-o\"><\/i> Convocatoria 55<\/a><\/li>\n<li><a href=\"https:\/\/www.tamaulipas.gob.mx\/obraspublicas\/wp-content\/uploads\/sites\/9\/2018\/10\/bases-lpe-n72-18.zip\" target=\"_blank\" rel=\"noopener noreferrer\"><i class=\"fa fa-file-zip-o\"><\/i> Bases para Licitaci\u00f3n 72<\/a><\/li>\n<\/ul>\n<p>Visita y junta de Aclaraciones<\/p>\n<ul>\n<li><a href=\"https:\/\/www.tamaulipas.gob.mx\/obraspublicas\/wp-content\/uploads\/sites\/9\/2018\/11\/acta-de-visita-y-junta-de-aclaraciones-n72.pdf\" target=\"_blank\" rel=\"noopener noreferrer\"><i class=\"fa fa-file-pdf-o\"><\/i> Documento de Visita y Junta de Aclaraciones 72<\/a><\/li>\n<li><a href=\"https:\/\/www.tamaulipas.gob.mx\/obraspublicas\/wp-content\/uploads\/sites\/9\/2018\/11\/oficio-de-aclaraciones-n1-1.pdf\" target=\"_blank\" rel=\"noopener noreferrer\"><i class=\"fa fa-file-pdf-o\"><\/i> Documento de Oficio de aclaraciones N1<\/a><\/li>\n<li><a href=\"https:\/\/www.tamaulipas.gob.mx\/obraspublicas\/wp-content\/uploads\/sites\/9\/2018\/11\/anexo-de-oficio-de-aclaraciones-n1.zip\" target=\"_blank\" rel=\"noopener noreferrer\"><i class=\"fa fa-file-pdf-o\"><\/i> Documento de Anexo de oficio aclaraciones N1<\/a><\/li>\n<\/ul>\n<p>Acta de presentaci\u00f3n y apertura de propuestas<\/p>\n<ul>\n<li><a href=\"https:\/\/www.tamaulipas.gob.mx\/obraspublicas\/wp-content\/uploads\/sites\/9\/2018\/11\/acta-de-apertura-de-proposiciones-n72.pdf\" target=\"_blank\" rel=\"noopener noreferrer\"><i class=\"fa fa-file-pdf-o\"><\/i> Documento de Acta de presentaci\u00f3n y apertura de propuestas 72<\/a><\/li>\n<\/ul>\n<p>Acta de Fallo<\/p>\n<ul>\n<li><a href=\"https:\/\/www.tamaulipas.gob.mx\/obraspublicas\/wp-content\/uploads\/sites\/9\/2018\/11\/oficio-de-diferimiento-de-fallo-n72.pdf\" target=\"_blank\" rel=\"noopener noreferrer\"><i class=\"fa fa-file-pdf-o\"><\/i> Documento de Oficio de Diferimiento de fallo 72<\/a><\/li>\n<li><a href=\"https:\/\/www.tamaulipas.gob.mx\/obraspublicas\/wp-content\/uploads\/sites\/9\/2018\/11\/acta-de-fallo-n72.pdf\" target=\"_blank\" rel=\"noopener noreferrer\"><i class=\"fa fa-file-pdf-o\"><\/i> Documento de Acta de fallo 72<\/a><\/li>\n<\/ul>\n","protected":false},"excerpt":{"rendered":"<p>La obra esta ubicada en el municipio de Xicot\u00e9ncatl, Tamaulipas. Se convoca a los interesados en participar en la Licitaci\u00f3n de car\u00e1cter Nacional para la\u2026<\/p>\n","protected":false},"author":48,"featured_media":0,"parent":8604,"menu_order":0,"comment_status":"closed","ping_status":"closed","template":"","meta":{"footnotes":""},"class_list":["post-2292","page","type-page","status-publish","hentry"],"publishpress_future_action":{"enabled":false,"date":"2026-05-15 12:43:16","action":"change-status","newStatus":"draft","terms":[],"taxonomy":""},"_links":{"self":[{"href":"https:\/\/www.tamaulipas.gob.mx\/obraspublicas\/wp-json\/wp\/v2\/pages\/2292"}],"collection":[{"href":"https:\/\/www.tamaulipas.gob.mx\/obraspublicas\/wp-json\/wp\/v2\/pages"}],"about":[{"href":"https:\/\/www.tamaulipas.gob.mx\/obraspublicas\/wp-json\/wp\/v2\/types\/page"}],"author":[{"embeddable":true,"href":"https:\/\/www.tamaulipas.gob.mx\/obraspublicas\/wp-json\/wp\/v2\/users\/48"}],"replies":[{"embeddable":true,"href":"https:\/\/www.tamaulipas.gob.mx\/obraspublicas\/wp-json\/wp\/v2\/comments?post=2292"}],"version-history":[{"count":8,"href":"https:\/\/www.tamaulipas.gob.mx\/obraspublicas\/wp-json\/wp\/v2\/pages\/2292\/revisions"}],"predecessor-version":[{"id":5345,"href":"https:\/\/www.tamaulipas.gob.mx\/obraspublicas\/wp-json\/wp\/v2\/pages\/2292\/revisions\/5345"}],"up":[{"embeddable":true,"href":"https:\/\/www.tamaulipas.gob.mx\/obraspublicas\/wp-json\/wp\/v2\/pages\/8604"}],"wp:attachment":[{"href":"https:\/\/www.tamaulipas.gob.mx\/obraspublicas\/wp-json\/wp\/v2\/media?parent=2292"}],"curies":[{"name":"wp","href":"https:\/\/api.w.org\/{rel}","templated":true}]}}